{"id":43832,"date":"2024-11-04T09:48:12","date_gmt":"2024-11-04T08:48:12","guid":{"rendered":"https:\/\/laura4u.aboama.com\/?post_type=product&#038;p=43832"},"modified":"2024-11-04T09:50:45","modified_gmt":"2024-11-04T08:50:45","slug":"mug-lpwt-2023-2024-copy-copy-copy","status":"publish","type":"product","link":"https:\/\/laura4u.aboama.com\/pt-br\/prodotto\/mug-lpwt-2023-2024-copy-copy-copy\/","title":{"rendered":"CARDIG\u00c3O"},"content":{"rendered":"<p>Calibre 12 &#8211; 49% algod\u00e3o &#8211; 49% acr\u00edlico &#8211; 2% poliamida. Cardig\u00e3 com decote em V com bot\u00f5es e mangas recortadas. Punhos e parte inferior da pe\u00e7a com elastano e bainha canelada 1&#215;1;\u2028 Carcela de bot\u00f5es tricot com 6 bot\u00f5es a condizer;\u2028Bot\u00e3o reserva costurado por dentro. Descri\u00e7\u00e3o do tamanho   <img loading=\"lazy\" decoding=\"async\" class=\"alignnone wp-image-43833 \" src=\"https:\/\/laura4u.aboama.com\/wp-content\/uploads\/sites\/39\/2024\/10\/SCR-20241031-kjzc.png\" alt=\"\" width=\"446\" height=\"154\" srcset=\"https:\/\/laura4u.aboama.com\/wp-content\/uploads\/sites\/39\/2024\/10\/SCR-20241031-kjzc.png 1316w, https:\/\/laura4u.aboama.com\/wp-content\/uploads\/sites\/39\/2024\/10\/SCR-20241031-kjzc-300x103.png 300w, https:\/\/laura4u.aboama.com\/wp-content\/uploads\/sites\/39\/2024\/10\/SCR-20241031-kjzc-1024x353.png 1024w, https:\/\/laura4u.aboama.com\/wp-content\/uploads\/sites\/39\/2024\/10\/SCR-20241031-kjzc-768x265.png 768w, https:\/\/laura4u.aboama.com\/wp-content\/uploads\/sites\/39\/2024\/10\/SCR-20241031-kjzc-416x144.png 416w\" sizes=\"auto, (max-width: 446px) 100vw, 446px\" \/><\/p>\n","protected":false},"excerpt":{"rendered":"<p>Frente: Bordado em ponto cora\u00e7\u00e3o.<\/p>\n","protected":false},"featured_media":43841,"template":"","meta":[],"product_brand":[],"product_cat":[563],"product_tag":[],"class_list":{"0":"post-43832","1":"product","2":"type-product","3":"status-publish","4":"has-post-thumbnail","6":"product_cat-the-original-pausini-pt-br","8":"first","9":"instock","10":"taxable","11":"shipping-taxable","12":"purchasable","13":"product-type-variable","14":"has-default-attributes"},"yoast_head":"<!-- This site is optimized with the Yoast SEO plugin v27.3 - https:\/\/yoast.com\/product\/yoast-seo-wordpress\/ -->\n<title>CARDIG\u00c3O - Laura4u<\/title>\n<meta name=\"robots\" content=\"index, follow, max-snippet:-1, max-image-preview:large, max-video-preview:-1\" \/>\n<link rel=\"canonical\" href=\"https:\/\/laura4u.aboama.com\/pt-br\/prodotto\/mug-lpwt-2023-2024-copy-copy-copy\/\" \/>\n<meta property=\"og:locale\" content=\"pt_BR\" \/>\n<meta property=\"og:type\" content=\"article\" \/>\n<meta property=\"og:title\" content=\"CARDIG\u00c3O - Laura4u\" \/>\n<meta property=\"og:description\" content=\"Frente: Bordado em ponto cora\u00e7\u00e3o.\" \/>\n<meta property=\"og:url\" content=\"https:\/\/laura4u.aboama.com\/pt-br\/prodotto\/mug-lpwt-2023-2024-copy-copy-copy\/\" \/>\n<meta property=\"og:site_name\" content=\"Laura4u\" \/>\n<meta property=\"article:modified_time\" content=\"2024-11-04T08:50:45+00:00\" \/>\n<meta property=\"og:image\" content=\"https:\/\/laura4u.aboama.com\/wp-content\/uploads\/sites\/39\/2024\/10\/THE-ORIGINAL-PAUSINI_CARDIGAN.jpg\" \/>\n\t<meta property=\"og:image:width\" content=\"1772\" \/>\n\t<meta property=\"og:image:height\" content=\"1772\" \/>\n\t<meta property=\"og:image:type\" content=\"image\/jpeg\" \/>\n<meta name=\"twitter:card\" content=\"summary_large_image\" \/>\n<meta name=\"twitter:label1\" content=\"Est. tempo de leitura\" \/>\n\t<meta name=\"twitter:data1\" content=\"1 minuto\" \/>\n<script type=\"application\/ld+json\" class=\"yoast-schema-graph\">{\"@context\":\"https:\\\/\\\/schema.org\",\"@graph\":[{\"@type\":\"WebPage\",\"@id\":\"https:\\\/\\\/laura4u.aboama.com\\\/pt-br\\\/prodotto\\\/mug-lpwt-2023-2024-copy-copy-copy\\\/\",\"url\":\"https:\\\/\\\/laura4u.aboama.com\\\/pt-br\\\/prodotto\\\/mug-lpwt-2023-2024-copy-copy-copy\\\/\",\"name\":\"CARDIG\u00c3O - Laura4u\",\"isPartOf\":{\"@id\":\"https:\\\/\\\/laura4u.aboama.com\\\/#website\"},\"primaryImageOfPage\":{\"@id\":\"https:\\\/\\\/laura4u.aboama.com\\\/pt-br\\\/prodotto\\\/mug-lpwt-2023-2024-copy-copy-copy\\\/#primaryimage\"},\"image\":{\"@id\":\"https:\\\/\\\/laura4u.aboama.com\\\/pt-br\\\/prodotto\\\/mug-lpwt-2023-2024-copy-copy-copy\\\/#primaryimage\"},\"thumbnailUrl\":\"https:\\\/\\\/laura4u.aboama.com\\\/wp-content\\\/uploads\\\/sites\\\/39\\\/2024\\\/10\\\/THE-ORIGINAL-PAUSINI_CARDIGAN.jpg\",\"datePublished\":\"2024-11-04T08:48:12+00:00\",\"dateModified\":\"2024-11-04T08:50:45+00:00\",\"breadcrumb\":{\"@id\":\"https:\\\/\\\/laura4u.aboama.com\\\/pt-br\\\/prodotto\\\/mug-lpwt-2023-2024-copy-copy-copy\\\/#breadcrumb\"},\"inLanguage\":\"pt-BR\",\"potentialAction\":[{\"@type\":\"ReadAction\",\"target\":[\"https:\\\/\\\/laura4u.aboama.com\\\/pt-br\\\/prodotto\\\/mug-lpwt-2023-2024-copy-copy-copy\\\/\"]}]},{\"@type\":\"ImageObject\",\"inLanguage\":\"pt-BR\",\"@id\":\"https:\\\/\\\/laura4u.aboama.com\\\/pt-br\\\/prodotto\\\/mug-lpwt-2023-2024-copy-copy-copy\\\/#primaryimage\",\"url\":\"https:\\\/\\\/laura4u.aboama.com\\\/wp-content\\\/uploads\\\/sites\\\/39\\\/2024\\\/10\\\/THE-ORIGINAL-PAUSINI_CARDIGAN.jpg\",\"contentUrl\":\"https:\\\/\\\/laura4u.aboama.com\\\/wp-content\\\/uploads\\\/sites\\\/39\\\/2024\\\/10\\\/THE-ORIGINAL-PAUSINI_CARDIGAN.jpg\",\"width\":1772,\"height\":1772},{\"@type\":\"BreadcrumbList\",\"@id\":\"https:\\\/\\\/laura4u.aboama.com\\\/pt-br\\\/prodotto\\\/mug-lpwt-2023-2024-copy-copy-copy\\\/#breadcrumb\",\"itemListElement\":[{\"@type\":\"ListItem\",\"position\":1,\"name\":\"Home\",\"item\":\"https:\\\/\\\/laura4u.aboama.com\\\/pt-br\\\/pagina-di-esempio\\\/\"},{\"@type\":\"ListItem\",\"position\":2,\"name\":\"Shop\",\"item\":\"https:\\\/\\\/laura4u.aboama.com\\\/negozio\\\/\"},{\"@type\":\"ListItem\",\"position\":3,\"name\":\"CARDIG\u00c3O\"}]},{\"@type\":\"WebSite\",\"@id\":\"https:\\\/\\\/laura4u.aboama.com\\\/#website\",\"url\":\"https:\\\/\\\/laura4u.aboama.com\\\/\",\"name\":\"Laura4u\",\"description\":\"Ink Printed In Italy\",\"publisher\":{\"@id\":\"https:\\\/\\\/laura4u.aboama.com\\\/#organization\"},\"potentialAction\":[{\"@type\":\"SearchAction\",\"target\":{\"@type\":\"EntryPoint\",\"urlTemplate\":\"https:\\\/\\\/laura4u.aboama.com\\\/?s={search_term_string}\"},\"query-input\":{\"@type\":\"PropertyValueSpecification\",\"valueRequired\":true,\"valueName\":\"search_term_string\"}}],\"inLanguage\":\"pt-BR\"},{\"@type\":\"Organization\",\"@id\":\"https:\\\/\\\/laura4u.aboama.com\\\/#organization\",\"name\":\"Laura4u\",\"url\":\"https:\\\/\\\/laura4u.aboama.com\\\/\",\"logo\":{\"@type\":\"ImageObject\",\"inLanguage\":\"pt-BR\",\"@id\":\"https:\\\/\\\/laura4u.aboama.com\\\/#\\\/schema\\\/logo\\\/image\\\/\",\"url\":\"https:\\\/\\\/laura4u.aboama.com\\\/wp-content\\\/uploads\\\/sites\\\/39\\\/2022\\\/07\\\/cropped-LP-official-merch-copia-600x322-1.png\",\"contentUrl\":\"https:\\\/\\\/laura4u.aboama.com\\\/wp-content\\\/uploads\\\/sites\\\/39\\\/2022\\\/07\\\/cropped-LP-official-merch-copia-600x322-1.png\",\"width\":600,\"height\":322,\"caption\":\"Laura4u\"},\"image\":{\"@id\":\"https:\\\/\\\/laura4u.aboama.com\\\/#\\\/schema\\\/logo\\\/image\\\/\"}}]}<\/script>\n<!-- \/ Yoast SEO plugin. -->","yoast_head_json":{"title":"CARDIG\u00c3O - Laura4u","robots":{"index":"index","follow":"follow","max-snippet":"max-snippet:-1","max-image-preview":"max-image-preview:large","max-video-preview":"max-video-preview:-1"},"canonical":"https:\/\/laura4u.aboama.com\/pt-br\/prodotto\/mug-lpwt-2023-2024-copy-copy-copy\/","og_locale":"pt_BR","og_type":"article","og_title":"CARDIG\u00c3O - Laura4u","og_description":"Frente: Bordado em ponto cora\u00e7\u00e3o.","og_url":"https:\/\/laura4u.aboama.com\/pt-br\/prodotto\/mug-lpwt-2023-2024-copy-copy-copy\/","og_site_name":"Laura4u","article_modified_time":"2024-11-04T08:50:45+00:00","og_image":[{"width":1772,"height":1772,"url":"https:\/\/laura4u.aboama.com\/wp-content\/uploads\/sites\/39\/2024\/10\/THE-ORIGINAL-PAUSINI_CARDIGAN.jpg","type":"image\/jpeg"}],"twitter_card":"summary_large_image","twitter_misc":{"Est. tempo de leitura":"1 minuto"},"schema":{"@context":"https:\/\/schema.org","@graph":[{"@type":"WebPage","@id":"https:\/\/laura4u.aboama.com\/pt-br\/prodotto\/mug-lpwt-2023-2024-copy-copy-copy\/","url":"https:\/\/laura4u.aboama.com\/pt-br\/prodotto\/mug-lpwt-2023-2024-copy-copy-copy\/","name":"CARDIG\u00c3O - Laura4u","isPartOf":{"@id":"https:\/\/laura4u.aboama.com\/#website"},"primaryImageOfPage":{"@id":"https:\/\/laura4u.aboama.com\/pt-br\/prodotto\/mug-lpwt-2023-2024-copy-copy-copy\/#primaryimage"},"image":{"@id":"https:\/\/laura4u.aboama.com\/pt-br\/prodotto\/mug-lpwt-2023-2024-copy-copy-copy\/#primaryimage"},"thumbnailUrl":"https:\/\/laura4u.aboama.com\/wp-content\/uploads\/sites\/39\/2024\/10\/THE-ORIGINAL-PAUSINI_CARDIGAN.jpg","datePublished":"2024-11-04T08:48:12+00:00","dateModified":"2024-11-04T08:50:45+00:00","breadcrumb":{"@id":"https:\/\/laura4u.aboama.com\/pt-br\/prodotto\/mug-lpwt-2023-2024-copy-copy-copy\/#breadcrumb"},"inLanguage":"pt-BR","potentialAction":[{"@type":"ReadAction","target":["https:\/\/laura4u.aboama.com\/pt-br\/prodotto\/mug-lpwt-2023-2024-copy-copy-copy\/"]}]},{"@type":"ImageObject","inLanguage":"pt-BR","@id":"https:\/\/laura4u.aboama.com\/pt-br\/prodotto\/mug-lpwt-2023-2024-copy-copy-copy\/#primaryimage","url":"https:\/\/laura4u.aboama.com\/wp-content\/uploads\/sites\/39\/2024\/10\/THE-ORIGINAL-PAUSINI_CARDIGAN.jpg","contentUrl":"https:\/\/laura4u.aboama.com\/wp-content\/uploads\/sites\/39\/2024\/10\/THE-ORIGINAL-PAUSINI_CARDIGAN.jpg","width":1772,"height":1772},{"@type":"BreadcrumbList","@id":"https:\/\/laura4u.aboama.com\/pt-br\/prodotto\/mug-lpwt-2023-2024-copy-copy-copy\/#breadcrumb","itemListElement":[{"@type":"ListItem","position":1,"name":"Home","item":"https:\/\/laura4u.aboama.com\/pt-br\/pagina-di-esempio\/"},{"@type":"ListItem","position":2,"name":"Shop","item":"https:\/\/laura4u.aboama.com\/negozio\/"},{"@type":"ListItem","position":3,"name":"CARDIG\u00c3O"}]},{"@type":"WebSite","@id":"https:\/\/laura4u.aboama.com\/#website","url":"https:\/\/laura4u.aboama.com\/","name":"Laura4u","description":"Ink Printed In Italy","publisher":{"@id":"https:\/\/laura4u.aboama.com\/#organization"},"potentialAction":[{"@type":"SearchAction","target":{"@type":"EntryPoint","urlTemplate":"https:\/\/laura4u.aboama.com\/?s={search_term_string}"},"query-input":{"@type":"PropertyValueSpecification","valueRequired":true,"valueName":"search_term_string"}}],"inLanguage":"pt-BR"},{"@type":"Organization","@id":"https:\/\/laura4u.aboama.com\/#organization","name":"Laura4u","url":"https:\/\/laura4u.aboama.com\/","logo":{"@type":"ImageObject","inLanguage":"pt-BR","@id":"https:\/\/laura4u.aboama.com\/#\/schema\/logo\/image\/","url":"https:\/\/laura4u.aboama.com\/wp-content\/uploads\/sites\/39\/2022\/07\/cropped-LP-official-merch-copia-600x322-1.png","contentUrl":"https:\/\/laura4u.aboama.com\/wp-content\/uploads\/sites\/39\/2022\/07\/cropped-LP-official-merch-copia-600x322-1.png","width":600,"height":322,"caption":"Laura4u"},"image":{"@id":"https:\/\/laura4u.aboama.com\/#\/schema\/logo\/image\/"}}]}},"_links":{"self":[{"href":"https:\/\/laura4u.aboama.com\/pt-br\/wp-json\/wp\/v2\/product\/43832","targetHints":{"allow":["GET"]}}],"collection":[{"href":"https:\/\/laura4u.aboama.com\/pt-br\/wp-json\/wp\/v2\/product"}],"about":[{"href":"https:\/\/laura4u.aboama.com\/pt-br\/wp-json\/wp\/v2\/types\/product"}],"wp:featuredmedia":[{"embeddable":true,"href":"https:\/\/laura4u.aboama.com\/pt-br\/wp-json\/wp\/v2\/media\/43841"}],"wp:attachment":[{"href":"https:\/\/laura4u.aboama.com\/pt-br\/wp-json\/wp\/v2\/media?parent=43832"}],"wp:term":[{"taxonomy":"product_brand","embeddable":true,"href":"https:\/\/laura4u.aboama.com\/pt-br\/wp-json\/wp\/v2\/product_brand?post=43832"},{"taxonomy":"product_cat","embeddable":true,"href":"https:\/\/laura4u.aboama.com\/pt-br\/wp-json\/wp\/v2\/product_cat?post=43832"},{"taxonomy":"product_tag","embeddable":true,"href":"https:\/\/laura4u.aboama.com\/pt-br\/wp-json\/wp\/v2\/product_tag?post=43832"}],"curies":[{"name":"wp","href":"https:\/\/api.w.org\/{rel}","templated":true}]}}