{"id":43231,"date":"2024-03-19T17:55:22","date_gmt":"2024-03-19T16:55:22","guid":{"rendered":"https:\/\/laura4u.aboama.com\/?post_type=product&#038;p=43231"},"modified":"2024-04-17T15:38:21","modified_gmt":"2024-04-17T13:38:21","slug":"t-shirt-laura-pausini-world-tour-2023_2024","status":"publish","type":"product","link":"https:\/\/laura4u.aboama.com\/pt-br\/prodotto\/t-shirt-laura-pausini-world-tour-2023_2024\/","title":{"rendered":"T-SHIRT LAURA PAUSINI WORLD TOUR 2023_2024"},"content":{"rendered":"<table width=\"503\">\n<thead>\n<tr>\n<td><strong>TAMANHO<\/strong><\/td>\n<td><strong>XS<\/strong><\/td>\n<td><strong>S<\/strong><\/td>\n<td><strong>M<\/strong><\/td>\n<td><strong>L<\/strong><\/td>\n<td><strong>XL<\/strong><\/td>\n<td><strong>XXL<\/strong><\/td>\n<\/tr>\n<\/thead>\n<tbody>\n<tr>\n<td><strong>ALTURA<\/strong><\/td>\n<td>68<\/td>\n<td>70<\/td>\n<td>72<\/td>\n<td>74<\/td>\n<td>76<\/td>\n<td>78<\/td>\n<\/tr>\n<tr>\n<td><strong>LARGURA<\/strong><\/td>\n<td>47<\/td>\n<td>50<\/td>\n<td>53<\/td>\n<td>56<\/td>\n<td>59<\/td>\n<td>62<\/td>\n<\/tr>\n<\/tbody>\n<\/table>\n","protected":false},"excerpt":{"rendered":"<p>Descri\u00e7\u00e3o: Camiseta unissex. Cor branca. 100% algod\u00e3o. Mangas curtas, gola redonda, toque macio, estrutura tubular.<\/p>\n<p>Camiseta estampada na frente e nas costas.<\/p>\n","protected":false},"featured_media":43239,"template":"","meta":[],"product_brand":[],"product_cat":[541],"product_tag":[],"class_list":{"0":"post-43231","1":"product","2":"type-product","3":"status-publish","4":"has-post-thumbnail","6":"product_cat-world-tour-pt-br","8":"first","9":"instock","10":"taxable","11":"shipping-taxable","12":"purchasable","13":"product-type-variable","14":"wpzoom-wc-spi-has-enabled"},"yoast_head":"<!-- This site is optimized with the Yoast SEO plugin v27.3 - https:\/\/yoast.com\/product\/yoast-seo-wordpress\/ -->\n<title>T-SHIRT LAURA PAUSINI WORLD TOUR 2023_2024 - Laura4u<\/title>\n<meta name=\"description\" content=\"Laura Pausini - Official\" \/>\n<meta name=\"robots\" content=\"index, follow, max-snippet:-1, max-image-preview:large, max-video-preview:-1\" \/>\n<link rel=\"canonical\" href=\"https:\/\/laura4u.aboama.com\/pt-br\/prodotto\/t-shirt-laura-pausini-world-tour-2023_2024\/\" \/>\n<meta property=\"og:locale\" content=\"pt_BR\" \/>\n<meta property=\"og:type\" content=\"article\" \/>\n<meta property=\"og:title\" content=\"T-SHIRT LAURA PAUSINI WORLD TOUR 2023_2024 - Laura4u\" \/>\n<meta property=\"og:description\" content=\"Laura Pausini - Official\" \/>\n<meta property=\"og:url\" content=\"https:\/\/laura4u.aboama.com\/pt-br\/prodotto\/t-shirt-laura-pausini-world-tour-2023_2024\/\" \/>\n<meta property=\"og:site_name\" content=\"Laura4u\" \/>\n<meta property=\"article:modified_time\" content=\"2024-04-17T13:38:21+00:00\" \/>\n<meta property=\"og:image\" content=\"https:\/\/laura4u.aboama.com\/wp-content\/uploads\/sites\/39\/2024\/03\/LPWT_BLACK_FRONTE.jpg\" \/>\n\t<meta property=\"og:image:width\" content=\"1772\" \/>\n\t<meta property=\"og:image:height\" content=\"1772\" \/>\n\t<meta property=\"og:image:type\" content=\"image\/jpeg\" \/>\n<meta name=\"twitter:card\" content=\"summary_large_image\" \/>\n<meta name=\"twitter:label1\" content=\"Est. tempo de leitura\" \/>\n\t<meta name=\"twitter:data1\" content=\"1 minuto\" \/>\n<script type=\"application\/ld+json\" class=\"yoast-schema-graph\">{\"@context\":\"https:\\\/\\\/schema.org\",\"@graph\":[{\"@type\":\"WebPage\",\"@id\":\"https:\\\/\\\/laura4u.aboama.com\\\/pt-br\\\/prodotto\\\/t-shirt-laura-pausini-world-tour-2023_2024\\\/\",\"url\":\"https:\\\/\\\/laura4u.aboama.com\\\/pt-br\\\/prodotto\\\/t-shirt-laura-pausini-world-tour-2023_2024\\\/\",\"name\":\"T-SHIRT LAURA PAUSINI WORLD TOUR 2023_2024 - Laura4u\",\"isPartOf\":{\"@id\":\"https:\\\/\\\/laura4u.aboama.com\\\/pt-br\\\/#website\"},\"primaryImageOfPage\":{\"@id\":\"https:\\\/\\\/laura4u.aboama.com\\\/pt-br\\\/prodotto\\\/t-shirt-laura-pausini-world-tour-2023_2024\\\/#primaryimage\"},\"image\":{\"@id\":\"https:\\\/\\\/laura4u.aboama.com\\\/pt-br\\\/prodotto\\\/t-shirt-laura-pausini-world-tour-2023_2024\\\/#primaryimage\"},\"thumbnailUrl\":\"https:\\\/\\\/laura4u.aboama.com\\\/wp-content\\\/uploads\\\/sites\\\/39\\\/2024\\\/03\\\/LPWT_BLACK_FRONTE.jpg\",\"datePublished\":\"2024-03-19T16:55:22+00:00\",\"dateModified\":\"2024-04-17T13:38:21+00:00\",\"description\":\"Laura Pausini - Official\",\"breadcrumb\":{\"@id\":\"https:\\\/\\\/laura4u.aboama.com\\\/pt-br\\\/prodotto\\\/t-shirt-laura-pausini-world-tour-2023_2024\\\/#breadcrumb\"},\"inLanguage\":\"pt-BR\",\"potentialAction\":[{\"@type\":\"ReadAction\",\"target\":[\"https:\\\/\\\/laura4u.aboama.com\\\/pt-br\\\/prodotto\\\/t-shirt-laura-pausini-world-tour-2023_2024\\\/\"]}]},{\"@type\":\"ImageObject\",\"inLanguage\":\"pt-BR\",\"@id\":\"https:\\\/\\\/laura4u.aboama.com\\\/pt-br\\\/prodotto\\\/t-shirt-laura-pausini-world-tour-2023_2024\\\/#primaryimage\",\"url\":\"https:\\\/\\\/laura4u.aboama.com\\\/wp-content\\\/uploads\\\/sites\\\/39\\\/2024\\\/03\\\/LPWT_BLACK_FRONTE.jpg\",\"contentUrl\":\"https:\\\/\\\/laura4u.aboama.com\\\/wp-content\\\/uploads\\\/sites\\\/39\\\/2024\\\/03\\\/LPWT_BLACK_FRONTE.jpg\",\"width\":1772,\"height\":1772},{\"@type\":\"BreadcrumbList\",\"@id\":\"https:\\\/\\\/laura4u.aboama.com\\\/pt-br\\\/prodotto\\\/t-shirt-laura-pausini-world-tour-2023_2024\\\/#breadcrumb\",\"itemListElement\":[{\"@type\":\"ListItem\",\"position\":1,\"name\":\"Home\",\"item\":\"https:\\\/\\\/laura4u.aboama.com\\\/pt-br\\\/pagina-di-esempio\\\/\"},{\"@type\":\"ListItem\",\"position\":2,\"name\":\"Loja\",\"item\":\"https:\\\/\\\/laura4u.aboama.com\\\/pt-br\\\/loja\\\/\"},{\"@type\":\"ListItem\",\"position\":3,\"name\":\"T-SHIRT LAURA PAUSINI WORLD TOUR 2023_2024\"}]},{\"@type\":\"WebSite\",\"@id\":\"https:\\\/\\\/laura4u.aboama.com\\\/pt-br\\\/#website\",\"url\":\"https:\\\/\\\/laura4u.aboama.com\\\/pt-br\\\/\",\"name\":\"Laura4u\",\"description\":\"Ink Printed In Italy\",\"publisher\":{\"@id\":\"https:\\\/\\\/laura4u.aboama.com\\\/pt-br\\\/#organization\"},\"potentialAction\":[{\"@type\":\"SearchAction\",\"target\":{\"@type\":\"EntryPoint\",\"urlTemplate\":\"https:\\\/\\\/laura4u.aboama.com\\\/pt-br\\\/?s={search_term_string}\"},\"query-input\":{\"@type\":\"PropertyValueSpecification\",\"valueRequired\":true,\"valueName\":\"search_term_string\"}}],\"inLanguage\":\"pt-BR\"},{\"@type\":\"Organization\",\"@id\":\"https:\\\/\\\/laura4u.aboama.com\\\/pt-br\\\/#organization\",\"name\":\"Laura4u\",\"url\":\"https:\\\/\\\/laura4u.aboama.com\\\/pt-br\\\/\",\"logo\":{\"@type\":\"ImageObject\",\"inLanguage\":\"pt-BR\",\"@id\":\"https:\\\/\\\/laura4u.aboama.com\\\/pt-br\\\/#\\\/schema\\\/logo\\\/image\\\/\",\"url\":\"https:\\\/\\\/laura4u.aboama.com\\\/wp-content\\\/uploads\\\/sites\\\/39\\\/2022\\\/07\\\/cropped-LP-official-merch-copia-600x322-1.png\",\"contentUrl\":\"https:\\\/\\\/laura4u.aboama.com\\\/wp-content\\\/uploads\\\/sites\\\/39\\\/2022\\\/07\\\/cropped-LP-official-merch-copia-600x322-1.png\",\"width\":600,\"height\":322,\"caption\":\"Laura4u\"},\"image\":{\"@id\":\"https:\\\/\\\/laura4u.aboama.com\\\/pt-br\\\/#\\\/schema\\\/logo\\\/image\\\/\"}}]}<\/script>\n<!-- \/ Yoast SEO plugin. -->","yoast_head_json":{"title":"T-SHIRT LAURA PAUSINI WORLD TOUR 2023_2024 - Laura4u","description":"Laura Pausini - Official","robots":{"index":"index","follow":"follow","max-snippet":"max-snippet:-1","max-image-preview":"max-image-preview:large","max-video-preview":"max-video-preview:-1"},"canonical":"https:\/\/laura4u.aboama.com\/pt-br\/prodotto\/t-shirt-laura-pausini-world-tour-2023_2024\/","og_locale":"pt_BR","og_type":"article","og_title":"T-SHIRT LAURA PAUSINI WORLD TOUR 2023_2024 - Laura4u","og_description":"Laura Pausini - Official","og_url":"https:\/\/laura4u.aboama.com\/pt-br\/prodotto\/t-shirt-laura-pausini-world-tour-2023_2024\/","og_site_name":"Laura4u","article_modified_time":"2024-04-17T13:38:21+00:00","og_image":[{"width":1772,"height":1772,"url":"https:\/\/laura4u.aboama.com\/wp-content\/uploads\/sites\/39\/2024\/03\/LPWT_BLACK_FRONTE.jpg","type":"image\/jpeg"}],"twitter_card":"summary_large_image","twitter_misc":{"Est. tempo de leitura":"1 minuto"},"schema":{"@context":"https:\/\/schema.org","@graph":[{"@type":"WebPage","@id":"https:\/\/laura4u.aboama.com\/pt-br\/prodotto\/t-shirt-laura-pausini-world-tour-2023_2024\/","url":"https:\/\/laura4u.aboama.com\/pt-br\/prodotto\/t-shirt-laura-pausini-world-tour-2023_2024\/","name":"T-SHIRT LAURA PAUSINI WORLD TOUR 2023_2024 - Laura4u","isPartOf":{"@id":"https:\/\/laura4u.aboama.com\/pt-br\/#website"},"primaryImageOfPage":{"@id":"https:\/\/laura4u.aboama.com\/pt-br\/prodotto\/t-shirt-laura-pausini-world-tour-2023_2024\/#primaryimage"},"image":{"@id":"https:\/\/laura4u.aboama.com\/pt-br\/prodotto\/t-shirt-laura-pausini-world-tour-2023_2024\/#primaryimage"},"thumbnailUrl":"https:\/\/laura4u.aboama.com\/wp-content\/uploads\/sites\/39\/2024\/03\/LPWT_BLACK_FRONTE.jpg","datePublished":"2024-03-19T16:55:22+00:00","dateModified":"2024-04-17T13:38:21+00:00","description":"Laura Pausini - Official","breadcrumb":{"@id":"https:\/\/laura4u.aboama.com\/pt-br\/prodotto\/t-shirt-laura-pausini-world-tour-2023_2024\/#breadcrumb"},"inLanguage":"pt-BR","potentialAction":[{"@type":"ReadAction","target":["https:\/\/laura4u.aboama.com\/pt-br\/prodotto\/t-shirt-laura-pausini-world-tour-2023_2024\/"]}]},{"@type":"ImageObject","inLanguage":"pt-BR","@id":"https:\/\/laura4u.aboama.com\/pt-br\/prodotto\/t-shirt-laura-pausini-world-tour-2023_2024\/#primaryimage","url":"https:\/\/laura4u.aboama.com\/wp-content\/uploads\/sites\/39\/2024\/03\/LPWT_BLACK_FRONTE.jpg","contentUrl":"https:\/\/laura4u.aboama.com\/wp-content\/uploads\/sites\/39\/2024\/03\/LPWT_BLACK_FRONTE.jpg","width":1772,"height":1772},{"@type":"BreadcrumbList","@id":"https:\/\/laura4u.aboama.com\/pt-br\/prodotto\/t-shirt-laura-pausini-world-tour-2023_2024\/#breadcrumb","itemListElement":[{"@type":"ListItem","position":1,"name":"Home","item":"https:\/\/laura4u.aboama.com\/pt-br\/pagina-di-esempio\/"},{"@type":"ListItem","position":2,"name":"Loja","item":"https:\/\/laura4u.aboama.com\/pt-br\/loja\/"},{"@type":"ListItem","position":3,"name":"T-SHIRT LAURA PAUSINI WORLD TOUR 2023_2024"}]},{"@type":"WebSite","@id":"https:\/\/laura4u.aboama.com\/pt-br\/#website","url":"https:\/\/laura4u.aboama.com\/pt-br\/","name":"Laura4u","description":"Ink Printed In Italy","publisher":{"@id":"https:\/\/laura4u.aboama.com\/pt-br\/#organization"},"potentialAction":[{"@type":"SearchAction","target":{"@type":"EntryPoint","urlTemplate":"https:\/\/laura4u.aboama.com\/pt-br\/?s={search_term_string}"},"query-input":{"@type":"PropertyValueSpecification","valueRequired":true,"valueName":"search_term_string"}}],"inLanguage":"pt-BR"},{"@type":"Organization","@id":"https:\/\/laura4u.aboama.com\/pt-br\/#organization","name":"Laura4u","url":"https:\/\/laura4u.aboama.com\/pt-br\/","logo":{"@type":"ImageObject","inLanguage":"pt-BR","@id":"https:\/\/laura4u.aboama.com\/pt-br\/#\/schema\/logo\/image\/","url":"https:\/\/laura4u.aboama.com\/wp-content\/uploads\/sites\/39\/2022\/07\/cropped-LP-official-merch-copia-600x322-1.png","contentUrl":"https:\/\/laura4u.aboama.com\/wp-content\/uploads\/sites\/39\/2022\/07\/cropped-LP-official-merch-copia-600x322-1.png","width":600,"height":322,"caption":"Laura4u"},"image":{"@id":"https:\/\/laura4u.aboama.com\/pt-br\/#\/schema\/logo\/image\/"}}]}},"_links":{"self":[{"href":"https:\/\/laura4u.aboama.com\/pt-br\/wp-json\/wp\/v2\/product\/43231","targetHints":{"allow":["GET"]}}],"collection":[{"href":"https:\/\/laura4u.aboama.com\/pt-br\/wp-json\/wp\/v2\/product"}],"about":[{"href":"https:\/\/laura4u.aboama.com\/pt-br\/wp-json\/wp\/v2\/types\/product"}],"wp:featuredmedia":[{"embeddable":true,"href":"https:\/\/laura4u.aboama.com\/pt-br\/wp-json\/wp\/v2\/media\/43239"}],"wp:attachment":[{"href":"https:\/\/laura4u.aboama.com\/pt-br\/wp-json\/wp\/v2\/media?parent=43231"}],"wp:term":[{"taxonomy":"product_brand","embeddable":true,"href":"https:\/\/laura4u.aboama.com\/pt-br\/wp-json\/wp\/v2\/product_brand?post=43231"},{"taxonomy":"product_cat","embeddable":true,"href":"https:\/\/laura4u.aboama.com\/pt-br\/wp-json\/wp\/v2\/product_cat?post=43231"},{"taxonomy":"product_tag","embeddable":true,"href":"https:\/\/laura4u.aboama.com\/pt-br\/wp-json\/wp\/v2\/product_tag?post=43231"}],"curies":[{"name":"wp","href":"https:\/\/api.w.org\/{rel}","templated":true}]}}