{"id":42856,"date":"2023-12-27T11:23:53","date_gmt":"2023-12-27T10:23:53","guid":{"rendered":"https:\/\/laura4u.aboama.com\/?post_type=product&#038;p=42856"},"modified":"2025-04-15T19:11:02","modified_gmt":"2025-04-15T17:11:02","slug":"varsity-jacket","status":"publish","type":"product","link":"https:\/\/laura4u.aboama.com\/pt-br\/prodotto\/varsity-jacket\/","title":{"rendered":"JAQUETA VARSITY"},"content":{"rendered":"<p>Moletom Varsity, inspirado nas jaquetas das academias esportivas americanas. Gola, cintura e punhos com nervuras el\u00e1sticas e faixas contrastantes. Mangas brancas contrastantes. Busto preto. Fechamento com bot\u00f5es de press\u00e3o brancos. Tamanho normal. Vestu\u00e1rio unissex <wbr><\/wbr>dispon\u00edvel em diferentes tamanhos, de XS a 3XL.<\/p>\n<p>Composi\u00e7\u00e3o: 80% algod\u00e3o, 20% poli\u00e9ster, l\u00e3 escovada.<br \/>\n Peso: 330 g\/m\u00b2 <\/p>\n<table cellspacing=\"0\" cellpadding=\"0\">\n<tbody>\n<tr>\n<td valign=\"top\"><span style=\"color: #000000; font-family: Arial; font-size: MEDIUM;\"><b>Tamanho<\/b><b><\/b><\/span><\/td>\n<td valign=\"top\"><span style=\"color: #000000; font-family: Arial; font-size: medium;\"><b>S<\/b><\/span><\/td>\n<td valign=\"top\"><span style=\"color: #000000; font-family: Arial; font-size: medium;\"><b>M<\/b><b><\/b><\/span><\/td>\n<td valign=\"top\"><span style=\"color: #000000; font-family: Arial; font-size: medium;\"><b>L<\/b><b><\/b><\/span><\/td>\n<td valign=\"top\"><span style=\"color: #000000; font-family: Arial; font-size: medium;\"><b>XL<\/b><b><\/b><\/span><\/td>\n<td valign=\"top\"><span style=\"color: #000000; font-family: Arial; font-size: medium;\"><b>XXL<\/b><\/span><\/td>\n<\/tr>\n<tr>\n<td valign=\"top\"><span style=\"color: #000000; font-family: Arial; font-size: MEDIUM;\"><b>Ombros <br \/><\/b><b><\/b><\/span><\/td>\n<td valign=\"top\">46<\/td>\n<td valign=\"top\"><span style=\"color: #000000; font-family: Arial; font-size: medium;\">49<\/span><\/td>\n<td valign=\"top\"><span style=\"color: #000000; font-family: Arial; font-size: medium;\">51<\/span><\/td>\n<td valign=\"top\"><span style=\"color: #000000; font-family: Arial; font-size: medium;\">52<\/span><\/td>\n<td valign=\"top\"><span style=\"color: #000000; font-family: Arial; font-size: medium;\">53<\/span><\/td>\n<\/tr>\n<tr>\n<td valign=\"top\"><span style=\"color: #000000; font-family: Arial; font-size: MEDIUM;\"><b>Circunfer\u00eancia <br \/><\/b><b><\/b><\/span><\/td>\n<td valign=\"top\"><span style=\"color: #000000; font-family: Arial; font-size: medium;\">54<\/span><\/td>\n<td valign=\"top\"><span style=\"color: #000000; font-family: Arial; font-size: medium;\">58<\/span><\/td>\n<td valign=\"top\"><span style=\"color: #000000; font-family: Arial; font-size: medium;\">61<\/span><\/td>\n<td valign=\"top\"><span style=\"color: #000000; font-family: Arial; font-size: medium;\">62<\/span><\/td>\n<td valign=\"top\"><span style=\"color: #000000; font-family: Arial; font-size: medium;\">65<\/span><\/td>\n<\/tr>\n<tr>\n<td valign=\"top\"><span style=\"color: #000000; font-family: Arial; font-size: MEDIUM;\"><b>Largura<\/b><b><\/b><\/span><\/td>\n<td valign=\"top\"><span style=\"color: #000000; font-family: Arial; font-size: medium;\">65<\/span><\/td>\n<td valign=\"top\"><span style=\"color: #000000; font-family: Arial; font-size: medium;\">69<\/span><\/td>\n<td valign=\"top\"><span style=\"color: #000000; font-family: Arial; font-size: medium;\">70<\/span><\/td>\n<td valign=\"top\"><span style=\"color: #000000; font-family: Arial; font-size: medium;\">73<\/span><\/td>\n<td valign=\"top\"><span style=\"color: #000000; font-family: Arial; font-size: medium;\">74<\/span><\/td>\n<\/tr>\n<\/tbody>\n<\/table>\n","protected":false},"excerpt":{"rendered":"<p>Acabamento: elementos bordados, aplica\u00e7\u00f5es de veludo, impress\u00e3o.<\/p>\n","protected":false},"featured_media":42974,"template":"","meta":[],"product_brand":[],"product_cat":[541],"product_tag":[],"class_list":{"0":"post-42856","1":"product","2":"type-product","3":"status-publish","4":"has-post-thumbnail","6":"product_cat-world-tour-pt-br","8":"first","9":"instock","10":"taxable","11":"shipping-taxable","12":"purchasable","13":"product-type-variable","14":"wpzoom-wc-spi-has-enabled"},"yoast_head":"<!-- This site is optimized with the Yoast SEO plugin v27.4 - https:\/\/yoast.com\/product\/yoast-seo-wordpress\/ -->\n<title>JAQUETA VARSITY - Laura4u<\/title>\n<meta name=\"description\" content=\"Merchandising oficial da Laura4u\" \/>\n<meta name=\"robots\" content=\"index, follow, max-snippet:-1, max-image-preview:large, max-video-preview:-1\" \/>\n<link rel=\"canonical\" href=\"https:\/\/laura4u.aboama.com\/pt-br\/prodotto\/varsity-jacket\/\" \/>\n<meta property=\"og:locale\" content=\"pt_BR\" \/>\n<meta property=\"og:type\" content=\"article\" \/>\n<meta property=\"og:title\" content=\"JAQUETA VARSITY - Laura4u\" \/>\n<meta property=\"og:description\" content=\"Merchandising oficial da Laura4u\" \/>\n<meta property=\"og:url\" content=\"https:\/\/laura4u.aboama.com\/pt-br\/prodotto\/varsity-jacket\/\" \/>\n<meta property=\"og:site_name\" content=\"Laura4u\" \/>\n<meta property=\"article:modified_time\" content=\"2025-04-15T17:11:02+00:00\" \/>\n<meta property=\"og:image\" content=\"https:\/\/laura4u.aboama.com\/wp-content\/uploads\/sites\/39\/2023\/12\/College-05.jpg\" \/>\n\t<meta property=\"og:image:width\" content=\"2000\" \/>\n\t<meta property=\"og:image:height\" content=\"2000\" \/>\n\t<meta property=\"og:image:type\" content=\"image\/jpeg\" \/>\n<meta name=\"twitter:card\" content=\"summary_large_image\" \/>\n<meta name=\"twitter:label1\" content=\"Est. tempo de leitura\" \/>\n\t<meta name=\"twitter:data1\" content=\"1 minuto\" \/>\n<script type=\"application\/ld+json\" class=\"yoast-schema-graph\">{\"@context\":\"https:\\\/\\\/schema.org\",\"@graph\":[{\"@type\":\"WebPage\",\"@id\":\"https:\\\/\\\/laura4u.aboama.com\\\/pt-br\\\/prodotto\\\/varsity-jacket\\\/\",\"url\":\"https:\\\/\\\/laura4u.aboama.com\\\/pt-br\\\/prodotto\\\/varsity-jacket\\\/\",\"name\":\"JAQUETA VARSITY - Laura4u\",\"isPartOf\":{\"@id\":\"https:\\\/\\\/laura4u.aboama.com\\\/pt-br\\\/#website\"},\"primaryImageOfPage\":{\"@id\":\"https:\\\/\\\/laura4u.aboama.com\\\/pt-br\\\/prodotto\\\/varsity-jacket\\\/#primaryimage\"},\"image\":{\"@id\":\"https:\\\/\\\/laura4u.aboama.com\\\/pt-br\\\/prodotto\\\/varsity-jacket\\\/#primaryimage\"},\"thumbnailUrl\":\"https:\\\/\\\/laura4u.aboama.com\\\/wp-content\\\/uploads\\\/sites\\\/39\\\/2023\\\/12\\\/College-05.jpg\",\"datePublished\":\"2023-12-27T10:23:53+00:00\",\"dateModified\":\"2025-04-15T17:11:02+00:00\",\"description\":\"Merchandising oficial da Laura4u\",\"breadcrumb\":{\"@id\":\"https:\\\/\\\/laura4u.aboama.com\\\/pt-br\\\/prodotto\\\/varsity-jacket\\\/#breadcrumb\"},\"inLanguage\":\"pt-BR\",\"potentialAction\":[{\"@type\":\"ReadAction\",\"target\":[\"https:\\\/\\\/laura4u.aboama.com\\\/pt-br\\\/prodotto\\\/varsity-jacket\\\/\"]}]},{\"@type\":\"ImageObject\",\"inLanguage\":\"pt-BR\",\"@id\":\"https:\\\/\\\/laura4u.aboama.com\\\/pt-br\\\/prodotto\\\/varsity-jacket\\\/#primaryimage\",\"url\":\"https:\\\/\\\/laura4u.aboama.com\\\/wp-content\\\/uploads\\\/sites\\\/39\\\/2023\\\/12\\\/College-05.jpg\",\"contentUrl\":\"https:\\\/\\\/laura4u.aboama.com\\\/wp-content\\\/uploads\\\/sites\\\/39\\\/2023\\\/12\\\/College-05.jpg\",\"width\":2000,\"height\":2000},{\"@type\":\"BreadcrumbList\",\"@id\":\"https:\\\/\\\/laura4u.aboama.com\\\/pt-br\\\/prodotto\\\/varsity-jacket\\\/#breadcrumb\",\"itemListElement\":[{\"@type\":\"ListItem\",\"position\":1,\"name\":\"Home\",\"item\":\"https:\\\/\\\/laura4u.aboama.com\\\/pt-br\\\/pagina-di-esempio\\\/\"},{\"@type\":\"ListItem\",\"position\":2,\"name\":\"Loja\",\"item\":\"https:\\\/\\\/laura4u.aboama.com\\\/pt-br\\\/loja\\\/\"},{\"@type\":\"ListItem\",\"position\":3,\"name\":\"JAQUETA VARSITY\"}]},{\"@type\":\"WebSite\",\"@id\":\"https:\\\/\\\/laura4u.aboama.com\\\/pt-br\\\/#website\",\"url\":\"https:\\\/\\\/laura4u.aboama.com\\\/pt-br\\\/\",\"name\":\"Laura4u\",\"description\":\"Ink Printed In Italy\",\"publisher\":{\"@id\":\"https:\\\/\\\/laura4u.aboama.com\\\/pt-br\\\/#organization\"},\"potentialAction\":[{\"@type\":\"SearchAction\",\"target\":{\"@type\":\"EntryPoint\",\"urlTemplate\":\"https:\\\/\\\/laura4u.aboama.com\\\/pt-br\\\/?s={search_term_string}\"},\"query-input\":{\"@type\":\"PropertyValueSpecification\",\"valueRequired\":true,\"valueName\":\"search_term_string\"}}],\"inLanguage\":\"pt-BR\"},{\"@type\":\"Organization\",\"@id\":\"https:\\\/\\\/laura4u.aboama.com\\\/pt-br\\\/#organization\",\"name\":\"Laura4u\",\"url\":\"https:\\\/\\\/laura4u.aboama.com\\\/pt-br\\\/\",\"logo\":{\"@type\":\"ImageObject\",\"inLanguage\":\"pt-BR\",\"@id\":\"https:\\\/\\\/laura4u.aboama.com\\\/pt-br\\\/#\\\/schema\\\/logo\\\/image\\\/\",\"url\":\"https:\\\/\\\/laura4u.aboama.com\\\/wp-content\\\/uploads\\\/sites\\\/39\\\/2022\\\/07\\\/cropped-LP-official-merch-copia-600x322-1.png\",\"contentUrl\":\"https:\\\/\\\/laura4u.aboama.com\\\/wp-content\\\/uploads\\\/sites\\\/39\\\/2022\\\/07\\\/cropped-LP-official-merch-copia-600x322-1.png\",\"width\":600,\"height\":322,\"caption\":\"Laura4u\"},\"image\":{\"@id\":\"https:\\\/\\\/laura4u.aboama.com\\\/pt-br\\\/#\\\/schema\\\/logo\\\/image\\\/\"}}]}<\/script>\n<!-- \/ Yoast SEO plugin. -->","yoast_head_json":{"title":"JAQUETA VARSITY - Laura4u","description":"Merchandising oficial da Laura4u","robots":{"index":"index","follow":"follow","max-snippet":"max-snippet:-1","max-image-preview":"max-image-preview:large","max-video-preview":"max-video-preview:-1"},"canonical":"https:\/\/laura4u.aboama.com\/pt-br\/prodotto\/varsity-jacket\/","og_locale":"pt_BR","og_type":"article","og_title":"JAQUETA VARSITY - Laura4u","og_description":"Merchandising oficial da Laura4u","og_url":"https:\/\/laura4u.aboama.com\/pt-br\/prodotto\/varsity-jacket\/","og_site_name":"Laura4u","article_modified_time":"2025-04-15T17:11:02+00:00","og_image":[{"width":2000,"height":2000,"url":"https:\/\/laura4u.aboama.com\/wp-content\/uploads\/sites\/39\/2023\/12\/College-05.jpg","type":"image\/jpeg"}],"twitter_card":"summary_large_image","twitter_misc":{"Est. tempo de leitura":"1 minuto"},"schema":{"@context":"https:\/\/schema.org","@graph":[{"@type":"WebPage","@id":"https:\/\/laura4u.aboama.com\/pt-br\/prodotto\/varsity-jacket\/","url":"https:\/\/laura4u.aboama.com\/pt-br\/prodotto\/varsity-jacket\/","name":"JAQUETA VARSITY - Laura4u","isPartOf":{"@id":"https:\/\/laura4u.aboama.com\/pt-br\/#website"},"primaryImageOfPage":{"@id":"https:\/\/laura4u.aboama.com\/pt-br\/prodotto\/varsity-jacket\/#primaryimage"},"image":{"@id":"https:\/\/laura4u.aboama.com\/pt-br\/prodotto\/varsity-jacket\/#primaryimage"},"thumbnailUrl":"https:\/\/laura4u.aboama.com\/wp-content\/uploads\/sites\/39\/2023\/12\/College-05.jpg","datePublished":"2023-12-27T10:23:53+00:00","dateModified":"2025-04-15T17:11:02+00:00","description":"Merchandising oficial da Laura4u","breadcrumb":{"@id":"https:\/\/laura4u.aboama.com\/pt-br\/prodotto\/varsity-jacket\/#breadcrumb"},"inLanguage":"pt-BR","potentialAction":[{"@type":"ReadAction","target":["https:\/\/laura4u.aboama.com\/pt-br\/prodotto\/varsity-jacket\/"]}]},{"@type":"ImageObject","inLanguage":"pt-BR","@id":"https:\/\/laura4u.aboama.com\/pt-br\/prodotto\/varsity-jacket\/#primaryimage","url":"https:\/\/laura4u.aboama.com\/wp-content\/uploads\/sites\/39\/2023\/12\/College-05.jpg","contentUrl":"https:\/\/laura4u.aboama.com\/wp-content\/uploads\/sites\/39\/2023\/12\/College-05.jpg","width":2000,"height":2000},{"@type":"BreadcrumbList","@id":"https:\/\/laura4u.aboama.com\/pt-br\/prodotto\/varsity-jacket\/#breadcrumb","itemListElement":[{"@type":"ListItem","position":1,"name":"Home","item":"https:\/\/laura4u.aboama.com\/pt-br\/pagina-di-esempio\/"},{"@type":"ListItem","position":2,"name":"Loja","item":"https:\/\/laura4u.aboama.com\/pt-br\/loja\/"},{"@type":"ListItem","position":3,"name":"JAQUETA VARSITY"}]},{"@type":"WebSite","@id":"https:\/\/laura4u.aboama.com\/pt-br\/#website","url":"https:\/\/laura4u.aboama.com\/pt-br\/","name":"Laura4u","description":"Ink Printed In Italy","publisher":{"@id":"https:\/\/laura4u.aboama.com\/pt-br\/#organization"},"potentialAction":[{"@type":"SearchAction","target":{"@type":"EntryPoint","urlTemplate":"https:\/\/laura4u.aboama.com\/pt-br\/?s={search_term_string}"},"query-input":{"@type":"PropertyValueSpecification","valueRequired":true,"valueName":"search_term_string"}}],"inLanguage":"pt-BR"},{"@type":"Organization","@id":"https:\/\/laura4u.aboama.com\/pt-br\/#organization","name":"Laura4u","url":"https:\/\/laura4u.aboama.com\/pt-br\/","logo":{"@type":"ImageObject","inLanguage":"pt-BR","@id":"https:\/\/laura4u.aboama.com\/pt-br\/#\/schema\/logo\/image\/","url":"https:\/\/laura4u.aboama.com\/wp-content\/uploads\/sites\/39\/2022\/07\/cropped-LP-official-merch-copia-600x322-1.png","contentUrl":"https:\/\/laura4u.aboama.com\/wp-content\/uploads\/sites\/39\/2022\/07\/cropped-LP-official-merch-copia-600x322-1.png","width":600,"height":322,"caption":"Laura4u"},"image":{"@id":"https:\/\/laura4u.aboama.com\/pt-br\/#\/schema\/logo\/image\/"}}]}},"_links":{"self":[{"href":"https:\/\/laura4u.aboama.com\/pt-br\/wp-json\/wp\/v2\/product\/42856","targetHints":{"allow":["GET"]}}],"collection":[{"href":"https:\/\/laura4u.aboama.com\/pt-br\/wp-json\/wp\/v2\/product"}],"about":[{"href":"https:\/\/laura4u.aboama.com\/pt-br\/wp-json\/wp\/v2\/types\/product"}],"wp:featuredmedia":[{"embeddable":true,"href":"https:\/\/laura4u.aboama.com\/pt-br\/wp-json\/wp\/v2\/media\/42974"}],"wp:attachment":[{"href":"https:\/\/laura4u.aboama.com\/pt-br\/wp-json\/wp\/v2\/media?parent=42856"}],"wp:term":[{"taxonomy":"product_brand","embeddable":true,"href":"https:\/\/laura4u.aboama.com\/pt-br\/wp-json\/wp\/v2\/product_brand?post=42856"},{"taxonomy":"product_cat","embeddable":true,"href":"https:\/\/laura4u.aboama.com\/pt-br\/wp-json\/wp\/v2\/product_cat?post=42856"},{"taxonomy":"product_tag","embeddable":true,"href":"https:\/\/laura4u.aboama.com\/pt-br\/wp-json\/wp\/v2\/product_tag?post=42856"}],"curies":[{"name":"wp","href":"https:\/\/api.w.org\/{rel}","templated":true}]}}