{"id":42812,"date":"2023-12-27T10:43:45","date_gmt":"2023-12-27T09:43:45","guid":{"rendered":"https:\/\/laura4u.aboama.com\/?post_type=product&#038;p=42812"},"modified":"2023-12-27T11:46:56","modified_gmt":"2023-12-27T10:46:56","slug":"pon-pon-beanie","status":"publish","type":"product","link":"https:\/\/laura4u.aboama.com\/pt-br\/prodotto\/pon-pon-beanie\/","title":{"rendered":"FEIJ\u00c3OZINHO"},"content":{"rendered":"<p>Gorro de malha feito de v\u00e1rios fios pesados, modelo com lapelas, faixa t\u00e9rmica que imita pele de carneiro, pompom grande, design de listras horizontais. Duas alternativas de cores: tons de azul e tons de rosa. Personaliza\u00e7\u00e3o com etiqueta costurada LAURA PAUSINI WORLD TOUR 2023\/2024.<\/p>\n<p>Composi\u00e7\u00e3o: 100% acr\u00edlico macio.<br \/>\nO tamanho \u00fanico serve para todos.<\/p>\n","protected":false},"excerpt":{"rendered":"<p>DESCRI\u00c7\u00c3O: Gorro tricotado com diversos fios pesados, modelo com punhos, faixa t\u00e9rmica em imita\u00e7\u00e3o de pele de carneiro, pompom grande, desenho de listras horizontais. Duas alternativas de cores: tons de azul e tons de rosa. Personaliza\u00e7\u00e3o com etiqueta costurada LAURA PAUSINI WORLD TOUR 2023\/2024.<\/p>\n<p>Composi\u00e7\u00e3o:\u00a0 100% acr\u00edlico macio.<br \/>\nUm tamanho.<\/p>\n","protected":false},"featured_media":42816,"template":"","meta":[],"product_brand":[],"product_cat":[541],"product_tag":[],"class_list":{"0":"post-42812","1":"product","2":"type-product","3":"status-publish","4":"has-post-thumbnail","6":"product_cat-world-tour-pt-br","8":"first","9":"outofstock","10":"taxable","11":"shipping-taxable","12":"purchasable","13":"product-type-variable","14":"wpzoom-wc-spi-has-enabled"},"yoast_head":"<!-- This site is optimized with the Yoast SEO plugin v27.3 - https:\/\/yoast.com\/product\/yoast-seo-wordpress\/ -->\n<title>FEIJ\u00c3OZINHO - Laura4u<\/title>\n<meta name=\"robots\" content=\"index, follow, max-snippet:-1, max-image-preview:large, max-video-preview:-1\" \/>\n<link rel=\"canonical\" href=\"https:\/\/laura4u.aboama.com\/pt-br\/prodotto\/pon-pon-beanie\/\" \/>\n<meta property=\"og:locale\" content=\"pt_BR\" \/>\n<meta property=\"og:type\" content=\"article\" \/>\n<meta property=\"og:title\" content=\"FEIJ\u00c3OZINHO - Laura4u\" \/>\n<meta property=\"og:description\" content=\"DESCRI\u00c7\u00c3O: Gorro tricotado com diversos fios pesados, modelo com punhos, faixa t\u00e9rmica em imita\u00e7\u00e3o de pele de carneiro, pompom grande, desenho de listras horizontais. Duas alternativas de cores: tons de azul e tons de rosa. Personaliza\u00e7\u00e3o com etiqueta costurada LAURA PAUSINI WORLD TOUR 2023\/2024.  Composi\u00e7\u00e3o:\u00a0 100% acr\u00edlico macio. Um tamanho.\" \/>\n<meta property=\"og:url\" content=\"https:\/\/laura4u.aboama.com\/pt-br\/prodotto\/pon-pon-beanie\/\" \/>\n<meta property=\"og:site_name\" content=\"Laura4u\" \/>\n<meta property=\"article:modified_time\" content=\"2023-12-27T10:46:56+00:00\" \/>\n<meta property=\"og:image\" content=\"https:\/\/laura4u.aboama.com\/wp-content\/uploads\/sites\/39\/2023\/12\/Beanie_1-copia.jpg\" \/>\n\t<meta property=\"og:image:width\" content=\"2000\" \/>\n\t<meta property=\"og:image:height\" content=\"2000\" \/>\n\t<meta property=\"og:image:type\" content=\"image\/jpeg\" \/>\n<meta name=\"twitter:card\" content=\"summary_large_image\" \/>\n<meta name=\"twitter:label1\" content=\"Est. tempo de leitura\" \/>\n\t<meta name=\"twitter:data1\" content=\"1 minuto\" \/>\n<script type=\"application\/ld+json\" class=\"yoast-schema-graph\">{\"@context\":\"https:\\\/\\\/schema.org\",\"@graph\":[{\"@type\":\"WebPage\",\"@id\":\"https:\\\/\\\/laura4u.aboama.com\\\/pt-br\\\/prodotto\\\/pon-pon-beanie\\\/\",\"url\":\"https:\\\/\\\/laura4u.aboama.com\\\/pt-br\\\/prodotto\\\/pon-pon-beanie\\\/\",\"name\":\"FEIJ\u00c3OZINHO - Laura4u\",\"isPartOf\":{\"@id\":\"https:\\\/\\\/laura4u.aboama.com\\\/pt-br\\\/#website\"},\"primaryImageOfPage\":{\"@id\":\"https:\\\/\\\/laura4u.aboama.com\\\/pt-br\\\/prodotto\\\/pon-pon-beanie\\\/#primaryimage\"},\"image\":{\"@id\":\"https:\\\/\\\/laura4u.aboama.com\\\/pt-br\\\/prodotto\\\/pon-pon-beanie\\\/#primaryimage\"},\"thumbnailUrl\":\"https:\\\/\\\/laura4u.aboama.com\\\/wp-content\\\/uploads\\\/sites\\\/39\\\/2023\\\/12\\\/Beanie_1-copia.jpg\",\"datePublished\":\"2023-12-27T09:43:45+00:00\",\"dateModified\":\"2023-12-27T10:46:56+00:00\",\"breadcrumb\":{\"@id\":\"https:\\\/\\\/laura4u.aboama.com\\\/pt-br\\\/prodotto\\\/pon-pon-beanie\\\/#breadcrumb\"},\"inLanguage\":\"pt-BR\",\"potentialAction\":[{\"@type\":\"ReadAction\",\"target\":[\"https:\\\/\\\/laura4u.aboama.com\\\/pt-br\\\/prodotto\\\/pon-pon-beanie\\\/\"]}]},{\"@type\":\"ImageObject\",\"inLanguage\":\"pt-BR\",\"@id\":\"https:\\\/\\\/laura4u.aboama.com\\\/pt-br\\\/prodotto\\\/pon-pon-beanie\\\/#primaryimage\",\"url\":\"https:\\\/\\\/laura4u.aboama.com\\\/wp-content\\\/uploads\\\/sites\\\/39\\\/2023\\\/12\\\/Beanie_1-copia.jpg\",\"contentUrl\":\"https:\\\/\\\/laura4u.aboama.com\\\/wp-content\\\/uploads\\\/sites\\\/39\\\/2023\\\/12\\\/Beanie_1-copia.jpg\",\"width\":2000,\"height\":2000},{\"@type\":\"BreadcrumbList\",\"@id\":\"https:\\\/\\\/laura4u.aboama.com\\\/pt-br\\\/prodotto\\\/pon-pon-beanie\\\/#breadcrumb\",\"itemListElement\":[{\"@type\":\"ListItem\",\"position\":1,\"name\":\"Home\",\"item\":\"https:\\\/\\\/laura4u.aboama.com\\\/pt-br\\\/pagina-di-esempio\\\/\"},{\"@type\":\"ListItem\",\"position\":2,\"name\":\"Loja\",\"item\":\"https:\\\/\\\/laura4u.aboama.com\\\/pt-br\\\/loja\\\/\"},{\"@type\":\"ListItem\",\"position\":3,\"name\":\"FEIJ\u00c3OZINHO\"}]},{\"@type\":\"WebSite\",\"@id\":\"https:\\\/\\\/laura4u.aboama.com\\\/pt-br\\\/#website\",\"url\":\"https:\\\/\\\/laura4u.aboama.com\\\/pt-br\\\/\",\"name\":\"Laura4u\",\"description\":\"Ink Printed In Italy\",\"publisher\":{\"@id\":\"https:\\\/\\\/laura4u.aboama.com\\\/pt-br\\\/#organization\"},\"potentialAction\":[{\"@type\":\"SearchAction\",\"target\":{\"@type\":\"EntryPoint\",\"urlTemplate\":\"https:\\\/\\\/laura4u.aboama.com\\\/pt-br\\\/?s={search_term_string}\"},\"query-input\":{\"@type\":\"PropertyValueSpecification\",\"valueRequired\":true,\"valueName\":\"search_term_string\"}}],\"inLanguage\":\"pt-BR\"},{\"@type\":\"Organization\",\"@id\":\"https:\\\/\\\/laura4u.aboama.com\\\/pt-br\\\/#organization\",\"name\":\"Laura4u\",\"url\":\"https:\\\/\\\/laura4u.aboama.com\\\/pt-br\\\/\",\"logo\":{\"@type\":\"ImageObject\",\"inLanguage\":\"pt-BR\",\"@id\":\"https:\\\/\\\/laura4u.aboama.com\\\/pt-br\\\/#\\\/schema\\\/logo\\\/image\\\/\",\"url\":\"https:\\\/\\\/laura4u.aboama.com\\\/wp-content\\\/uploads\\\/sites\\\/39\\\/2022\\\/07\\\/cropped-LP-official-merch-copia-600x322-1.png\",\"contentUrl\":\"https:\\\/\\\/laura4u.aboama.com\\\/wp-content\\\/uploads\\\/sites\\\/39\\\/2022\\\/07\\\/cropped-LP-official-merch-copia-600x322-1.png\",\"width\":600,\"height\":322,\"caption\":\"Laura4u\"},\"image\":{\"@id\":\"https:\\\/\\\/laura4u.aboama.com\\\/pt-br\\\/#\\\/schema\\\/logo\\\/image\\\/\"}}]}<\/script>\n<!-- \/ Yoast SEO plugin. -->","yoast_head_json":{"title":"FEIJ\u00c3OZINHO - Laura4u","robots":{"index":"index","follow":"follow","max-snippet":"max-snippet:-1","max-image-preview":"max-image-preview:large","max-video-preview":"max-video-preview:-1"},"canonical":"https:\/\/laura4u.aboama.com\/pt-br\/prodotto\/pon-pon-beanie\/","og_locale":"pt_BR","og_type":"article","og_title":"FEIJ\u00c3OZINHO - Laura4u","og_description":"DESCRI\u00c7\u00c3O: Gorro tricotado com diversos fios pesados, modelo com punhos, faixa t\u00e9rmica em imita\u00e7\u00e3o de pele de carneiro, pompom grande, desenho de listras horizontais. Duas alternativas de cores: tons de azul e tons de rosa. Personaliza\u00e7\u00e3o com etiqueta costurada LAURA PAUSINI WORLD TOUR 2023\/2024.  Composi\u00e7\u00e3o:\u00a0 100% acr\u00edlico macio. Um tamanho.","og_url":"https:\/\/laura4u.aboama.com\/pt-br\/prodotto\/pon-pon-beanie\/","og_site_name":"Laura4u","article_modified_time":"2023-12-27T10:46:56+00:00","og_image":[{"width":2000,"height":2000,"url":"https:\/\/laura4u.aboama.com\/wp-content\/uploads\/sites\/39\/2023\/12\/Beanie_1-copia.jpg","type":"image\/jpeg"}],"twitter_card":"summary_large_image","twitter_misc":{"Est. tempo de leitura":"1 minuto"},"schema":{"@context":"https:\/\/schema.org","@graph":[{"@type":"WebPage","@id":"https:\/\/laura4u.aboama.com\/pt-br\/prodotto\/pon-pon-beanie\/","url":"https:\/\/laura4u.aboama.com\/pt-br\/prodotto\/pon-pon-beanie\/","name":"FEIJ\u00c3OZINHO - Laura4u","isPartOf":{"@id":"https:\/\/laura4u.aboama.com\/pt-br\/#website"},"primaryImageOfPage":{"@id":"https:\/\/laura4u.aboama.com\/pt-br\/prodotto\/pon-pon-beanie\/#primaryimage"},"image":{"@id":"https:\/\/laura4u.aboama.com\/pt-br\/prodotto\/pon-pon-beanie\/#primaryimage"},"thumbnailUrl":"https:\/\/laura4u.aboama.com\/wp-content\/uploads\/sites\/39\/2023\/12\/Beanie_1-copia.jpg","datePublished":"2023-12-27T09:43:45+00:00","dateModified":"2023-12-27T10:46:56+00:00","breadcrumb":{"@id":"https:\/\/laura4u.aboama.com\/pt-br\/prodotto\/pon-pon-beanie\/#breadcrumb"},"inLanguage":"pt-BR","potentialAction":[{"@type":"ReadAction","target":["https:\/\/laura4u.aboama.com\/pt-br\/prodotto\/pon-pon-beanie\/"]}]},{"@type":"ImageObject","inLanguage":"pt-BR","@id":"https:\/\/laura4u.aboama.com\/pt-br\/prodotto\/pon-pon-beanie\/#primaryimage","url":"https:\/\/laura4u.aboama.com\/wp-content\/uploads\/sites\/39\/2023\/12\/Beanie_1-copia.jpg","contentUrl":"https:\/\/laura4u.aboama.com\/wp-content\/uploads\/sites\/39\/2023\/12\/Beanie_1-copia.jpg","width":2000,"height":2000},{"@type":"BreadcrumbList","@id":"https:\/\/laura4u.aboama.com\/pt-br\/prodotto\/pon-pon-beanie\/#breadcrumb","itemListElement":[{"@type":"ListItem","position":1,"name":"Home","item":"https:\/\/laura4u.aboama.com\/pt-br\/pagina-di-esempio\/"},{"@type":"ListItem","position":2,"name":"Loja","item":"https:\/\/laura4u.aboama.com\/pt-br\/loja\/"},{"@type":"ListItem","position":3,"name":"FEIJ\u00c3OZINHO"}]},{"@type":"WebSite","@id":"https:\/\/laura4u.aboama.com\/pt-br\/#website","url":"https:\/\/laura4u.aboama.com\/pt-br\/","name":"Laura4u","description":"Ink Printed In Italy","publisher":{"@id":"https:\/\/laura4u.aboama.com\/pt-br\/#organization"},"potentialAction":[{"@type":"SearchAction","target":{"@type":"EntryPoint","urlTemplate":"https:\/\/laura4u.aboama.com\/pt-br\/?s={search_term_string}"},"query-input":{"@type":"PropertyValueSpecification","valueRequired":true,"valueName":"search_term_string"}}],"inLanguage":"pt-BR"},{"@type":"Organization","@id":"https:\/\/laura4u.aboama.com\/pt-br\/#organization","name":"Laura4u","url":"https:\/\/laura4u.aboama.com\/pt-br\/","logo":{"@type":"ImageObject","inLanguage":"pt-BR","@id":"https:\/\/laura4u.aboama.com\/pt-br\/#\/schema\/logo\/image\/","url":"https:\/\/laura4u.aboama.com\/wp-content\/uploads\/sites\/39\/2022\/07\/cropped-LP-official-merch-copia-600x322-1.png","contentUrl":"https:\/\/laura4u.aboama.com\/wp-content\/uploads\/sites\/39\/2022\/07\/cropped-LP-official-merch-copia-600x322-1.png","width":600,"height":322,"caption":"Laura4u"},"image":{"@id":"https:\/\/laura4u.aboama.com\/pt-br\/#\/schema\/logo\/image\/"}}]}},"_links":{"self":[{"href":"https:\/\/laura4u.aboama.com\/pt-br\/wp-json\/wp\/v2\/product\/42812","targetHints":{"allow":["GET"]}}],"collection":[{"href":"https:\/\/laura4u.aboama.com\/pt-br\/wp-json\/wp\/v2\/product"}],"about":[{"href":"https:\/\/laura4u.aboama.com\/pt-br\/wp-json\/wp\/v2\/types\/product"}],"wp:featuredmedia":[{"embeddable":true,"href":"https:\/\/laura4u.aboama.com\/pt-br\/wp-json\/wp\/v2\/media\/42816"}],"wp:attachment":[{"href":"https:\/\/laura4u.aboama.com\/pt-br\/wp-json\/wp\/v2\/media?parent=42812"}],"wp:term":[{"taxonomy":"product_brand","embeddable":true,"href":"https:\/\/laura4u.aboama.com\/pt-br\/wp-json\/wp\/v2\/product_brand?post=42812"},{"taxonomy":"product_cat","embeddable":true,"href":"https:\/\/laura4u.aboama.com\/pt-br\/wp-json\/wp\/v2\/product_cat?post=42812"},{"taxonomy":"product_tag","embeddable":true,"href":"https:\/\/laura4u.aboama.com\/pt-br\/wp-json\/wp\/v2\/product_tag?post=42812"}],"curies":[{"name":"wp","href":"https:\/\/api.w.org\/{rel}","templated":true}]}}