{"id":41399,"date":"2023-04-11T23:09:23","date_gmt":"2023-04-11T21:09:23","guid":{"rendered":"https:\/\/laura4u.aboama.com\/?post_type=product&#038;p=41399"},"modified":"2023-04-13T21:00:29","modified_gmt":"2023-04-13T19:00:29","slug":"laura30-moletom-e-calca-jogger-oficial","status":"publish","type":"product","link":"https:\/\/laura4u.aboama.com\/pt-br\/prodotto\/laura30-moletom-e-calca-jogger-oficial\/","title":{"rendered":"LAURA30 \u2013 Moletom e cal\u00e7a jogger oficial"},"content":{"rendered":"<p><strong>SU\u00c9TER<\/strong><\/p>\n<table class=\"alignleft\" border=\"1\">\n<tbody>\n<tr>\n<td style=\"text-align: left;\">Tamanho<\/td>\n<td>S<\/td>\n<td>M<\/td>\n<td>L<\/td>\n<td>XL<\/td>\n<td>2XL<\/td>\n<\/tr>\n<tr>\n<td style=\"text-align: left;\">Altura<\/td>\n<td>70 cm<\/td>\n<td>72 cm<\/td>\n<td>74 cm<\/td>\n<td>76 cm<\/td>\n<td>78 cm<\/td>\n<\/tr>\n<tr>\n<td style=\"text-align: left;\">Largura<\/td>\n<td>52 cm<\/td>\n<td>55 cm<\/td>\n<td>59 cm<\/td>\n<td>62,5 cm<\/td>\n<td>66 cm<\/td>\n<\/tr>\n<\/tbody>\n<\/table>\n<p><strong>Modelo unisexo. Consultar as medidas na tabela para o ajuste.<\/strong><\/p>\n<p>Ajuste cl\u00e1ssico<br \/>\n80% algod\u00e3o penteado fiado em anel, pr\u00e9-encolhido, 20% poli\u00e9ster. Forrado internamente.<\/p>\n<p><strong>JOGGERS<\/strong><\/p>\n<table class=\"alignleft\" border=\"1\">\n<tbody>\n<tr>\n<td style=\"text-align: left;\">Tamanho<\/td>\n<td>S<\/td>\n<td>M<\/td>\n<td>L<\/td>\n<td>XL<\/td>\n<\/tr>\n<tr>\n<td style=\"text-align: left;\">Altura<\/td>\n<td>108 cm<\/td>\n<td>112 cm<\/td>\n<td>114 cm<\/td>\n<td>116 cm<\/td>\n<\/tr>\n<tr>\n<td style=\"text-align: left;\">Largura<\/td>\n<td>47 cm<\/td>\n<td>51 cm<\/td>\n<td>55 cm<\/td>\n<td>59 cm<\/td>\n<\/tr>\n<\/tbody>\n<\/table>\n<p><strong>Modelo unisexo. Consultar as medidas na tabela para o ajuste.<\/strong><\/p>\n<p>Ajuste cl\u00e1ssico<br \/>\nPara adapta\u00e7\u00f5es femininas, recomendamos a compra de um tamanho mais pequeno ou a refer\u00eancia \u00e0s medidas na tabela.<br \/>\n52% algod\u00e3o, 48% l\u00e3 de poli\u00e9ster. Cal\u00e7a de moletom unissex, com bolsos e costuras laterais, punhos canelados no tornozelo, c\u00f3s el\u00e1stico com ilh\u00f3s e cord\u00e3o branco.<\/p>\n","protected":false},"excerpt":{"rendered":"<p><strong>SU\u00c9TER<\/strong><br \/>\nO moletom com o novo logo oficial, pensado para comemorar os 30 anos de carreira de Laura.<br \/>\nFrente: gr\u00e1fico LAURA30 impresso.<br \/>\nAtr\u00e1s: Laura Pausini \u2013 ANIVERS\u00c1RIO 30 impresso.<br \/>\nNo interior: C\u00f3digo QR LP Produto Licenciado Oficial feito com impress\u00e3o dtf.<\/p>\n<p><strong>JOGGERS<\/strong><br \/>\nA cal\u00e7a com o novo logo oficial, pensada para comemorar os 30 anos de carreira de Laura.<br \/>\nFrente: gr\u00e1fico LAURA30 impresso.<br \/>\nNo interior: C\u00f3digo QR LP Produto Licenciado Oficial feito com impress\u00e3o dtf.<\/p>\n","protected":false},"featured_media":43049,"template":"","meta":[],"product_brand":[],"product_cat":[212,452,144,200],"product_tag":[],"class_list":{"0":"post-41399","1":"product","2":"type-product","3":"status-publish","4":"has-post-thumbnail","6":"product_cat-homem","7":"product_cat-laura30-pt-br","8":"product_cat-mulher","9":"product_cat-unisex-pt-br","11":"first","12":"instock","13":"taxable","14":"shipping-taxable","15":"purchasable","16":"product-type-variable","17":"has-default-attributes","18":"wpzoom-wc-spi-has-enabled"},"yoast_head":"<!-- This site is optimized with the Yoast SEO plugin v27.3 - https:\/\/yoast.com\/product\/yoast-seo-wordpress\/ -->\n<title>LAURA30 \u2013 Moletom e cal\u00e7a jogger oficial - Laura4u<\/title>\n<meta name=\"robots\" content=\"index, follow, max-snippet:-1, max-image-preview:large, max-video-preview:-1\" \/>\n<link rel=\"canonical\" href=\"https:\/\/laura4u.aboama.com\/pt-br\/prodotto\/laura30-moletom-e-calca-jogger-oficial\/\" \/>\n<meta property=\"og:locale\" content=\"pt_BR\" \/>\n<meta property=\"og:type\" content=\"article\" \/>\n<meta property=\"og:title\" content=\"LAURA30 \u2013 Moletom e cal\u00e7a jogger oficial - Laura4u\" \/>\n<meta property=\"og:description\" content=\"SU\u00c9TER O moletom com o novo logo oficial, pensado para comemorar os 30 anos de carreira de Laura. Frente: gr\u00e1fico LAURA30 impresso. Atr\u00e1s: Laura Pausini \u2013 ANIVERS\u00c1RIO 30 impresso. No interior: C\u00f3digo QR LP Produto Licenciado Oficial feito com impress\u00e3o dtf.  JOGGERS A cal\u00e7a com o novo logo oficial, pensada para comemorar os 30 anos de carreira de Laura. Frente: gr\u00e1fico LAURA30 impresso. No interior: C\u00f3digo QR LP Produto Licenciado Oficial feito com impress\u00e3o dtf.\" \/>\n<meta property=\"og:url\" content=\"https:\/\/laura4u.aboama.com\/pt-br\/prodotto\/laura30-moletom-e-calca-jogger-oficial\/\" \/>\n<meta property=\"og:site_name\" content=\"Laura4u\" \/>\n<meta property=\"article:modified_time\" content=\"2023-04-13T19:00:29+00:00\" \/>\n<meta property=\"og:image\" content=\"https:\/\/laura4u.aboama.com\/wp-content\/uploads\/sites\/39\/2023\/04\/Completo-blu.jpg\" \/>\n\t<meta property=\"og:image:width\" content=\"1772\" \/>\n\t<meta property=\"og:image:height\" content=\"1772\" \/>\n\t<meta property=\"og:image:type\" content=\"image\/jpeg\" \/>\n<meta name=\"twitter:card\" content=\"summary_large_image\" \/>\n<meta name=\"twitter:label1\" content=\"Est. tempo de leitura\" \/>\n\t<meta name=\"twitter:data1\" content=\"1 minuto\" \/>\n<script type=\"application\/ld+json\" class=\"yoast-schema-graph\">{\"@context\":\"https:\\\/\\\/schema.org\",\"@graph\":[{\"@type\":\"WebPage\",\"@id\":\"https:\\\/\\\/laura4u.aboama.com\\\/pt-br\\\/prodotto\\\/laura30-moletom-e-calca-jogger-oficial\\\/\",\"url\":\"https:\\\/\\\/laura4u.aboama.com\\\/pt-br\\\/prodotto\\\/laura30-moletom-e-calca-jogger-oficial\\\/\",\"name\":\"LAURA30 \u2013 Moletom e cal\u00e7a jogger oficial - Laura4u\",\"isPartOf\":{\"@id\":\"https:\\\/\\\/laura4u.aboama.com\\\/pt-br\\\/#website\"},\"primaryImageOfPage\":{\"@id\":\"https:\\\/\\\/laura4u.aboama.com\\\/pt-br\\\/prodotto\\\/laura30-moletom-e-calca-jogger-oficial\\\/#primaryimage\"},\"image\":{\"@id\":\"https:\\\/\\\/laura4u.aboama.com\\\/pt-br\\\/prodotto\\\/laura30-moletom-e-calca-jogger-oficial\\\/#primaryimage\"},\"thumbnailUrl\":\"https:\\\/\\\/laura4u.aboama.com\\\/wp-content\\\/uploads\\\/sites\\\/39\\\/2023\\\/04\\\/BLU-FRONT-1-copia-copia.jpg\",\"datePublished\":\"2023-04-11T21:09:23+00:00\",\"dateModified\":\"2023-04-13T19:00:29+00:00\",\"breadcrumb\":{\"@id\":\"https:\\\/\\\/laura4u.aboama.com\\\/pt-br\\\/prodotto\\\/laura30-moletom-e-calca-jogger-oficial\\\/#breadcrumb\"},\"inLanguage\":\"pt-BR\",\"potentialAction\":[{\"@type\":\"ReadAction\",\"target\":[\"https:\\\/\\\/laura4u.aboama.com\\\/pt-br\\\/prodotto\\\/laura30-moletom-e-calca-jogger-oficial\\\/\"]}]},{\"@type\":\"ImageObject\",\"inLanguage\":\"pt-BR\",\"@id\":\"https:\\\/\\\/laura4u.aboama.com\\\/pt-br\\\/prodotto\\\/laura30-moletom-e-calca-jogger-oficial\\\/#primaryimage\",\"url\":\"https:\\\/\\\/laura4u.aboama.com\\\/wp-content\\\/uploads\\\/sites\\\/39\\\/2023\\\/04\\\/BLU-FRONT-1-copia-copia.jpg\",\"contentUrl\":\"https:\\\/\\\/laura4u.aboama.com\\\/wp-content\\\/uploads\\\/sites\\\/39\\\/2023\\\/04\\\/BLU-FRONT-1-copia-copia.jpg\",\"width\":1772,\"height\":1772},{\"@type\":\"BreadcrumbList\",\"@id\":\"https:\\\/\\\/laura4u.aboama.com\\\/pt-br\\\/prodotto\\\/laura30-moletom-e-calca-jogger-oficial\\\/#breadcrumb\",\"itemListElement\":[{\"@type\":\"ListItem\",\"position\":1,\"name\":\"Home\",\"item\":\"https:\\\/\\\/laura4u.aboama.com\\\/pt-br\\\/pagina-di-esempio\\\/\"},{\"@type\":\"ListItem\",\"position\":2,\"name\":\"Loja\",\"item\":\"https:\\\/\\\/laura4u.aboama.com\\\/pt-br\\\/loja\\\/\"},{\"@type\":\"ListItem\",\"position\":3,\"name\":\"LAURA30 \u2013 Moletom e cal\u00e7a jogger oficial\"}]},{\"@type\":\"WebSite\",\"@id\":\"https:\\\/\\\/laura4u.aboama.com\\\/pt-br\\\/#website\",\"url\":\"https:\\\/\\\/laura4u.aboama.com\\\/pt-br\\\/\",\"name\":\"Laura4u\",\"description\":\"Ink Printed In Italy\",\"publisher\":{\"@id\":\"https:\\\/\\\/laura4u.aboama.com\\\/pt-br\\\/#organization\"},\"potentialAction\":[{\"@type\":\"SearchAction\",\"target\":{\"@type\":\"EntryPoint\",\"urlTemplate\":\"https:\\\/\\\/laura4u.aboama.com\\\/pt-br\\\/?s={search_term_string}\"},\"query-input\":{\"@type\":\"PropertyValueSpecification\",\"valueRequired\":true,\"valueName\":\"search_term_string\"}}],\"inLanguage\":\"pt-BR\"},{\"@type\":\"Organization\",\"@id\":\"https:\\\/\\\/laura4u.aboama.com\\\/pt-br\\\/#organization\",\"name\":\"Laura4u\",\"url\":\"https:\\\/\\\/laura4u.aboama.com\\\/pt-br\\\/\",\"logo\":{\"@type\":\"ImageObject\",\"inLanguage\":\"pt-BR\",\"@id\":\"https:\\\/\\\/laura4u.aboama.com\\\/pt-br\\\/#\\\/schema\\\/logo\\\/image\\\/\",\"url\":\"https:\\\/\\\/laura4u.aboama.com\\\/wp-content\\\/uploads\\\/sites\\\/39\\\/2022\\\/07\\\/cropped-LP-official-merch-copia-600x322-1.png\",\"contentUrl\":\"https:\\\/\\\/laura4u.aboama.com\\\/wp-content\\\/uploads\\\/sites\\\/39\\\/2022\\\/07\\\/cropped-LP-official-merch-copia-600x322-1.png\",\"width\":600,\"height\":322,\"caption\":\"Laura4u\"},\"image\":{\"@id\":\"https:\\\/\\\/laura4u.aboama.com\\\/pt-br\\\/#\\\/schema\\\/logo\\\/image\\\/\"}}]}<\/script>\n<!-- \/ Yoast SEO plugin. -->","yoast_head_json":{"title":"LAURA30 \u2013 Moletom e cal\u00e7a jogger oficial - Laura4u","robots":{"index":"index","follow":"follow","max-snippet":"max-snippet:-1","max-image-preview":"max-image-preview:large","max-video-preview":"max-video-preview:-1"},"canonical":"https:\/\/laura4u.aboama.com\/pt-br\/prodotto\/laura30-moletom-e-calca-jogger-oficial\/","og_locale":"pt_BR","og_type":"article","og_title":"LAURA30 \u2013 Moletom e cal\u00e7a jogger oficial - Laura4u","og_description":"SU\u00c9TER O moletom com o novo logo oficial, pensado para comemorar os 30 anos de carreira de Laura. Frente: gr\u00e1fico LAURA30 impresso. Atr\u00e1s: Laura Pausini \u2013 ANIVERS\u00c1RIO 30 impresso. No interior: C\u00f3digo QR LP Produto Licenciado Oficial feito com impress\u00e3o dtf.  JOGGERS A cal\u00e7a com o novo logo oficial, pensada para comemorar os 30 anos de carreira de Laura. Frente: gr\u00e1fico LAURA30 impresso. No interior: C\u00f3digo QR LP Produto Licenciado Oficial feito com impress\u00e3o dtf.","og_url":"https:\/\/laura4u.aboama.com\/pt-br\/prodotto\/laura30-moletom-e-calca-jogger-oficial\/","og_site_name":"Laura4u","article_modified_time":"2023-04-13T19:00:29+00:00","og_image":[{"width":1772,"height":1772,"url":"https:\/\/laura4u.aboama.com\/wp-content\/uploads\/sites\/39\/2023\/04\/Completo-blu.jpg","type":"image\/jpeg"}],"twitter_card":"summary_large_image","twitter_misc":{"Est. tempo de leitura":"1 minuto"},"schema":{"@context":"https:\/\/schema.org","@graph":[{"@type":"WebPage","@id":"https:\/\/laura4u.aboama.com\/pt-br\/prodotto\/laura30-moletom-e-calca-jogger-oficial\/","url":"https:\/\/laura4u.aboama.com\/pt-br\/prodotto\/laura30-moletom-e-calca-jogger-oficial\/","name":"LAURA30 \u2013 Moletom e cal\u00e7a jogger oficial - Laura4u","isPartOf":{"@id":"https:\/\/laura4u.aboama.com\/pt-br\/#website"},"primaryImageOfPage":{"@id":"https:\/\/laura4u.aboama.com\/pt-br\/prodotto\/laura30-moletom-e-calca-jogger-oficial\/#primaryimage"},"image":{"@id":"https:\/\/laura4u.aboama.com\/pt-br\/prodotto\/laura30-moletom-e-calca-jogger-oficial\/#primaryimage"},"thumbnailUrl":"https:\/\/laura4u.aboama.com\/wp-content\/uploads\/sites\/39\/2023\/04\/BLU-FRONT-1-copia-copia.jpg","datePublished":"2023-04-11T21:09:23+00:00","dateModified":"2023-04-13T19:00:29+00:00","breadcrumb":{"@id":"https:\/\/laura4u.aboama.com\/pt-br\/prodotto\/laura30-moletom-e-calca-jogger-oficial\/#breadcrumb"},"inLanguage":"pt-BR","potentialAction":[{"@type":"ReadAction","target":["https:\/\/laura4u.aboama.com\/pt-br\/prodotto\/laura30-moletom-e-calca-jogger-oficial\/"]}]},{"@type":"ImageObject","inLanguage":"pt-BR","@id":"https:\/\/laura4u.aboama.com\/pt-br\/prodotto\/laura30-moletom-e-calca-jogger-oficial\/#primaryimage","url":"https:\/\/laura4u.aboama.com\/wp-content\/uploads\/sites\/39\/2023\/04\/BLU-FRONT-1-copia-copia.jpg","contentUrl":"https:\/\/laura4u.aboama.com\/wp-content\/uploads\/sites\/39\/2023\/04\/BLU-FRONT-1-copia-copia.jpg","width":1772,"height":1772},{"@type":"BreadcrumbList","@id":"https:\/\/laura4u.aboama.com\/pt-br\/prodotto\/laura30-moletom-e-calca-jogger-oficial\/#breadcrumb","itemListElement":[{"@type":"ListItem","position":1,"name":"Home","item":"https:\/\/laura4u.aboama.com\/pt-br\/pagina-di-esempio\/"},{"@type":"ListItem","position":2,"name":"Loja","item":"https:\/\/laura4u.aboama.com\/pt-br\/loja\/"},{"@type":"ListItem","position":3,"name":"LAURA30 \u2013 Moletom e cal\u00e7a jogger oficial"}]},{"@type":"WebSite","@id":"https:\/\/laura4u.aboama.com\/pt-br\/#website","url":"https:\/\/laura4u.aboama.com\/pt-br\/","name":"Laura4u","description":"Ink Printed In Italy","publisher":{"@id":"https:\/\/laura4u.aboama.com\/pt-br\/#organization"},"potentialAction":[{"@type":"SearchAction","target":{"@type":"EntryPoint","urlTemplate":"https:\/\/laura4u.aboama.com\/pt-br\/?s={search_term_string}"},"query-input":{"@type":"PropertyValueSpecification","valueRequired":true,"valueName":"search_term_string"}}],"inLanguage":"pt-BR"},{"@type":"Organization","@id":"https:\/\/laura4u.aboama.com\/pt-br\/#organization","name":"Laura4u","url":"https:\/\/laura4u.aboama.com\/pt-br\/","logo":{"@type":"ImageObject","inLanguage":"pt-BR","@id":"https:\/\/laura4u.aboama.com\/pt-br\/#\/schema\/logo\/image\/","url":"https:\/\/laura4u.aboama.com\/wp-content\/uploads\/sites\/39\/2022\/07\/cropped-LP-official-merch-copia-600x322-1.png","contentUrl":"https:\/\/laura4u.aboama.com\/wp-content\/uploads\/sites\/39\/2022\/07\/cropped-LP-official-merch-copia-600x322-1.png","width":600,"height":322,"caption":"Laura4u"},"image":{"@id":"https:\/\/laura4u.aboama.com\/pt-br\/#\/schema\/logo\/image\/"}}]}},"_links":{"self":[{"href":"https:\/\/laura4u.aboama.com\/pt-br\/wp-json\/wp\/v2\/product\/41399","targetHints":{"allow":["GET"]}}],"collection":[{"href":"https:\/\/laura4u.aboama.com\/pt-br\/wp-json\/wp\/v2\/product"}],"about":[{"href":"https:\/\/laura4u.aboama.com\/pt-br\/wp-json\/wp\/v2\/types\/product"}],"wp:featuredmedia":[{"embeddable":true,"href":"https:\/\/laura4u.aboama.com\/pt-br\/wp-json\/wp\/v2\/media\/43049"}],"wp:attachment":[{"href":"https:\/\/laura4u.aboama.com\/pt-br\/wp-json\/wp\/v2\/media?parent=41399"}],"wp:term":[{"taxonomy":"product_brand","embeddable":true,"href":"https:\/\/laura4u.aboama.com\/pt-br\/wp-json\/wp\/v2\/product_brand?post=41399"},{"taxonomy":"product_cat","embeddable":true,"href":"https:\/\/laura4u.aboama.com\/pt-br\/wp-json\/wp\/v2\/product_cat?post=41399"},{"taxonomy":"product_tag","embeddable":true,"href":"https:\/\/laura4u.aboama.com\/pt-br\/wp-json\/wp\/v2\/product_tag?post=41399"}],"curies":[{"name":"wp","href":"https:\/\/api.w.org\/{rel}","templated":true}]}}