{"id":37776,"date":"2022-07-23T16:12:49","date_gmt":"2022-07-23T14:12:49","guid":{"rendered":"https:\/\/laura4u.aboama.com\/prodotto\/io-si-t-shirt-feminina-com-mini-tachas\/"},"modified":"2022-07-23T16:12:49","modified_gmt":"2022-07-23T14:12:49","slug":"i-i-tshirt-woman-with-miniborces","status":"publish","type":"product","link":"https:\/\/laura4u.aboama.com\/pt-br\/prodotto\/i-i-tshirt-woman-with-miniborces\/","title":{"rendered":"IO SI &#8211; T-shirt feminina com mini tachas"},"content":{"rendered":"<table class=\"alignleft\" border=\"1\">\n<tbody>\n<tr>\n<td style=\"text-align: left;\">Tamanho<\/td>\n<td>S<\/td>\n<td>M<\/td>\n<td>L<\/td>\n<td>XL<\/td>\n<\/tr>\n<tr>\n<td style=\"text-align: left;\">Altura MULHER<\/td>\n<td>60 cm<\/td>\n<td>62,5 cm<\/td>\n<td>65 cm<\/td>\n<td>67,5 cm<\/td>\n<\/tr>\n<tr>\n<td style=\"text-align: left;\">Largura MULHER<\/td>\n<td>42 cm<\/td>\n<td>46 cm<\/td>\n<td>49 cm<\/td>\n<td>51 cm<\/td>\n<\/tr>\n<\/tbody>\n<\/table>\n<p><strong>FIT CL\u00c1SSICO (peso do tecido 160g\/m2)<\/strong><\/p>\n<p>100% algod\u00e3o, anel fiado (camisa simples), gola el\u00e1stica de costura fina 1&#215;1, fita de pesco\u00e7o contrastante, costura dupla nas mangas e bainha inferior, costuras laterais, corte moderno.<\/p>\n","protected":false},"excerpt":{"rendered":"<p>Frente: inscri\u00e7\u00e3o IO SI feita com mini-pinos de 2 mm de di\u00e2metro, amuleto feito com bordado.<br \/>\nVoltar: aut\u00f3grafo de Laura com o cora\u00e7\u00e3o bordado no final.<\/p>\n<p>Dimens\u00f5es escritas com mini-pinos:<br \/>\nGui\u00e3o IO SI: altura 33 cm, largura 12 cm<br \/>\nDimens\u00f5es dos bordados:<br \/>\nAmuleto: di\u00e2metro 6cm<br \/>\nAut\u00f3grafo de Laura com cora\u00e7\u00e3o final: largura 10cm<\/p>\n<p>T-SHIRT com artesanato exclusivo e extremamente delicado: lavar apenas \u00e0 m\u00e3o e tratar com o m\u00e1ximo cuidado.<\/p>\n","protected":false},"featured_media":33173,"template":"","meta":[],"product_brand":[],"product_cat":[152,144],"product_tag":[],"class_list":{"0":"post-37776","1":"product","2":"type-product","3":"status-publish","4":"has-post-thumbnail","6":"product_cat-io-si-pt-br","7":"product_cat-mulher","9":"first","10":"instock","11":"taxable","12":"shipping-taxable","13":"purchasable","14":"product-type-variable","15":"has-default-attributes"},"yoast_head":"<!-- This site is optimized with the Yoast SEO plugin v27.3 - https:\/\/yoast.com\/product\/yoast-seo-wordpress\/ -->\n<title>IO SI - T-shirt feminina com mini tachas - Laura4u<\/title>\n<meta name=\"robots\" content=\"index, follow, max-snippet:-1, max-image-preview:large, max-video-preview:-1\" \/>\n<link rel=\"canonical\" href=\"https:\/\/laura4u.aboama.com\/pt-br\/prodotto\/i-i-tshirt-woman-with-miniborces\/\" \/>\n<meta property=\"og:locale\" content=\"pt_BR\" \/>\n<meta property=\"og:type\" content=\"article\" \/>\n<meta property=\"og:title\" content=\"IO SI - T-shirt feminina com mini tachas - Laura4u\" \/>\n<meta property=\"og:description\" content=\"Frente: inscri\u00e7\u00e3o IO SI feita com mini-pinos de 2 mm de di\u00e2metro, amuleto feito com bordado. Voltar: aut\u00f3grafo de Laura com o cora\u00e7\u00e3o bordado no final. Dimens\u00f5es escritas com mini-pinos: Gui\u00e3o IO SI: altura 33 cm, largura 12 cm Dimens\u00f5es dos bordados: Amuleto: di\u00e2metro 6cm Aut\u00f3grafo de Laura com cora\u00e7\u00e3o final: largura 10cm T-SHIRT com artesanato exclusivo e extremamente delicado: lavar apenas \u00e0 m\u00e3o e tratar com o m\u00e1ximo cuidado.\" \/>\n<meta property=\"og:url\" content=\"https:\/\/laura4u.aboama.com\/pt-br\/prodotto\/i-i-tshirt-woman-with-miniborces\/\" \/>\n<meta property=\"og:site_name\" content=\"Laura4u\" \/>\n<meta name=\"twitter:card\" content=\"summary_large_image\" \/>\n<script type=\"application\/ld+json\" class=\"yoast-schema-graph\">{\"@context\":\"https:\\\/\\\/schema.org\",\"@graph\":[{\"@type\":\"WebPage\",\"@id\":\"https:\\\/\\\/laura4u.aboama.com\\\/pt-br\\\/prodotto\\\/i-i-tshirt-woman-with-miniborces\\\/\",\"url\":\"https:\\\/\\\/laura4u.aboama.com\\\/pt-br\\\/prodotto\\\/i-i-tshirt-woman-with-miniborces\\\/\",\"name\":\"IO SI - T-shirt feminina com mini tachas - Laura4u\",\"isPartOf\":{\"@id\":\"https:\\\/\\\/laura4u.aboama.com\\\/pt-br\\\/#website\"},\"primaryImageOfPage\":{\"@id\":\"https:\\\/\\\/laura4u.aboama.com\\\/pt-br\\\/prodotto\\\/i-i-tshirt-woman-with-miniborces\\\/#primaryimage\"},\"image\":{\"@id\":\"https:\\\/\\\/laura4u.aboama.com\\\/pt-br\\\/prodotto\\\/i-i-tshirt-woman-with-miniborces\\\/#primaryimage\"},\"thumbnailUrl\":\"https:\\\/\\\/laura4u.aboama.com\\\/wp-content\\\/uploads\\\/sites\\\/39\\\/2022\\\/07\\\/shirt-donna-nera-fronte-borchia.jpg\",\"datePublished\":\"2022-07-23T14:12:49+00:00\",\"breadcrumb\":{\"@id\":\"https:\\\/\\\/laura4u.aboama.com\\\/pt-br\\\/prodotto\\\/i-i-tshirt-woman-with-miniborces\\\/#breadcrumb\"},\"inLanguage\":\"pt-BR\",\"potentialAction\":[{\"@type\":\"ReadAction\",\"target\":[\"https:\\\/\\\/laura4u.aboama.com\\\/pt-br\\\/prodotto\\\/i-i-tshirt-woman-with-miniborces\\\/\"]}]},{\"@type\":\"ImageObject\",\"inLanguage\":\"pt-BR\",\"@id\":\"https:\\\/\\\/laura4u.aboama.com\\\/pt-br\\\/prodotto\\\/i-i-tshirt-woman-with-miniborces\\\/#primaryimage\",\"url\":\"https:\\\/\\\/laura4u.aboama.com\\\/wp-content\\\/uploads\\\/sites\\\/39\\\/2022\\\/07\\\/shirt-donna-nera-fronte-borchia.jpg\",\"contentUrl\":\"https:\\\/\\\/laura4u.aboama.com\\\/wp-content\\\/uploads\\\/sites\\\/39\\\/2022\\\/07\\\/shirt-donna-nera-fronte-borchia.jpg\",\"width\":1500,\"height\":1500},{\"@type\":\"BreadcrumbList\",\"@id\":\"https:\\\/\\\/laura4u.aboama.com\\\/pt-br\\\/prodotto\\\/i-i-tshirt-woman-with-miniborces\\\/#breadcrumb\",\"itemListElement\":[{\"@type\":\"ListItem\",\"position\":1,\"name\":\"Home\",\"item\":\"https:\\\/\\\/laura4u.aboama.com\\\/pt-br\\\/pagina-di-esempio\\\/\"},{\"@type\":\"ListItem\",\"position\":2,\"name\":\"Loja\",\"item\":\"https:\\\/\\\/laura4u.aboama.com\\\/pt-br\\\/loja\\\/\"},{\"@type\":\"ListItem\",\"position\":3,\"name\":\"IO SI &#8211; T-shirt feminina com mini tachas\"}]},{\"@type\":\"WebSite\",\"@id\":\"https:\\\/\\\/laura4u.aboama.com\\\/pt-br\\\/#website\",\"url\":\"https:\\\/\\\/laura4u.aboama.com\\\/pt-br\\\/\",\"name\":\"Laura4u\",\"description\":\"Ink Printed In Italy\",\"publisher\":{\"@id\":\"https:\\\/\\\/laura4u.aboama.com\\\/pt-br\\\/#organization\"},\"potentialAction\":[{\"@type\":\"SearchAction\",\"target\":{\"@type\":\"EntryPoint\",\"urlTemplate\":\"https:\\\/\\\/laura4u.aboama.com\\\/pt-br\\\/?s={search_term_string}\"},\"query-input\":{\"@type\":\"PropertyValueSpecification\",\"valueRequired\":true,\"valueName\":\"search_term_string\"}}],\"inLanguage\":\"pt-BR\"},{\"@type\":\"Organization\",\"@id\":\"https:\\\/\\\/laura4u.aboama.com\\\/pt-br\\\/#organization\",\"name\":\"Laura4u\",\"url\":\"https:\\\/\\\/laura4u.aboama.com\\\/pt-br\\\/\",\"logo\":{\"@type\":\"ImageObject\",\"inLanguage\":\"pt-BR\",\"@id\":\"https:\\\/\\\/laura4u.aboama.com\\\/pt-br\\\/#\\\/schema\\\/logo\\\/image\\\/\",\"url\":\"https:\\\/\\\/laura4u.aboama.com\\\/wp-content\\\/uploads\\\/sites\\\/39\\\/2022\\\/07\\\/cropped-LP-official-merch-copia-600x322-1.png\",\"contentUrl\":\"https:\\\/\\\/laura4u.aboama.com\\\/wp-content\\\/uploads\\\/sites\\\/39\\\/2022\\\/07\\\/cropped-LP-official-merch-copia-600x322-1.png\",\"width\":600,\"height\":322,\"caption\":\"Laura4u\"},\"image\":{\"@id\":\"https:\\\/\\\/laura4u.aboama.com\\\/pt-br\\\/#\\\/schema\\\/logo\\\/image\\\/\"}}]}<\/script>\n<!-- \/ Yoast SEO plugin. -->","yoast_head_json":{"title":"IO SI - T-shirt feminina com mini tachas - Laura4u","robots":{"index":"index","follow":"follow","max-snippet":"max-snippet:-1","max-image-preview":"max-image-preview:large","max-video-preview":"max-video-preview:-1"},"canonical":"https:\/\/laura4u.aboama.com\/pt-br\/prodotto\/i-i-tshirt-woman-with-miniborces\/","og_locale":"pt_BR","og_type":"article","og_title":"IO SI - T-shirt feminina com mini tachas - Laura4u","og_description":"Frente: inscri\u00e7\u00e3o IO SI feita com mini-pinos de 2 mm de di\u00e2metro, amuleto feito com bordado. Voltar: aut\u00f3grafo de Laura com o cora\u00e7\u00e3o bordado no final. Dimens\u00f5es escritas com mini-pinos: Gui\u00e3o IO SI: altura 33 cm, largura 12 cm Dimens\u00f5es dos bordados: Amuleto: di\u00e2metro 6cm Aut\u00f3grafo de Laura com cora\u00e7\u00e3o final: largura 10cm T-SHIRT com artesanato exclusivo e extremamente delicado: lavar apenas \u00e0 m\u00e3o e tratar com o m\u00e1ximo cuidado.","og_url":"https:\/\/laura4u.aboama.com\/pt-br\/prodotto\/i-i-tshirt-woman-with-miniborces\/","og_site_name":"Laura4u","twitter_card":"summary_large_image","schema":{"@context":"https:\/\/schema.org","@graph":[{"@type":"WebPage","@id":"https:\/\/laura4u.aboama.com\/pt-br\/prodotto\/i-i-tshirt-woman-with-miniborces\/","url":"https:\/\/laura4u.aboama.com\/pt-br\/prodotto\/i-i-tshirt-woman-with-miniborces\/","name":"IO SI - T-shirt feminina com mini tachas - Laura4u","isPartOf":{"@id":"https:\/\/laura4u.aboama.com\/pt-br\/#website"},"primaryImageOfPage":{"@id":"https:\/\/laura4u.aboama.com\/pt-br\/prodotto\/i-i-tshirt-woman-with-miniborces\/#primaryimage"},"image":{"@id":"https:\/\/laura4u.aboama.com\/pt-br\/prodotto\/i-i-tshirt-woman-with-miniborces\/#primaryimage"},"thumbnailUrl":"https:\/\/laura4u.aboama.com\/wp-content\/uploads\/sites\/39\/2022\/07\/shirt-donna-nera-fronte-borchia.jpg","datePublished":"2022-07-23T14:12:49+00:00","breadcrumb":{"@id":"https:\/\/laura4u.aboama.com\/pt-br\/prodotto\/i-i-tshirt-woman-with-miniborces\/#breadcrumb"},"inLanguage":"pt-BR","potentialAction":[{"@type":"ReadAction","target":["https:\/\/laura4u.aboama.com\/pt-br\/prodotto\/i-i-tshirt-woman-with-miniborces\/"]}]},{"@type":"ImageObject","inLanguage":"pt-BR","@id":"https:\/\/laura4u.aboama.com\/pt-br\/prodotto\/i-i-tshirt-woman-with-miniborces\/#primaryimage","url":"https:\/\/laura4u.aboama.com\/wp-content\/uploads\/sites\/39\/2022\/07\/shirt-donna-nera-fronte-borchia.jpg","contentUrl":"https:\/\/laura4u.aboama.com\/wp-content\/uploads\/sites\/39\/2022\/07\/shirt-donna-nera-fronte-borchia.jpg","width":1500,"height":1500},{"@type":"BreadcrumbList","@id":"https:\/\/laura4u.aboama.com\/pt-br\/prodotto\/i-i-tshirt-woman-with-miniborces\/#breadcrumb","itemListElement":[{"@type":"ListItem","position":1,"name":"Home","item":"https:\/\/laura4u.aboama.com\/pt-br\/pagina-di-esempio\/"},{"@type":"ListItem","position":2,"name":"Loja","item":"https:\/\/laura4u.aboama.com\/pt-br\/loja\/"},{"@type":"ListItem","position":3,"name":"IO SI &#8211; T-shirt feminina com mini tachas"}]},{"@type":"WebSite","@id":"https:\/\/laura4u.aboama.com\/pt-br\/#website","url":"https:\/\/laura4u.aboama.com\/pt-br\/","name":"Laura4u","description":"Ink Printed In Italy","publisher":{"@id":"https:\/\/laura4u.aboama.com\/pt-br\/#organization"},"potentialAction":[{"@type":"SearchAction","target":{"@type":"EntryPoint","urlTemplate":"https:\/\/laura4u.aboama.com\/pt-br\/?s={search_term_string}"},"query-input":{"@type":"PropertyValueSpecification","valueRequired":true,"valueName":"search_term_string"}}],"inLanguage":"pt-BR"},{"@type":"Organization","@id":"https:\/\/laura4u.aboama.com\/pt-br\/#organization","name":"Laura4u","url":"https:\/\/laura4u.aboama.com\/pt-br\/","logo":{"@type":"ImageObject","inLanguage":"pt-BR","@id":"https:\/\/laura4u.aboama.com\/pt-br\/#\/schema\/logo\/image\/","url":"https:\/\/laura4u.aboama.com\/wp-content\/uploads\/sites\/39\/2022\/07\/cropped-LP-official-merch-copia-600x322-1.png","contentUrl":"https:\/\/laura4u.aboama.com\/wp-content\/uploads\/sites\/39\/2022\/07\/cropped-LP-official-merch-copia-600x322-1.png","width":600,"height":322,"caption":"Laura4u"},"image":{"@id":"https:\/\/laura4u.aboama.com\/pt-br\/#\/schema\/logo\/image\/"}}]}},"_links":{"self":[{"href":"https:\/\/laura4u.aboama.com\/pt-br\/wp-json\/wp\/v2\/product\/37776","targetHints":{"allow":["GET"]}}],"collection":[{"href":"https:\/\/laura4u.aboama.com\/pt-br\/wp-json\/wp\/v2\/product"}],"about":[{"href":"https:\/\/laura4u.aboama.com\/pt-br\/wp-json\/wp\/v2\/types\/product"}],"wp:featuredmedia":[{"embeddable":true,"href":"https:\/\/laura4u.aboama.com\/pt-br\/wp-json\/wp\/v2\/media\/33173"}],"wp:attachment":[{"href":"https:\/\/laura4u.aboama.com\/pt-br\/wp-json\/wp\/v2\/media?parent=37776"}],"wp:term":[{"taxonomy":"product_brand","embeddable":true,"href":"https:\/\/laura4u.aboama.com\/pt-br\/wp-json\/wp\/v2\/product_brand?post=37776"},{"taxonomy":"product_cat","embeddable":true,"href":"https:\/\/laura4u.aboama.com\/pt-br\/wp-json\/wp\/v2\/product_cat?post=37776"},{"taxonomy":"product_tag","embeddable":true,"href":"https:\/\/laura4u.aboama.com\/pt-br\/wp-json\/wp\/v2\/product_tag?post=37776"}],"curies":[{"name":"wp","href":"https:\/\/api.w.org\/{rel}","templated":true}]}}