{"id":37470,"date":"2022-07-23T16:09:16","date_gmt":"2022-07-23T14:09:16","guid":{"rendered":"https:\/\/laura4u.aboama.com\/prodotto\/novembro-2020-t-shirt-de-mulher\/"},"modified":"2022-07-23T16:09:16","modified_gmt":"2022-07-23T14:09:16","slug":"novembro-2020-tshirt-mulher","status":"publish","type":"product","link":"https:\/\/laura4u.aboama.com\/pt-br\/prodotto\/novembro-2020-tshirt-mulher\/","title":{"rendered":"NOVEMBRO 2020 &#8211; T-shirt de mulher"},"content":{"rendered":"<table class=\"alignleft\" border=\"1\">\n<tbody>\n<tr>\n<td style=\"text-align: left;\">Tamanho<\/td>\n<td>S<\/td>\n<td>M<\/td>\n<td>L<\/td>\n<td>XL<\/td>\n<\/tr>\n<tr>\n<td style=\"text-align: left;\">Altura MULHER<\/td>\n<td>60 cm<\/td>\n<td>62,5 cm<\/td>\n<td>65 cm<\/td>\n<td>67,5 cm<\/td>\n<\/tr>\n<tr>\n<td style=\"text-align: left;\">Largura MULHER<\/td>\n<td>42 cm<\/td>\n<td>46 cm<\/td>\n<td>49 cm<\/td>\n<td>51 cm<\/td>\n<\/tr>\n<\/tbody>\n<\/table>\n<p><strong>FIT CL\u00c1SSICO (peso do tecido 160g\/m2)<\/strong><br \/>\n100% algod\u00e3o, t-shirt de pesco\u00e7o de tripula\u00e7\u00e3o, manga curta, estrutura tubular.<\/p>\n","protected":false},"excerpt":{"rendered":"<p>Impress\u00e3o frente, verso, amuleto de amuleto miniorchie.<\/p>\n","protected":false},"featured_media":32773,"template":"","meta":[],"product_brand":[],"product_cat":[164,144],"product_tag":[],"class_list":{"0":"post-37470","1":"product","2":"type-product","3":"status-publish","4":"has-post-thumbnail","6":"product_cat-black-friday-pt-br","7":"product_cat-mulher","9":"first","10":"instock","11":"taxable","12":"shipping-taxable","13":"purchasable","14":"product-type-variable","15":"has-default-attributes"},"yoast_head":"<!-- This site is optimized with the Yoast SEO plugin v27.3 - https:\/\/yoast.com\/product\/yoast-seo-wordpress\/ -->\n<title>NOVEMBRO 2020 - T-shirt de mulher - Laura4u<\/title>\n<meta name=\"robots\" content=\"index, follow, max-snippet:-1, max-image-preview:large, max-video-preview:-1\" \/>\n<link rel=\"canonical\" href=\"https:\/\/laura4u.aboama.com\/pt-br\/prodotto\/novembro-2020-tshirt-mulher\/\" \/>\n<meta property=\"og:locale\" content=\"pt_BR\" \/>\n<meta property=\"og:type\" content=\"article\" \/>\n<meta property=\"og:title\" content=\"NOVEMBRO 2020 - T-shirt de mulher - Laura4u\" \/>\n<meta property=\"og:description\" content=\"Impress\u00e3o frente, verso, amuleto de amuleto miniorchie.\" \/>\n<meta property=\"og:url\" content=\"https:\/\/laura4u.aboama.com\/pt-br\/prodotto\/novembro-2020-tshirt-mulher\/\" \/>\n<meta property=\"og:site_name\" content=\"Laura4u\" \/>\n<meta name=\"twitter:card\" content=\"summary_large_image\" \/>\n<script type=\"application\/ld+json\" class=\"yoast-schema-graph\">{\"@context\":\"https:\\\/\\\/schema.org\",\"@graph\":[{\"@type\":\"WebPage\",\"@id\":\"https:\\\/\\\/laura4u.aboama.com\\\/pt-br\\\/prodotto\\\/novembro-2020-tshirt-mulher\\\/\",\"url\":\"https:\\\/\\\/laura4u.aboama.com\\\/pt-br\\\/prodotto\\\/novembro-2020-tshirt-mulher\\\/\",\"name\":\"NOVEMBRO 2020 - T-shirt de mulher - Laura4u\",\"isPartOf\":{\"@id\":\"https:\\\/\\\/laura4u.aboama.com\\\/pt-br\\\/#website\"},\"primaryImageOfPage\":{\"@id\":\"https:\\\/\\\/laura4u.aboama.com\\\/pt-br\\\/prodotto\\\/novembro-2020-tshirt-mulher\\\/#primaryimage\"},\"image\":{\"@id\":\"https:\\\/\\\/laura4u.aboama.com\\\/pt-br\\\/prodotto\\\/novembro-2020-tshirt-mulher\\\/#primaryimage\"},\"thumbnailUrl\":\"https:\\\/\\\/laura4u.aboama.com\\\/wp-content\\\/uploads\\\/sites\\\/39\\\/2022\\\/07\\\/bf-grey-donna.jpg\",\"datePublished\":\"2022-07-23T14:09:16+00:00\",\"breadcrumb\":{\"@id\":\"https:\\\/\\\/laura4u.aboama.com\\\/pt-br\\\/prodotto\\\/novembro-2020-tshirt-mulher\\\/#breadcrumb\"},\"inLanguage\":\"pt-BR\",\"potentialAction\":[{\"@type\":\"ReadAction\",\"target\":[\"https:\\\/\\\/laura4u.aboama.com\\\/pt-br\\\/prodotto\\\/novembro-2020-tshirt-mulher\\\/\"]}]},{\"@type\":\"ImageObject\",\"inLanguage\":\"pt-BR\",\"@id\":\"https:\\\/\\\/laura4u.aboama.com\\\/pt-br\\\/prodotto\\\/novembro-2020-tshirt-mulher\\\/#primaryimage\",\"url\":\"https:\\\/\\\/laura4u.aboama.com\\\/wp-content\\\/uploads\\\/sites\\\/39\\\/2022\\\/07\\\/bf-grey-donna.jpg\",\"contentUrl\":\"https:\\\/\\\/laura4u.aboama.com\\\/wp-content\\\/uploads\\\/sites\\\/39\\\/2022\\\/07\\\/bf-grey-donna.jpg\",\"width\":1500,\"height\":1500},{\"@type\":\"BreadcrumbList\",\"@id\":\"https:\\\/\\\/laura4u.aboama.com\\\/pt-br\\\/prodotto\\\/novembro-2020-tshirt-mulher\\\/#breadcrumb\",\"itemListElement\":[{\"@type\":\"ListItem\",\"position\":1,\"name\":\"Home\",\"item\":\"https:\\\/\\\/laura4u.aboama.com\\\/pt-br\\\/pagina-di-esempio\\\/\"},{\"@type\":\"ListItem\",\"position\":2,\"name\":\"Loja\",\"item\":\"https:\\\/\\\/laura4u.aboama.com\\\/pt-br\\\/loja\\\/\"},{\"@type\":\"ListItem\",\"position\":3,\"name\":\"NOVEMBRO 2020 &#8211; T-shirt de mulher\"}]},{\"@type\":\"WebSite\",\"@id\":\"https:\\\/\\\/laura4u.aboama.com\\\/pt-br\\\/#website\",\"url\":\"https:\\\/\\\/laura4u.aboama.com\\\/pt-br\\\/\",\"name\":\"Laura4u\",\"description\":\"Ink Printed In Italy\",\"publisher\":{\"@id\":\"https:\\\/\\\/laura4u.aboama.com\\\/pt-br\\\/#organization\"},\"potentialAction\":[{\"@type\":\"SearchAction\",\"target\":{\"@type\":\"EntryPoint\",\"urlTemplate\":\"https:\\\/\\\/laura4u.aboama.com\\\/pt-br\\\/?s={search_term_string}\"},\"query-input\":{\"@type\":\"PropertyValueSpecification\",\"valueRequired\":true,\"valueName\":\"search_term_string\"}}],\"inLanguage\":\"pt-BR\"},{\"@type\":\"Organization\",\"@id\":\"https:\\\/\\\/laura4u.aboama.com\\\/pt-br\\\/#organization\",\"name\":\"Laura4u\",\"url\":\"https:\\\/\\\/laura4u.aboama.com\\\/pt-br\\\/\",\"logo\":{\"@type\":\"ImageObject\",\"inLanguage\":\"pt-BR\",\"@id\":\"https:\\\/\\\/laura4u.aboama.com\\\/pt-br\\\/#\\\/schema\\\/logo\\\/image\\\/\",\"url\":\"https:\\\/\\\/laura4u.aboama.com\\\/wp-content\\\/uploads\\\/sites\\\/39\\\/2022\\\/07\\\/cropped-LP-official-merch-copia-600x322-1.png\",\"contentUrl\":\"https:\\\/\\\/laura4u.aboama.com\\\/wp-content\\\/uploads\\\/sites\\\/39\\\/2022\\\/07\\\/cropped-LP-official-merch-copia-600x322-1.png\",\"width\":600,\"height\":322,\"caption\":\"Laura4u\"},\"image\":{\"@id\":\"https:\\\/\\\/laura4u.aboama.com\\\/pt-br\\\/#\\\/schema\\\/logo\\\/image\\\/\"}}]}<\/script>\n<!-- \/ Yoast SEO plugin. -->","yoast_head_json":{"title":"NOVEMBRO 2020 - T-shirt de mulher - Laura4u","robots":{"index":"index","follow":"follow","max-snippet":"max-snippet:-1","max-image-preview":"max-image-preview:large","max-video-preview":"max-video-preview:-1"},"canonical":"https:\/\/laura4u.aboama.com\/pt-br\/prodotto\/novembro-2020-tshirt-mulher\/","og_locale":"pt_BR","og_type":"article","og_title":"NOVEMBRO 2020 - T-shirt de mulher - Laura4u","og_description":"Impress\u00e3o frente, verso, amuleto de amuleto miniorchie.","og_url":"https:\/\/laura4u.aboama.com\/pt-br\/prodotto\/novembro-2020-tshirt-mulher\/","og_site_name":"Laura4u","twitter_card":"summary_large_image","schema":{"@context":"https:\/\/schema.org","@graph":[{"@type":"WebPage","@id":"https:\/\/laura4u.aboama.com\/pt-br\/prodotto\/novembro-2020-tshirt-mulher\/","url":"https:\/\/laura4u.aboama.com\/pt-br\/prodotto\/novembro-2020-tshirt-mulher\/","name":"NOVEMBRO 2020 - T-shirt de mulher - Laura4u","isPartOf":{"@id":"https:\/\/laura4u.aboama.com\/pt-br\/#website"},"primaryImageOfPage":{"@id":"https:\/\/laura4u.aboama.com\/pt-br\/prodotto\/novembro-2020-tshirt-mulher\/#primaryimage"},"image":{"@id":"https:\/\/laura4u.aboama.com\/pt-br\/prodotto\/novembro-2020-tshirt-mulher\/#primaryimage"},"thumbnailUrl":"https:\/\/laura4u.aboama.com\/wp-content\/uploads\/sites\/39\/2022\/07\/bf-grey-donna.jpg","datePublished":"2022-07-23T14:09:16+00:00","breadcrumb":{"@id":"https:\/\/laura4u.aboama.com\/pt-br\/prodotto\/novembro-2020-tshirt-mulher\/#breadcrumb"},"inLanguage":"pt-BR","potentialAction":[{"@type":"ReadAction","target":["https:\/\/laura4u.aboama.com\/pt-br\/prodotto\/novembro-2020-tshirt-mulher\/"]}]},{"@type":"ImageObject","inLanguage":"pt-BR","@id":"https:\/\/laura4u.aboama.com\/pt-br\/prodotto\/novembro-2020-tshirt-mulher\/#primaryimage","url":"https:\/\/laura4u.aboama.com\/wp-content\/uploads\/sites\/39\/2022\/07\/bf-grey-donna.jpg","contentUrl":"https:\/\/laura4u.aboama.com\/wp-content\/uploads\/sites\/39\/2022\/07\/bf-grey-donna.jpg","width":1500,"height":1500},{"@type":"BreadcrumbList","@id":"https:\/\/laura4u.aboama.com\/pt-br\/prodotto\/novembro-2020-tshirt-mulher\/#breadcrumb","itemListElement":[{"@type":"ListItem","position":1,"name":"Home","item":"https:\/\/laura4u.aboama.com\/pt-br\/pagina-di-esempio\/"},{"@type":"ListItem","position":2,"name":"Loja","item":"https:\/\/laura4u.aboama.com\/pt-br\/loja\/"},{"@type":"ListItem","position":3,"name":"NOVEMBRO 2020 &#8211; T-shirt de mulher"}]},{"@type":"WebSite","@id":"https:\/\/laura4u.aboama.com\/pt-br\/#website","url":"https:\/\/laura4u.aboama.com\/pt-br\/","name":"Laura4u","description":"Ink Printed In Italy","publisher":{"@id":"https:\/\/laura4u.aboama.com\/pt-br\/#organization"},"potentialAction":[{"@type":"SearchAction","target":{"@type":"EntryPoint","urlTemplate":"https:\/\/laura4u.aboama.com\/pt-br\/?s={search_term_string}"},"query-input":{"@type":"PropertyValueSpecification","valueRequired":true,"valueName":"search_term_string"}}],"inLanguage":"pt-BR"},{"@type":"Organization","@id":"https:\/\/laura4u.aboama.com\/pt-br\/#organization","name":"Laura4u","url":"https:\/\/laura4u.aboama.com\/pt-br\/","logo":{"@type":"ImageObject","inLanguage":"pt-BR","@id":"https:\/\/laura4u.aboama.com\/pt-br\/#\/schema\/logo\/image\/","url":"https:\/\/laura4u.aboama.com\/wp-content\/uploads\/sites\/39\/2022\/07\/cropped-LP-official-merch-copia-600x322-1.png","contentUrl":"https:\/\/laura4u.aboama.com\/wp-content\/uploads\/sites\/39\/2022\/07\/cropped-LP-official-merch-copia-600x322-1.png","width":600,"height":322,"caption":"Laura4u"},"image":{"@id":"https:\/\/laura4u.aboama.com\/pt-br\/#\/schema\/logo\/image\/"}}]}},"_links":{"self":[{"href":"https:\/\/laura4u.aboama.com\/pt-br\/wp-json\/wp\/v2\/product\/37470","targetHints":{"allow":["GET"]}}],"collection":[{"href":"https:\/\/laura4u.aboama.com\/pt-br\/wp-json\/wp\/v2\/product"}],"about":[{"href":"https:\/\/laura4u.aboama.com\/pt-br\/wp-json\/wp\/v2\/types\/product"}],"wp:featuredmedia":[{"embeddable":true,"href":"https:\/\/laura4u.aboama.com\/pt-br\/wp-json\/wp\/v2\/media\/32773"}],"wp:attachment":[{"href":"https:\/\/laura4u.aboama.com\/pt-br\/wp-json\/wp\/v2\/media?parent=37470"}],"wp:term":[{"taxonomy":"product_brand","embeddable":true,"href":"https:\/\/laura4u.aboama.com\/pt-br\/wp-json\/wp\/v2\/product_brand?post=37470"},{"taxonomy":"product_cat","embeddable":true,"href":"https:\/\/laura4u.aboama.com\/pt-br\/wp-json\/wp\/v2\/product_cat?post=37470"},{"taxonomy":"product_tag","embeddable":true,"href":"https:\/\/laura4u.aboama.com\/pt-br\/wp-json\/wp\/v2\/product_tag?post=37470"}],"curies":[{"name":"wp","href":"https:\/\/api.w.org\/{rel}","templated":true}]}}