{"id":37345,"date":"2022-07-23T16:10:14","date_gmt":"2022-07-23T14:10:14","guid":{"rendered":"https:\/\/laura4u.aboama.com\/prodotto\/spring-forward-camisola-de-suor-com-fecho-de-correr-para-homem\/"},"modified":"2022-07-23T16:10:14","modified_gmt":"2022-07-23T14:10:14","slug":"mola-anticipacao-camisa-zip-man","status":"publish","type":"product","link":"https:\/\/laura4u.aboama.com\/pt-br\/prodotto\/mola-anticipacao-camisa-zip-man\/","title":{"rendered":"SPRING FORWARD &#8211; Camisola de Suor com Fecho de correr para homem"},"content":{"rendered":"<table class=\"alignleft\" border=\"1\">\n<tbody>\n<tr>\n<td>Tamanho<\/td>\n<td>S<\/td>\n<td>M<\/td>\n<td>L<\/td>\n<td>XL<\/td>\n<td>2XL<\/td>\n<\/tr>\n<tr>\n<td>Altura<\/td>\n<td>67 cm<\/td>\n<td>69 cm<\/td>\n<td>71 cm<\/td>\n<td>73 cm<\/td>\n<td>75 cm<\/td>\n<\/tr>\n<tr>\n<td>Largura<\/td>\n<td>54 cm<\/td>\n<td>57 cm<\/td>\n<td>60 cm<\/td>\n<td>63 cm<\/td>\n<td>66 cm<\/td>\n<\/tr>\n<\/tbody>\n<\/table>\n<p><strong>FIT CL\u00c1SSICO<\/strong><br \/>\n80% algod\u00e3o fiado a anel, 20% poli\u00e9ster. Capuz interno de pel\u00facia, capuz com tecido duplo, cord\u00e3o largo com extremidades met\u00e1licas, ilh\u00f3s met\u00e1licos de cord\u00e3o (sem n\u00edquel), fecho de correr tone-on-tone completo com deslizador met\u00e1lico (sem n\u00edquel), bolso canguru, costelas largas modernas e bainhas com elastano.<\/p>\n","protected":false},"excerpt":{"rendered":"<p>Frente de aut\u00f3grafos bordados, verso impresso.<\/p>\n","protected":false},"featured_media":32969,"template":"","meta":[],"product_brand":[],"product_cat":[212,194],"product_tag":[],"class_list":{"0":"post-37345","1":"product","2":"type-product","3":"status-publish","4":"has-post-thumbnail","6":"product_cat-homem","7":"product_cat-spring-collection-pt-br","9":"first","10":"instock","11":"taxable","12":"shipping-taxable","13":"purchasable","14":"product-type-variable","15":"has-default-attributes"},"yoast_head":"<!-- This site is optimized with the Yoast SEO plugin v27.4 - https:\/\/yoast.com\/product\/yoast-seo-wordpress\/ -->\n<title>SPRING FORWARD - Camisola de Suor com Fecho de correr para homem - Laura4u<\/title>\n<meta name=\"robots\" content=\"index, follow, max-snippet:-1, max-image-preview:large, max-video-preview:-1\" \/>\n<link rel=\"canonical\" href=\"https:\/\/laura4u.aboama.com\/pt-br\/prodotto\/mola-anticipacao-camisa-zip-man\/\" \/>\n<meta property=\"og:locale\" content=\"pt_BR\" \/>\n<meta property=\"og:type\" content=\"article\" \/>\n<meta property=\"og:title\" content=\"SPRING FORWARD - Camisola de Suor com Fecho de correr para homem - Laura4u\" \/>\n<meta property=\"og:description\" content=\"Frente de aut\u00f3grafos bordados, verso impresso.\" \/>\n<meta property=\"og:url\" content=\"https:\/\/laura4u.aboama.com\/pt-br\/prodotto\/mola-anticipacao-camisa-zip-man\/\" \/>\n<meta property=\"og:site_name\" content=\"Laura4u\" \/>\n<meta name=\"twitter:card\" content=\"summary_large_image\" \/>\n<script type=\"application\/ld+json\" class=\"yoast-schema-graph\">{\"@context\":\"https:\\\/\\\/schema.org\",\"@graph\":[{\"@type\":\"WebPage\",\"@id\":\"https:\\\/\\\/laura4u.aboama.com\\\/pt-br\\\/prodotto\\\/mola-anticipacao-camisa-zip-man\\\/\",\"url\":\"https:\\\/\\\/laura4u.aboama.com\\\/pt-br\\\/prodotto\\\/mola-anticipacao-camisa-zip-man\\\/\",\"name\":\"SPRING FORWARD - Camisola de Suor com Fecho de correr para homem - Laura4u\",\"isPartOf\":{\"@id\":\"https:\\\/\\\/laura4u.aboama.com\\\/pt-br\\\/#website\"},\"primaryImageOfPage\":{\"@id\":\"https:\\\/\\\/laura4u.aboama.com\\\/pt-br\\\/prodotto\\\/mola-anticipacao-camisa-zip-man\\\/#primaryimage\"},\"image\":{\"@id\":\"https:\\\/\\\/laura4u.aboama.com\\\/pt-br\\\/prodotto\\\/mola-anticipacao-camisa-zip-man\\\/#primaryimage\"},\"thumbnailUrl\":\"https:\\\/\\\/laura4u.aboama.com\\\/wp-content\\\/uploads\\\/sites\\\/39\\\/2022\\\/07\\\/it_zipuomo__retro_giallo.jpg\",\"datePublished\":\"2022-07-23T14:10:14+00:00\",\"breadcrumb\":{\"@id\":\"https:\\\/\\\/laura4u.aboama.com\\\/pt-br\\\/prodotto\\\/mola-anticipacao-camisa-zip-man\\\/#breadcrumb\"},\"inLanguage\":\"pt-BR\",\"potentialAction\":[{\"@type\":\"ReadAction\",\"target\":[\"https:\\\/\\\/laura4u.aboama.com\\\/pt-br\\\/prodotto\\\/mola-anticipacao-camisa-zip-man\\\/\"]}]},{\"@type\":\"ImageObject\",\"inLanguage\":\"pt-BR\",\"@id\":\"https:\\\/\\\/laura4u.aboama.com\\\/pt-br\\\/prodotto\\\/mola-anticipacao-camisa-zip-man\\\/#primaryimage\",\"url\":\"https:\\\/\\\/laura4u.aboama.com\\\/wp-content\\\/uploads\\\/sites\\\/39\\\/2022\\\/07\\\/it_zipuomo__retro_giallo.jpg\",\"contentUrl\":\"https:\\\/\\\/laura4u.aboama.com\\\/wp-content\\\/uploads\\\/sites\\\/39\\\/2022\\\/07\\\/it_zipuomo__retro_giallo.jpg\",\"width\":2000,\"height\":2000},{\"@type\":\"BreadcrumbList\",\"@id\":\"https:\\\/\\\/laura4u.aboama.com\\\/pt-br\\\/prodotto\\\/mola-anticipacao-camisa-zip-man\\\/#breadcrumb\",\"itemListElement\":[{\"@type\":\"ListItem\",\"position\":1,\"name\":\"Home\",\"item\":\"https:\\\/\\\/laura4u.aboama.com\\\/pt-br\\\/pagina-di-esempio\\\/\"},{\"@type\":\"ListItem\",\"position\":2,\"name\":\"Loja\",\"item\":\"https:\\\/\\\/laura4u.aboama.com\\\/pt-br\\\/loja\\\/\"},{\"@type\":\"ListItem\",\"position\":3,\"name\":\"SPRING FORWARD &#8211; Camisola de Suor com Fecho de correr para homem\"}]},{\"@type\":\"WebSite\",\"@id\":\"https:\\\/\\\/laura4u.aboama.com\\\/pt-br\\\/#website\",\"url\":\"https:\\\/\\\/laura4u.aboama.com\\\/pt-br\\\/\",\"name\":\"Laura4u\",\"description\":\"Ink Printed In Italy\",\"publisher\":{\"@id\":\"https:\\\/\\\/laura4u.aboama.com\\\/pt-br\\\/#organization\"},\"potentialAction\":[{\"@type\":\"SearchAction\",\"target\":{\"@type\":\"EntryPoint\",\"urlTemplate\":\"https:\\\/\\\/laura4u.aboama.com\\\/pt-br\\\/?s={search_term_string}\"},\"query-input\":{\"@type\":\"PropertyValueSpecification\",\"valueRequired\":true,\"valueName\":\"search_term_string\"}}],\"inLanguage\":\"pt-BR\"},{\"@type\":\"Organization\",\"@id\":\"https:\\\/\\\/laura4u.aboama.com\\\/pt-br\\\/#organization\",\"name\":\"Laura4u\",\"url\":\"https:\\\/\\\/laura4u.aboama.com\\\/pt-br\\\/\",\"logo\":{\"@type\":\"ImageObject\",\"inLanguage\":\"pt-BR\",\"@id\":\"https:\\\/\\\/laura4u.aboama.com\\\/pt-br\\\/#\\\/schema\\\/logo\\\/image\\\/\",\"url\":\"https:\\\/\\\/laura4u.aboama.com\\\/wp-content\\\/uploads\\\/sites\\\/39\\\/2022\\\/07\\\/cropped-LP-official-merch-copia-600x322-1.png\",\"contentUrl\":\"https:\\\/\\\/laura4u.aboama.com\\\/wp-content\\\/uploads\\\/sites\\\/39\\\/2022\\\/07\\\/cropped-LP-official-merch-copia-600x322-1.png\",\"width\":600,\"height\":322,\"caption\":\"Laura4u\"},\"image\":{\"@id\":\"https:\\\/\\\/laura4u.aboama.com\\\/pt-br\\\/#\\\/schema\\\/logo\\\/image\\\/\"}}]}<\/script>\n<!-- \/ Yoast SEO plugin. -->","yoast_head_json":{"title":"SPRING FORWARD - Camisola de Suor com Fecho de correr para homem - Laura4u","robots":{"index":"index","follow":"follow","max-snippet":"max-snippet:-1","max-image-preview":"max-image-preview:large","max-video-preview":"max-video-preview:-1"},"canonical":"https:\/\/laura4u.aboama.com\/pt-br\/prodotto\/mola-anticipacao-camisa-zip-man\/","og_locale":"pt_BR","og_type":"article","og_title":"SPRING FORWARD - Camisola de Suor com Fecho de correr para homem - Laura4u","og_description":"Frente de aut\u00f3grafos bordados, verso impresso.","og_url":"https:\/\/laura4u.aboama.com\/pt-br\/prodotto\/mola-anticipacao-camisa-zip-man\/","og_site_name":"Laura4u","twitter_card":"summary_large_image","schema":{"@context":"https:\/\/schema.org","@graph":[{"@type":"WebPage","@id":"https:\/\/laura4u.aboama.com\/pt-br\/prodotto\/mola-anticipacao-camisa-zip-man\/","url":"https:\/\/laura4u.aboama.com\/pt-br\/prodotto\/mola-anticipacao-camisa-zip-man\/","name":"SPRING FORWARD - Camisola de Suor com Fecho de correr para homem - Laura4u","isPartOf":{"@id":"https:\/\/laura4u.aboama.com\/pt-br\/#website"},"primaryImageOfPage":{"@id":"https:\/\/laura4u.aboama.com\/pt-br\/prodotto\/mola-anticipacao-camisa-zip-man\/#primaryimage"},"image":{"@id":"https:\/\/laura4u.aboama.com\/pt-br\/prodotto\/mola-anticipacao-camisa-zip-man\/#primaryimage"},"thumbnailUrl":"https:\/\/laura4u.aboama.com\/wp-content\/uploads\/sites\/39\/2022\/07\/it_zipuomo__retro_giallo.jpg","datePublished":"2022-07-23T14:10:14+00:00","breadcrumb":{"@id":"https:\/\/laura4u.aboama.com\/pt-br\/prodotto\/mola-anticipacao-camisa-zip-man\/#breadcrumb"},"inLanguage":"pt-BR","potentialAction":[{"@type":"ReadAction","target":["https:\/\/laura4u.aboama.com\/pt-br\/prodotto\/mola-anticipacao-camisa-zip-man\/"]}]},{"@type":"ImageObject","inLanguage":"pt-BR","@id":"https:\/\/laura4u.aboama.com\/pt-br\/prodotto\/mola-anticipacao-camisa-zip-man\/#primaryimage","url":"https:\/\/laura4u.aboama.com\/wp-content\/uploads\/sites\/39\/2022\/07\/it_zipuomo__retro_giallo.jpg","contentUrl":"https:\/\/laura4u.aboama.com\/wp-content\/uploads\/sites\/39\/2022\/07\/it_zipuomo__retro_giallo.jpg","width":2000,"height":2000},{"@type":"BreadcrumbList","@id":"https:\/\/laura4u.aboama.com\/pt-br\/prodotto\/mola-anticipacao-camisa-zip-man\/#breadcrumb","itemListElement":[{"@type":"ListItem","position":1,"name":"Home","item":"https:\/\/laura4u.aboama.com\/pt-br\/pagina-di-esempio\/"},{"@type":"ListItem","position":2,"name":"Loja","item":"https:\/\/laura4u.aboama.com\/pt-br\/loja\/"},{"@type":"ListItem","position":3,"name":"SPRING FORWARD &#8211; Camisola de Suor com Fecho de correr para homem"}]},{"@type":"WebSite","@id":"https:\/\/laura4u.aboama.com\/pt-br\/#website","url":"https:\/\/laura4u.aboama.com\/pt-br\/","name":"Laura4u","description":"Ink Printed In Italy","publisher":{"@id":"https:\/\/laura4u.aboama.com\/pt-br\/#organization"},"potentialAction":[{"@type":"SearchAction","target":{"@type":"EntryPoint","urlTemplate":"https:\/\/laura4u.aboama.com\/pt-br\/?s={search_term_string}"},"query-input":{"@type":"PropertyValueSpecification","valueRequired":true,"valueName":"search_term_string"}}],"inLanguage":"pt-BR"},{"@type":"Organization","@id":"https:\/\/laura4u.aboama.com\/pt-br\/#organization","name":"Laura4u","url":"https:\/\/laura4u.aboama.com\/pt-br\/","logo":{"@type":"ImageObject","inLanguage":"pt-BR","@id":"https:\/\/laura4u.aboama.com\/pt-br\/#\/schema\/logo\/image\/","url":"https:\/\/laura4u.aboama.com\/wp-content\/uploads\/sites\/39\/2022\/07\/cropped-LP-official-merch-copia-600x322-1.png","contentUrl":"https:\/\/laura4u.aboama.com\/wp-content\/uploads\/sites\/39\/2022\/07\/cropped-LP-official-merch-copia-600x322-1.png","width":600,"height":322,"caption":"Laura4u"},"image":{"@id":"https:\/\/laura4u.aboama.com\/pt-br\/#\/schema\/logo\/image\/"}}]}},"_links":{"self":[{"href":"https:\/\/laura4u.aboama.com\/pt-br\/wp-json\/wp\/v2\/product\/37345","targetHints":{"allow":["GET"]}}],"collection":[{"href":"https:\/\/laura4u.aboama.com\/pt-br\/wp-json\/wp\/v2\/product"}],"about":[{"href":"https:\/\/laura4u.aboama.com\/pt-br\/wp-json\/wp\/v2\/types\/product"}],"wp:featuredmedia":[{"embeddable":true,"href":"https:\/\/laura4u.aboama.com\/pt-br\/wp-json\/wp\/v2\/media\/32969"}],"wp:attachment":[{"href":"https:\/\/laura4u.aboama.com\/pt-br\/wp-json\/wp\/v2\/media?parent=37345"}],"wp:term":[{"taxonomy":"product_brand","embeddable":true,"href":"https:\/\/laura4u.aboama.com\/pt-br\/wp-json\/wp\/v2\/product_brand?post=37345"},{"taxonomy":"product_cat","embeddable":true,"href":"https:\/\/laura4u.aboama.com\/pt-br\/wp-json\/wp\/v2\/product_cat?post=37345"},{"taxonomy":"product_tag","embeddable":true,"href":"https:\/\/laura4u.aboama.com\/pt-br\/wp-json\/wp\/v2\/product_tag?post=37345"}],"curies":[{"name":"wp","href":"https:\/\/api.w.org\/{rel}","templated":true}]}}