{"id":35827,"date":"2022-07-23T16:15:27","date_gmt":"2022-07-23T14:15:27","guid":{"rendered":"https:\/\/laura4u.aboama.com\/prodotto\/caixa-caja-a-cobertura-coleccao\/"},"modified":"2023-12-19T16:00:39","modified_gmt":"2023-12-19T15:00:39","slug":"caixa-caja-coleccao-de-capa","status":"publish","type":"product","link":"https:\/\/laura4u.aboama.com\/pt-br\/prodotto\/caixa-caja-coleccao-de-capa\/","title":{"rendered":"CAIXA\/CAJA &#8211; A COBERTURA &#8211; Colec\u00e7\u00e3o"},"content":{"rendered":"<p><strong>T-SHIRT<\/strong><\/p>\n<table class=\"alignleft\" border=\"1\">\n<tbody>\n<tr>\n<td>Tamanho<\/td>\n<td>S<\/td>\n<td>M<\/td>\n<td>L<\/td>\n<td>XL<\/td>\n<td>2XL<\/td>\n<\/tr>\n<tr>\n<td>Altura<\/td>\n<td>68 cm<\/td>\n<td>70 cm<\/td>\n<td>73 cm<\/td>\n<td>75 cm<\/td>\n<td>78 cm<\/td>\n<\/tr>\n<tr>\n<td>Largura<\/td>\n<td>48 cm<\/td>\n<td>51 cm<\/td>\n<td>54 cm<\/td>\n<td>57 cm<\/td>\n<td>59 cm<\/td>\n<\/tr>\n<\/tbody>\n<\/table>\n<p><strong>FIT CL\u00c1SSICO (peso do tecido 160g\/m2)<\/strong><br \/>\n100% algod\u00e3o, t-shirt de pesco\u00e7o de tripula\u00e7\u00e3o, manga curta, estrutura tubular.<\/p>\n<p>&nbsp;<\/p>\n<p>&nbsp;<\/p>\n<p><strong>GYMSAC<\/strong><br \/>\n100% algod\u00e3o. Saco de cord\u00e3o contrastante. Dimens\u00f5es: 36 x 46 cm, capacidade 12 litros<\/p>\n","protected":false},"excerpt":{"rendered":"<p><strong>Estojo, personalizado com impress\u00e3o UV<\/strong><\/p>\n<p>Cont\u00e9m:<br \/>\nCaixa de cobertura para <strong>mini cartazes<\/strong><br \/>\n<strong>T-Shirt Oficial<\/strong> SCATOLA\/CAJA &#8211; A Capa (impress\u00e3o dispon\u00edvel alternadamente em preto e branco, a cores, com o verso em italiano ou espanhol)<br \/>\n<strong>Gymsac<\/strong> <strong>Oficial <\/strong>(impress\u00e3o dispon\u00edvel em alternativa a preto e branco ou a cores)<\/p>\n","protected":false},"featured_media":33917,"template":"","meta":[],"product_brand":[],"product_cat":[183],"product_tag":[],"class_list":{"0":"post-35827","1":"product","2":"type-product","3":"status-publish","4":"has-post-thumbnail","6":"product_cat-scatola-caja-collection-pt-br","8":"first","9":"instock","10":"taxable","11":"shipping-taxable","12":"purchasable","13":"product-type-variable"},"yoast_head":"<!-- This site is optimized with the Yoast SEO plugin v27.3 - https:\/\/yoast.com\/product\/yoast-seo-wordpress\/ -->\n<title>CAIXA\/CAJA - A COBERTURA - Colec\u00e7\u00e3o - Laura4u<\/title>\n<meta name=\"robots\" content=\"index, follow, max-snippet:-1, max-image-preview:large, max-video-preview:-1\" \/>\n<link rel=\"canonical\" href=\"https:\/\/laura4u.aboama.com\/pt-br\/prodotto\/caixa-caja-coleccao-de-capa\/\" \/>\n<meta property=\"og:locale\" content=\"pt_BR\" \/>\n<meta property=\"og:type\" content=\"article\" \/>\n<meta property=\"og:title\" content=\"CAIXA\/CAJA - A COBERTURA - Colec\u00e7\u00e3o - Laura4u\" \/>\n<meta property=\"og:description\" content=\"Estojo, personalizado com impress\u00e3o UV Cont\u00e9m: Caixa de cobertura para mini cartazes T-Shirt Oficial SCATOLA\/CAJA - A Capa (impress\u00e3o dispon\u00edvel alternadamente em preto e branco, a cores, com o verso em italiano ou espanhol) Gymsac Oficial (impress\u00e3o dispon\u00edvel em alternativa a preto e branco ou a cores)\" \/>\n<meta property=\"og:url\" content=\"https:\/\/laura4u.aboama.com\/pt-br\/prodotto\/caixa-caja-coleccao-de-capa\/\" \/>\n<meta property=\"og:site_name\" content=\"Laura4u\" \/>\n<meta property=\"article:modified_time\" content=\"2023-12-19T15:00:39+00:00\" \/>\n<meta property=\"og:image\" content=\"https:\/\/laura4u.aboama.com\/wp-content\/uploads\/sites\/39\/2022\/07\/LP.jpg\" \/>\n\t<meta property=\"og:image:width\" content=\"1024\" \/>\n\t<meta property=\"og:image:height\" content=\"1024\" \/>\n\t<meta property=\"og:image:type\" content=\"image\/jpeg\" \/>\n<meta name=\"twitter:card\" content=\"summary_large_image\" \/>\n<script type=\"application\/ld+json\" class=\"yoast-schema-graph\">{\"@context\":\"https:\\\/\\\/schema.org\",\"@graph\":[{\"@type\":\"WebPage\",\"@id\":\"https:\\\/\\\/laura4u.aboama.com\\\/pt-br\\\/prodotto\\\/caixa-caja-coleccao-de-capa\\\/\",\"url\":\"https:\\\/\\\/laura4u.aboama.com\\\/pt-br\\\/prodotto\\\/caixa-caja-coleccao-de-capa\\\/\",\"name\":\"CAIXA\\\/CAJA - A COBERTURA - Colec\u00e7\u00e3o - Laura4u\",\"isPartOf\":{\"@id\":\"https:\\\/\\\/laura4u.aboama.com\\\/pt-br\\\/#website\"},\"primaryImageOfPage\":{\"@id\":\"https:\\\/\\\/laura4u.aboama.com\\\/pt-br\\\/prodotto\\\/caixa-caja-coleccao-de-capa\\\/#primaryimage\"},\"image\":{\"@id\":\"https:\\\/\\\/laura4u.aboama.com\\\/pt-br\\\/prodotto\\\/caixa-caja-coleccao-de-capa\\\/#primaryimage\"},\"thumbnailUrl\":\"https:\\\/\\\/laura4u.aboama.com\\\/wp-content\\\/uploads\\\/sites\\\/39\\\/2022\\\/07\\\/LP.jpg\",\"datePublished\":\"2022-07-23T14:15:27+00:00\",\"dateModified\":\"2023-12-19T15:00:39+00:00\",\"breadcrumb\":{\"@id\":\"https:\\\/\\\/laura4u.aboama.com\\\/pt-br\\\/prodotto\\\/caixa-caja-coleccao-de-capa\\\/#breadcrumb\"},\"inLanguage\":\"pt-BR\",\"potentialAction\":[{\"@type\":\"ReadAction\",\"target\":[\"https:\\\/\\\/laura4u.aboama.com\\\/pt-br\\\/prodotto\\\/caixa-caja-coleccao-de-capa\\\/\"]}]},{\"@type\":\"ImageObject\",\"inLanguage\":\"pt-BR\",\"@id\":\"https:\\\/\\\/laura4u.aboama.com\\\/pt-br\\\/prodotto\\\/caixa-caja-coleccao-de-capa\\\/#primaryimage\",\"url\":\"https:\\\/\\\/laura4u.aboama.com\\\/wp-content\\\/uploads\\\/sites\\\/39\\\/2022\\\/07\\\/LP.jpg\",\"contentUrl\":\"https:\\\/\\\/laura4u.aboama.com\\\/wp-content\\\/uploads\\\/sites\\\/39\\\/2022\\\/07\\\/LP.jpg\",\"width\":1024,\"height\":1024},{\"@type\":\"BreadcrumbList\",\"@id\":\"https:\\\/\\\/laura4u.aboama.com\\\/pt-br\\\/prodotto\\\/caixa-caja-coleccao-de-capa\\\/#breadcrumb\",\"itemListElement\":[{\"@type\":\"ListItem\",\"position\":1,\"name\":\"Home\",\"item\":\"https:\\\/\\\/laura4u.aboama.com\\\/pt-br\\\/pagina-di-esempio\\\/\"},{\"@type\":\"ListItem\",\"position\":2,\"name\":\"Loja\",\"item\":\"https:\\\/\\\/laura4u.aboama.com\\\/pt-br\\\/loja\\\/\"},{\"@type\":\"ListItem\",\"position\":3,\"name\":\"CAIXA\\\/CAJA &#8211; A COBERTURA &#8211; Colec\u00e7\u00e3o\"}]},{\"@type\":\"WebSite\",\"@id\":\"https:\\\/\\\/laura4u.aboama.com\\\/pt-br\\\/#website\",\"url\":\"https:\\\/\\\/laura4u.aboama.com\\\/pt-br\\\/\",\"name\":\"Laura4u\",\"description\":\"Ink Printed In Italy\",\"publisher\":{\"@id\":\"https:\\\/\\\/laura4u.aboama.com\\\/pt-br\\\/#organization\"},\"potentialAction\":[{\"@type\":\"SearchAction\",\"target\":{\"@type\":\"EntryPoint\",\"urlTemplate\":\"https:\\\/\\\/laura4u.aboama.com\\\/pt-br\\\/?s={search_term_string}\"},\"query-input\":{\"@type\":\"PropertyValueSpecification\",\"valueRequired\":true,\"valueName\":\"search_term_string\"}}],\"inLanguage\":\"pt-BR\"},{\"@type\":\"Organization\",\"@id\":\"https:\\\/\\\/laura4u.aboama.com\\\/pt-br\\\/#organization\",\"name\":\"Laura4u\",\"url\":\"https:\\\/\\\/laura4u.aboama.com\\\/pt-br\\\/\",\"logo\":{\"@type\":\"ImageObject\",\"inLanguage\":\"pt-BR\",\"@id\":\"https:\\\/\\\/laura4u.aboama.com\\\/pt-br\\\/#\\\/schema\\\/logo\\\/image\\\/\",\"url\":\"https:\\\/\\\/laura4u.aboama.com\\\/wp-content\\\/uploads\\\/sites\\\/39\\\/2022\\\/07\\\/cropped-LP-official-merch-copia-600x322-1.png\",\"contentUrl\":\"https:\\\/\\\/laura4u.aboama.com\\\/wp-content\\\/uploads\\\/sites\\\/39\\\/2022\\\/07\\\/cropped-LP-official-merch-copia-600x322-1.png\",\"width\":600,\"height\":322,\"caption\":\"Laura4u\"},\"image\":{\"@id\":\"https:\\\/\\\/laura4u.aboama.com\\\/pt-br\\\/#\\\/schema\\\/logo\\\/image\\\/\"}}]}<\/script>\n<!-- \/ Yoast SEO plugin. -->","yoast_head_json":{"title":"CAIXA\/CAJA - A COBERTURA - Colec\u00e7\u00e3o - Laura4u","robots":{"index":"index","follow":"follow","max-snippet":"max-snippet:-1","max-image-preview":"max-image-preview:large","max-video-preview":"max-video-preview:-1"},"canonical":"https:\/\/laura4u.aboama.com\/pt-br\/prodotto\/caixa-caja-coleccao-de-capa\/","og_locale":"pt_BR","og_type":"article","og_title":"CAIXA\/CAJA - A COBERTURA - Colec\u00e7\u00e3o - Laura4u","og_description":"Estojo, personalizado com impress\u00e3o UV Cont\u00e9m: Caixa de cobertura para mini cartazes T-Shirt Oficial SCATOLA\/CAJA - A Capa (impress\u00e3o dispon\u00edvel alternadamente em preto e branco, a cores, com o verso em italiano ou espanhol) Gymsac Oficial (impress\u00e3o dispon\u00edvel em alternativa a preto e branco ou a cores)","og_url":"https:\/\/laura4u.aboama.com\/pt-br\/prodotto\/caixa-caja-coleccao-de-capa\/","og_site_name":"Laura4u","article_modified_time":"2023-12-19T15:00:39+00:00","og_image":[{"width":1024,"height":1024,"url":"https:\/\/laura4u.aboama.com\/wp-content\/uploads\/sites\/39\/2022\/07\/LP.jpg","type":"image\/jpeg"}],"twitter_card":"summary_large_image","schema":{"@context":"https:\/\/schema.org","@graph":[{"@type":"WebPage","@id":"https:\/\/laura4u.aboama.com\/pt-br\/prodotto\/caixa-caja-coleccao-de-capa\/","url":"https:\/\/laura4u.aboama.com\/pt-br\/prodotto\/caixa-caja-coleccao-de-capa\/","name":"CAIXA\/CAJA - A COBERTURA - Colec\u00e7\u00e3o - Laura4u","isPartOf":{"@id":"https:\/\/laura4u.aboama.com\/pt-br\/#website"},"primaryImageOfPage":{"@id":"https:\/\/laura4u.aboama.com\/pt-br\/prodotto\/caixa-caja-coleccao-de-capa\/#primaryimage"},"image":{"@id":"https:\/\/laura4u.aboama.com\/pt-br\/prodotto\/caixa-caja-coleccao-de-capa\/#primaryimage"},"thumbnailUrl":"https:\/\/laura4u.aboama.com\/wp-content\/uploads\/sites\/39\/2022\/07\/LP.jpg","datePublished":"2022-07-23T14:15:27+00:00","dateModified":"2023-12-19T15:00:39+00:00","breadcrumb":{"@id":"https:\/\/laura4u.aboama.com\/pt-br\/prodotto\/caixa-caja-coleccao-de-capa\/#breadcrumb"},"inLanguage":"pt-BR","potentialAction":[{"@type":"ReadAction","target":["https:\/\/laura4u.aboama.com\/pt-br\/prodotto\/caixa-caja-coleccao-de-capa\/"]}]},{"@type":"ImageObject","inLanguage":"pt-BR","@id":"https:\/\/laura4u.aboama.com\/pt-br\/prodotto\/caixa-caja-coleccao-de-capa\/#primaryimage","url":"https:\/\/laura4u.aboama.com\/wp-content\/uploads\/sites\/39\/2022\/07\/LP.jpg","contentUrl":"https:\/\/laura4u.aboama.com\/wp-content\/uploads\/sites\/39\/2022\/07\/LP.jpg","width":1024,"height":1024},{"@type":"BreadcrumbList","@id":"https:\/\/laura4u.aboama.com\/pt-br\/prodotto\/caixa-caja-coleccao-de-capa\/#breadcrumb","itemListElement":[{"@type":"ListItem","position":1,"name":"Home","item":"https:\/\/laura4u.aboama.com\/pt-br\/pagina-di-esempio\/"},{"@type":"ListItem","position":2,"name":"Loja","item":"https:\/\/laura4u.aboama.com\/pt-br\/loja\/"},{"@type":"ListItem","position":3,"name":"CAIXA\/CAJA &#8211; A COBERTURA &#8211; Colec\u00e7\u00e3o"}]},{"@type":"WebSite","@id":"https:\/\/laura4u.aboama.com\/pt-br\/#website","url":"https:\/\/laura4u.aboama.com\/pt-br\/","name":"Laura4u","description":"Ink Printed In Italy","publisher":{"@id":"https:\/\/laura4u.aboama.com\/pt-br\/#organization"},"potentialAction":[{"@type":"SearchAction","target":{"@type":"EntryPoint","urlTemplate":"https:\/\/laura4u.aboama.com\/pt-br\/?s={search_term_string}"},"query-input":{"@type":"PropertyValueSpecification","valueRequired":true,"valueName":"search_term_string"}}],"inLanguage":"pt-BR"},{"@type":"Organization","@id":"https:\/\/laura4u.aboama.com\/pt-br\/#organization","name":"Laura4u","url":"https:\/\/laura4u.aboama.com\/pt-br\/","logo":{"@type":"ImageObject","inLanguage":"pt-BR","@id":"https:\/\/laura4u.aboama.com\/pt-br\/#\/schema\/logo\/image\/","url":"https:\/\/laura4u.aboama.com\/wp-content\/uploads\/sites\/39\/2022\/07\/cropped-LP-official-merch-copia-600x322-1.png","contentUrl":"https:\/\/laura4u.aboama.com\/wp-content\/uploads\/sites\/39\/2022\/07\/cropped-LP-official-merch-copia-600x322-1.png","width":600,"height":322,"caption":"Laura4u"},"image":{"@id":"https:\/\/laura4u.aboama.com\/pt-br\/#\/schema\/logo\/image\/"}}]}},"_links":{"self":[{"href":"https:\/\/laura4u.aboama.com\/pt-br\/wp-json\/wp\/v2\/product\/35827","targetHints":{"allow":["GET"]}}],"collection":[{"href":"https:\/\/laura4u.aboama.com\/pt-br\/wp-json\/wp\/v2\/product"}],"about":[{"href":"https:\/\/laura4u.aboama.com\/pt-br\/wp-json\/wp\/v2\/types\/product"}],"wp:featuredmedia":[{"embeddable":true,"href":"https:\/\/laura4u.aboama.com\/pt-br\/wp-json\/wp\/v2\/media\/33917"}],"wp:attachment":[{"href":"https:\/\/laura4u.aboama.com\/pt-br\/wp-json\/wp\/v2\/media?parent=35827"}],"wp:term":[{"taxonomy":"product_brand","embeddable":true,"href":"https:\/\/laura4u.aboama.com\/pt-br\/wp-json\/wp\/v2\/product_brand?post=35827"},{"taxonomy":"product_cat","embeddable":true,"href":"https:\/\/laura4u.aboama.com\/pt-br\/wp-json\/wp\/v2\/product_cat?post=35827"},{"taxonomy":"product_tag","embeddable":true,"href":"https:\/\/laura4u.aboama.com\/pt-br\/wp-json\/wp\/v2\/product_tag?post=35827"}],"curies":[{"name":"wp","href":"https:\/\/api.w.org\/{rel}","templated":true}]}}