{"id":44571,"date":"2025-01-13T18:09:06","date_gmt":"2025-01-13T17:09:06","guid":{"rendered":"https:\/\/laura4u.aboama.com\/prodotto\/sweat-a-capuche-noir-fate-lamore-stanotte-2024\/"},"modified":"2025-01-14T10:17:05","modified_gmt":"2025-01-14T09:17:05","slug":"sweat-a-capuche-noir-fate-lamore-stanotte-2024","status":"publish","type":"product","link":"https:\/\/laura4u.aboama.com\/fr\/prodotto\/sweat-a-capuche-noir-fate-lamore-stanotte-2024\/","title":{"rendered":"SWEAT \u00c0 CAPUCHE NOIR FATE L\u2019AMORE STANOTTE 2025"},"content":{"rendered":"<p>80 % coton peign\u00e9 fil\u00e9 \u00e0 anneaux, pr\u00e9-r\u00e9tr\u00e9ci, 20 % polyester.<br \/>\nCapuche doubl\u00e9e en jersey, cordons de serrage plats avec embouts m\u00e9talliques, construction \u00e0 coutures lat\u00e9rales, bandeau anti-transpiration durable, croissant en jersey simple au dos. Peluche \u00e0 l&rsquo;int\u00e9rieur, 100% coton peign\u00e9 \u00e0 l&rsquo;ext\u00e9rieur. <\/p>\n<p>Description de la taille<\/p>\n<table cellspacing=\"0\" cellpadding=\"0\">\n<tbody>\n<tr>\n<td valign=\"bottom\"><span style=\"color: #000000; font-family: Arial; font-size: medium;\"><b>TAILLE<\/b><b><\/b><\/span><\/td>\n<td valign=\"top\">\n<p align=\"center\"><span style=\"color: #000000; font-family: Arial; font-size: medium;\"><b>XS<\/b><b><\/b><\/span><\/p>\n<\/td>\n<td valign=\"bottom\"><span style=\"color: #000000; font-family: Arial; font-size: medium;\"><b>S<\/b><b><\/b><\/span><\/td>\n<td valign=\"bottom\"><span style=\"color: #000000; font-family: Arial; font-size: medium;\"><b>M<\/b><b><\/b><\/span><\/td>\n<td valign=\"bottom\"><span style=\"color: #000000; font-family: Arial; font-size: medium;\"><b>L<\/b><b><\/b><\/span><\/td>\n<td valign=\"bottom\"><span style=\"color: #000000; font-family: Arial; font-size: medium;\"><b>XL<\/b><b><\/b><\/span><\/td>\n<td valign=\"bottom\"><span style=\"color: #000000; font-family: Arial; font-size: medium;\"><b>XXL<\/b><b><\/b><\/span><\/td>\n<\/tr>\n<tr>\n<td valign=\"top\"><span style=\"color: #000000; font-family: Arial; font-size: medium;\"><b>HAUTEUR<\/b><b><\/b><\/span><\/td>\n<td valign=\"top\">\n<p align=\"center\"><span style=\"color: #000000; font-family: Arial; font-size: medium;\">68<\/span><\/p>\n<\/td>\n<td valign=\"top\"><span style=\"color: #000000; font-family: Arial; font-size: medium;\">70<\/span><\/td>\n<td valign=\"top\"><span style=\"color: #000000; font-family: Arial; font-size: medium;\">72<\/span><\/td>\n<td valign=\"top\"><span style=\"color: #000000; font-family: Arial; font-size: medium;\">74<\/span><\/td>\n<td valign=\"top\"><span style=\"color: #000000; font-family: Arial; font-size: medium;\">76<\/span><\/td>\n<td valign=\"top\"><span style=\"color: #000000; font-family: Arial; font-size: medium;\">78<\/span><\/td>\n<\/tr>\n<tr>\n<td valign=\"top\"><span style=\"color: #000000; font-family: Arial; font-size: medium;\"><b>LARGEUR<\/b><b><\/b><\/span><\/td>\n<td valign=\"top\">\n<p align=\"center\"><span style=\"color: #000000; font-family: Arial; font-size: medium;\">49<\/span><\/p>\n<\/td>\n<td valign=\"top\"><span style=\"color: #000000; font-family: Arial; font-size: medium;\">52<\/span><\/td>\n<td valign=\"top\"><span style=\"color: #000000; font-family: Arial; font-size: medium;\">55.5<\/span><\/td>\n<td valign=\"top\"><span style=\"color: #000000; font-family: Arial; font-size: medium;\">59<\/span><\/td>\n<td valign=\"top\"><span style=\"color: #000000; font-family: Arial; font-size: medium;\">62.5<\/span><\/td>\n<td valign=\"top\"><span style=\"color: #000000; font-family: Arial; font-size: medium;\">66<\/span><\/td>\n<\/tr>\n<\/tbody>\n<\/table>\n<p>&nbsp;<\/p>\n","protected":false},"excerpt":{"rendered":"<p>Devant : impression DTF.<br \/>\nCapuche : impression autographe DTF<\/p>\n","protected":false},"featured_media":44488,"template":"","meta":[],"product_brand":[],"product_cat":[586],"product_tag":[],"class_list":{"0":"post-44571","1":"product","2":"type-product","3":"status-publish","4":"has-post-thumbnail","6":"product_cat-fate-lamore-stanotte-2024-fr","8":"first","9":"instock","10":"taxable","11":"shipping-taxable","12":"purchasable","13":"product-type-variable","14":"wpzoom-wc-spi-has-enabled"},"yoast_head":"<!-- This site is optimized with the Yoast SEO plugin v27.3 - https:\/\/yoast.com\/product\/yoast-seo-wordpress\/ -->\n<title>SWEAT \u00c0 CAPUCHE NOIR FATE L\u2019AMORE STANOTTE 2025 - Laura4u<\/title>\n<meta name=\"robots\" content=\"index, follow, max-snippet:-1, max-image-preview:large, max-video-preview:-1\" \/>\n<link rel=\"canonical\" href=\"https:\/\/laura4u.aboama.com\/fr\/prodotto\/sweat-a-capuche-noir-fate-lamore-stanotte-2024\/\" \/>\n<meta property=\"og:locale\" content=\"fr_FR\" \/>\n<meta property=\"og:type\" content=\"article\" \/>\n<meta property=\"og:title\" content=\"SWEAT \u00c0 CAPUCHE NOIR FATE L\u2019AMORE STANOTTE 2025 - Laura4u\" \/>\n<meta property=\"og:description\" content=\"Devant : impression DTF. Capuche : impression autographe DTF\" \/>\n<meta property=\"og:url\" content=\"https:\/\/laura4u.aboama.com\/fr\/prodotto\/sweat-a-capuche-noir-fate-lamore-stanotte-2024\/\" \/>\n<meta property=\"og:site_name\" content=\"Laura4u\" \/>\n<meta property=\"article:modified_time\" content=\"2025-01-14T09:17:05+00:00\" \/>\n<meta property=\"og:image\" content=\"https:\/\/laura4u.aboama.com\/wp-content\/uploads\/sites\/39\/2025\/01\/FATE-L_AMORE-STANOTTE-2024_HOODIE_NERA_FR.jpg\" \/>\n\t<meta property=\"og:image:width\" content=\"1772\" \/>\n\t<meta property=\"og:image:height\" content=\"1772\" \/>\n\t<meta property=\"og:image:type\" content=\"image\/jpeg\" \/>\n<meta name=\"twitter:card\" content=\"summary_large_image\" \/>\n<script type=\"application\/ld+json\" class=\"yoast-schema-graph\">{\"@context\":\"https:\\\/\\\/schema.org\",\"@graph\":[{\"@type\":\"WebPage\",\"@id\":\"https:\\\/\\\/laura4u.aboama.com\\\/fr\\\/prodotto\\\/sweat-a-capuche-noir-fate-lamore-stanotte-2024\\\/\",\"url\":\"https:\\\/\\\/laura4u.aboama.com\\\/fr\\\/prodotto\\\/sweat-a-capuche-noir-fate-lamore-stanotte-2024\\\/\",\"name\":\"SWEAT \u00c0 CAPUCHE NOIR FATE L\u2019AMORE STANOTTE 2025 - Laura4u\",\"isPartOf\":{\"@id\":\"https:\\\/\\\/laura4u.aboama.com\\\/fr\\\/#website\"},\"primaryImageOfPage\":{\"@id\":\"https:\\\/\\\/laura4u.aboama.com\\\/fr\\\/prodotto\\\/sweat-a-capuche-noir-fate-lamore-stanotte-2024\\\/#primaryimage\"},\"image\":{\"@id\":\"https:\\\/\\\/laura4u.aboama.com\\\/fr\\\/prodotto\\\/sweat-a-capuche-noir-fate-lamore-stanotte-2024\\\/#primaryimage\"},\"thumbnailUrl\":\"https:\\\/\\\/laura4u.aboama.com\\\/wp-content\\\/uploads\\\/sites\\\/39\\\/2025\\\/01\\\/FATE-L_AMORE-STANOTTE-2024_HOODIE_NERA_FR.jpg\",\"datePublished\":\"2025-01-13T17:09:06+00:00\",\"dateModified\":\"2025-01-14T09:17:05+00:00\",\"breadcrumb\":{\"@id\":\"https:\\\/\\\/laura4u.aboama.com\\\/fr\\\/prodotto\\\/sweat-a-capuche-noir-fate-lamore-stanotte-2024\\\/#breadcrumb\"},\"inLanguage\":\"fr-FR\",\"potentialAction\":[{\"@type\":\"ReadAction\",\"target\":[\"https:\\\/\\\/laura4u.aboama.com\\\/fr\\\/prodotto\\\/sweat-a-capuche-noir-fate-lamore-stanotte-2024\\\/\"]}]},{\"@type\":\"ImageObject\",\"inLanguage\":\"fr-FR\",\"@id\":\"https:\\\/\\\/laura4u.aboama.com\\\/fr\\\/prodotto\\\/sweat-a-capuche-noir-fate-lamore-stanotte-2024\\\/#primaryimage\",\"url\":\"https:\\\/\\\/laura4u.aboama.com\\\/wp-content\\\/uploads\\\/sites\\\/39\\\/2025\\\/01\\\/FATE-L_AMORE-STANOTTE-2024_HOODIE_NERA_FR.jpg\",\"contentUrl\":\"https:\\\/\\\/laura4u.aboama.com\\\/wp-content\\\/uploads\\\/sites\\\/39\\\/2025\\\/01\\\/FATE-L_AMORE-STANOTTE-2024_HOODIE_NERA_FR.jpg\",\"width\":1772,\"height\":1772},{\"@type\":\"BreadcrumbList\",\"@id\":\"https:\\\/\\\/laura4u.aboama.com\\\/fr\\\/prodotto\\\/sweat-a-capuche-noir-fate-lamore-stanotte-2024\\\/#breadcrumb\",\"itemListElement\":[{\"@type\":\"ListItem\",\"position\":1,\"name\":\"Home\",\"item\":\"https:\\\/\\\/laura4u.aboama.com\\\/fr\\\/pagina-di-esempio\\\/\"},{\"@type\":\"ListItem\",\"position\":2,\"name\":\"Boutique\",\"item\":\"https:\\\/\\\/laura4u.aboama.com\\\/fr\\\/boutique\\\/\"},{\"@type\":\"ListItem\",\"position\":3,\"name\":\"SWEAT \u00c0 CAPUCHE NOIR FATE L\u2019AMORE STANOTTE 2025\"}]},{\"@type\":\"WebSite\",\"@id\":\"https:\\\/\\\/laura4u.aboama.com\\\/fr\\\/#website\",\"url\":\"https:\\\/\\\/laura4u.aboama.com\\\/fr\\\/\",\"name\":\"Laura4u\",\"description\":\"Ink Printed In Italy\",\"publisher\":{\"@id\":\"https:\\\/\\\/laura4u.aboama.com\\\/fr\\\/#organization\"},\"potentialAction\":[{\"@type\":\"SearchAction\",\"target\":{\"@type\":\"EntryPoint\",\"urlTemplate\":\"https:\\\/\\\/laura4u.aboama.com\\\/fr\\\/?s={search_term_string}\"},\"query-input\":{\"@type\":\"PropertyValueSpecification\",\"valueRequired\":true,\"valueName\":\"search_term_string\"}}],\"inLanguage\":\"fr-FR\"},{\"@type\":\"Organization\",\"@id\":\"https:\\\/\\\/laura4u.aboama.com\\\/fr\\\/#organization\",\"name\":\"Laura4u\",\"url\":\"https:\\\/\\\/laura4u.aboama.com\\\/fr\\\/\",\"logo\":{\"@type\":\"ImageObject\",\"inLanguage\":\"fr-FR\",\"@id\":\"https:\\\/\\\/laura4u.aboama.com\\\/fr\\\/#\\\/schema\\\/logo\\\/image\\\/\",\"url\":\"https:\\\/\\\/laura4u.aboama.com\\\/wp-content\\\/uploads\\\/sites\\\/39\\\/2022\\\/07\\\/cropped-LP-official-merch-copia-600x322-1.png\",\"contentUrl\":\"https:\\\/\\\/laura4u.aboama.com\\\/wp-content\\\/uploads\\\/sites\\\/39\\\/2022\\\/07\\\/cropped-LP-official-merch-copia-600x322-1.png\",\"width\":600,\"height\":322,\"caption\":\"Laura4u\"},\"image\":{\"@id\":\"https:\\\/\\\/laura4u.aboama.com\\\/fr\\\/#\\\/schema\\\/logo\\\/image\\\/\"}}]}<\/script>\n<!-- \/ Yoast SEO plugin. -->","yoast_head_json":{"title":"SWEAT \u00c0 CAPUCHE NOIR FATE L\u2019AMORE STANOTTE 2025 - Laura4u","robots":{"index":"index","follow":"follow","max-snippet":"max-snippet:-1","max-image-preview":"max-image-preview:large","max-video-preview":"max-video-preview:-1"},"canonical":"https:\/\/laura4u.aboama.com\/fr\/prodotto\/sweat-a-capuche-noir-fate-lamore-stanotte-2024\/","og_locale":"fr_FR","og_type":"article","og_title":"SWEAT \u00c0 CAPUCHE NOIR FATE L\u2019AMORE STANOTTE 2025 - Laura4u","og_description":"Devant : impression DTF. Capuche : impression autographe DTF","og_url":"https:\/\/laura4u.aboama.com\/fr\/prodotto\/sweat-a-capuche-noir-fate-lamore-stanotte-2024\/","og_site_name":"Laura4u","article_modified_time":"2025-01-14T09:17:05+00:00","og_image":[{"width":1772,"height":1772,"url":"https:\/\/laura4u.aboama.com\/wp-content\/uploads\/sites\/39\/2025\/01\/FATE-L_AMORE-STANOTTE-2024_HOODIE_NERA_FR.jpg","type":"image\/jpeg"}],"twitter_card":"summary_large_image","schema":{"@context":"https:\/\/schema.org","@graph":[{"@type":"WebPage","@id":"https:\/\/laura4u.aboama.com\/fr\/prodotto\/sweat-a-capuche-noir-fate-lamore-stanotte-2024\/","url":"https:\/\/laura4u.aboama.com\/fr\/prodotto\/sweat-a-capuche-noir-fate-lamore-stanotte-2024\/","name":"SWEAT \u00c0 CAPUCHE NOIR FATE L\u2019AMORE STANOTTE 2025 - Laura4u","isPartOf":{"@id":"https:\/\/laura4u.aboama.com\/fr\/#website"},"primaryImageOfPage":{"@id":"https:\/\/laura4u.aboama.com\/fr\/prodotto\/sweat-a-capuche-noir-fate-lamore-stanotte-2024\/#primaryimage"},"image":{"@id":"https:\/\/laura4u.aboama.com\/fr\/prodotto\/sweat-a-capuche-noir-fate-lamore-stanotte-2024\/#primaryimage"},"thumbnailUrl":"https:\/\/laura4u.aboama.com\/wp-content\/uploads\/sites\/39\/2025\/01\/FATE-L_AMORE-STANOTTE-2024_HOODIE_NERA_FR.jpg","datePublished":"2025-01-13T17:09:06+00:00","dateModified":"2025-01-14T09:17:05+00:00","breadcrumb":{"@id":"https:\/\/laura4u.aboama.com\/fr\/prodotto\/sweat-a-capuche-noir-fate-lamore-stanotte-2024\/#breadcrumb"},"inLanguage":"fr-FR","potentialAction":[{"@type":"ReadAction","target":["https:\/\/laura4u.aboama.com\/fr\/prodotto\/sweat-a-capuche-noir-fate-lamore-stanotte-2024\/"]}]},{"@type":"ImageObject","inLanguage":"fr-FR","@id":"https:\/\/laura4u.aboama.com\/fr\/prodotto\/sweat-a-capuche-noir-fate-lamore-stanotte-2024\/#primaryimage","url":"https:\/\/laura4u.aboama.com\/wp-content\/uploads\/sites\/39\/2025\/01\/FATE-L_AMORE-STANOTTE-2024_HOODIE_NERA_FR.jpg","contentUrl":"https:\/\/laura4u.aboama.com\/wp-content\/uploads\/sites\/39\/2025\/01\/FATE-L_AMORE-STANOTTE-2024_HOODIE_NERA_FR.jpg","width":1772,"height":1772},{"@type":"BreadcrumbList","@id":"https:\/\/laura4u.aboama.com\/fr\/prodotto\/sweat-a-capuche-noir-fate-lamore-stanotte-2024\/#breadcrumb","itemListElement":[{"@type":"ListItem","position":1,"name":"Home","item":"https:\/\/laura4u.aboama.com\/fr\/pagina-di-esempio\/"},{"@type":"ListItem","position":2,"name":"Boutique","item":"https:\/\/laura4u.aboama.com\/fr\/boutique\/"},{"@type":"ListItem","position":3,"name":"SWEAT \u00c0 CAPUCHE NOIR FATE L\u2019AMORE STANOTTE 2025"}]},{"@type":"WebSite","@id":"https:\/\/laura4u.aboama.com\/fr\/#website","url":"https:\/\/laura4u.aboama.com\/fr\/","name":"Laura4u","description":"Ink Printed In Italy","publisher":{"@id":"https:\/\/laura4u.aboama.com\/fr\/#organization"},"potentialAction":[{"@type":"SearchAction","target":{"@type":"EntryPoint","urlTemplate":"https:\/\/laura4u.aboama.com\/fr\/?s={search_term_string}"},"query-input":{"@type":"PropertyValueSpecification","valueRequired":true,"valueName":"search_term_string"}}],"inLanguage":"fr-FR"},{"@type":"Organization","@id":"https:\/\/laura4u.aboama.com\/fr\/#organization","name":"Laura4u","url":"https:\/\/laura4u.aboama.com\/fr\/","logo":{"@type":"ImageObject","inLanguage":"fr-FR","@id":"https:\/\/laura4u.aboama.com\/fr\/#\/schema\/logo\/image\/","url":"https:\/\/laura4u.aboama.com\/wp-content\/uploads\/sites\/39\/2022\/07\/cropped-LP-official-merch-copia-600x322-1.png","contentUrl":"https:\/\/laura4u.aboama.com\/wp-content\/uploads\/sites\/39\/2022\/07\/cropped-LP-official-merch-copia-600x322-1.png","width":600,"height":322,"caption":"Laura4u"},"image":{"@id":"https:\/\/laura4u.aboama.com\/fr\/#\/schema\/logo\/image\/"}}]}},"_links":{"self":[{"href":"https:\/\/laura4u.aboama.com\/fr\/wp-json\/wp\/v2\/product\/44571","targetHints":{"allow":["GET"]}}],"collection":[{"href":"https:\/\/laura4u.aboama.com\/fr\/wp-json\/wp\/v2\/product"}],"about":[{"href":"https:\/\/laura4u.aboama.com\/fr\/wp-json\/wp\/v2\/types\/product"}],"wp:featuredmedia":[{"embeddable":true,"href":"https:\/\/laura4u.aboama.com\/fr\/wp-json\/wp\/v2\/media\/44488"}],"wp:attachment":[{"href":"https:\/\/laura4u.aboama.com\/fr\/wp-json\/wp\/v2\/media?parent=44571"}],"wp:term":[{"taxonomy":"product_brand","embeddable":true,"href":"https:\/\/laura4u.aboama.com\/fr\/wp-json\/wp\/v2\/product_brand?post=44571"},{"taxonomy":"product_cat","embeddable":true,"href":"https:\/\/laura4u.aboama.com\/fr\/wp-json\/wp\/v2\/product_cat?post=44571"},{"taxonomy":"product_tag","embeddable":true,"href":"https:\/\/laura4u.aboama.com\/fr\/wp-json\/wp\/v2\/product_tag?post=44571"}],"curies":[{"name":"wp","href":"https:\/\/api.w.org\/{rel}","templated":true}]}}