{"id":41396,"date":"2023-04-11T23:09:23","date_gmt":"2023-04-11T21:09:23","guid":{"rendered":"https:\/\/laura4u.aboama.com\/?post_type=product&#038;p=41396"},"modified":"2023-04-13T20:59:53","modified_gmt":"2023-04-13T18:59:53","slug":"laura30-sweat-shirt-et-pantalon-de-jogging-officiel","status":"publish","type":"product","link":"https:\/\/laura4u.aboama.com\/fr\/prodotto\/laura30-sweat-shirt-et-pantalon-de-jogging-officiel\/","title":{"rendered":"LAURA30 \u2013 Sweat-shirt et pantalon de jogging officiel"},"content":{"rendered":"<p><strong>SWEAT-SHIRT<\/strong><\/p>\n<table class=\"alignleft\" border=\"1\">\n<tbody>\n<tr>\n<td style=\"text-align: left;\">Taille<\/td>\n<td>S<\/td>\n<td>M<\/td>\n<td>L<\/td>\n<td>XL<\/td>\n<td>2XL<\/td>\n<\/tr>\n<tr>\n<td style=\"text-align: left;\">Hauteur<\/td>\n<td>70 cm<\/td>\n<td>72 cm<\/td>\n<td>74 cm<\/td>\n<td>76 cm<\/td>\n<td>78 cm<\/td>\n<\/tr>\n<tr>\n<td style=\"text-align: left;\">Largeur<\/td>\n<td>52 cm<\/td>\n<td>55 cm<\/td>\n<td>59 cm<\/td>\n<td>62,5 cm<\/td>\n<td>66 cm<\/td>\n<\/tr>\n<\/tbody>\n<\/table>\n<p><strong>Mod\u00e8le unisexe. Veuillez vous r\u00e9f\u00e9rer aux mesures du tableau pour l&rsquo;ajustement.<\/strong><\/p>\n<p>Coupe classique<br \/>\n80 % coton peign\u00e9 fil\u00e9 \u00e0 l&rsquo;anneau, pr\u00e9-r\u00e9tr\u00e9ci, 20 % polyester. Int\u00e9rieur doubl\u00e9.<\/p>\n<p><strong>JOGGEURS<\/strong><\/p>\n<table class=\"alignleft\" border=\"1\">\n<tbody>\n<tr>\n<td style=\"text-align: left;\">Taille<\/td>\n<td>S<\/td>\n<td>M<\/td>\n<td>L<\/td>\n<td>XL<\/td>\n<\/tr>\n<tr>\n<td style=\"text-align: left;\">Hauteur<\/td>\n<td>108 cm<\/td>\n<td>112 cm<\/td>\n<td>114 cm<\/td>\n<td>116 cm<\/td>\n<\/tr>\n<tr>\n<td style=\"text-align: left;\">Largeur<\/td>\n<td>47 cm<\/td>\n<td>51 cm<\/td>\n<td>55 cm<\/td>\n<td>59 cm<\/td>\n<\/tr>\n<\/tbody>\n<\/table>\n<p><strong>Mod\u00e8le unisexe. Veuillez vous r\u00e9f\u00e9rer aux mesures du tableau pour l&rsquo;ajustement.<\/strong><\/p>\n<p>Coupe classique<br \/>\nPour les coupes f\u00e9minines, nous vous recommandons d&rsquo;acheter une taille en dessous ou de vous r\u00e9f\u00e9rer aux mesures du tableau.<br \/>\n52 % algod\u00f3n, 48 % forro polar de poli\u00e9ster. Pantal\u00f3n de ch\u00e1ndal unisex, con costuras laterales y bolsillos, pu\u00f1os de canal\u00e9 en los tobillos, cinturilla el\u00e1stica con ojal y cord\u00f3n blanco.<\/p>\n","protected":false},"excerpt":{"rendered":"<p><strong>SWEAT-SHIRT<\/strong><br \/>\nLe sweat-shirt avec le nouveau logo officiel, con\u00e7u pour c\u00e9l\u00e9brer les 30 ans de carri\u00e8re de Laura.<br \/>\nDevant : graphique LAURA30 imprim\u00e9.<br \/>\nVerso : Laura Pausini \u2013 30 ANNIVERSARY imprim\u00e9.<br \/>\nA l\u2019int\u00e9rieur : QR Code LP Produit officiel sous licence fabriqu\u00e9 avec l\u2019impression dtf.<\/p>\n<p><strong>JOGGEURS<\/strong><br \/>\nEl pantal\u00f3n con el nuevo logo oficial, dise\u00f1ado para celebrar los 30 a\u00f1os de carrera de Laura.<br \/>\nDevant : graphique LAURA30 imprim\u00e9.<br \/>\nA l\u2019int\u00e9rieur : QR Code LP Produit officiel sous licence fabriqu\u00e9 avec l\u2019impression dtf.<\/p>\n","protected":false},"featured_media":43048,"template":"","meta":[],"product_brand":[],"product_cat":[143,453,211,198],"product_tag":[],"class_list":{"0":"post-41396","1":"product","2":"type-product","3":"status-publish","4":"has-post-thumbnail","6":"product_cat-femme","7":"product_cat-laura30-fr","8":"product_cat-monsieur","9":"product_cat-unisex-fr","11":"first","12":"instock","13":"taxable","14":"shipping-taxable","15":"purchasable","16":"product-type-variable","17":"has-default-attributes","18":"wpzoom-wc-spi-has-enabled"},"yoast_head":"<!-- This site is optimized with the Yoast SEO plugin v27.3 - https:\/\/yoast.com\/product\/yoast-seo-wordpress\/ -->\n<title>LAURA30 \u2013 Sweat-shirt et pantalon de jogging officiel - Laura4u<\/title>\n<meta name=\"robots\" content=\"index, follow, max-snippet:-1, max-image-preview:large, max-video-preview:-1\" \/>\n<link rel=\"canonical\" href=\"https:\/\/laura4u.aboama.com\/fr\/prodotto\/e-sta-a-te-sweat-shirt-fuchsia-fluo-copy-copy-copy\/\" \/>\n<meta property=\"og:locale\" content=\"fr_FR\" \/>\n<meta property=\"og:type\" content=\"article\" \/>\n<meta property=\"og:title\" content=\"LAURA30 \u2013 Sweat-shirt et pantalon de jogging officiel - Laura4u\" \/>\n<meta property=\"og:description\" content=\"SWEAT-SHIRT Le sweat-shirt avec le nouveau logo officiel, con\u00e7u pour c\u00e9l\u00e9brer les 30 ans de carri\u00e8re de Laura. Devant : graphique LAURA30 imprim\u00e9. Verso : Laura Pausini \u2013 30 ANNIVERSARY imprim\u00e9. A l\u2019int\u00e9rieur : QR Code LP Produit officiel sous licence fabriqu\u00e9 avec l\u2019impression dtf.  JOGGEURS El pantal\u00f3n con el nuevo logo oficial, dise\u00f1ado para celebrar los 30 a\u00f1os de carrera de Laura. Devant : graphique LAURA30 imprim\u00e9. A l\u2019int\u00e9rieur : QR Code LP Produit officiel sous licence fabriqu\u00e9 avec l\u2019impression dtf.\" \/>\n<meta property=\"og:url\" content=\"https:\/\/laura4u.aboama.com\/fr\/prodotto\/e-sta-a-te-sweat-shirt-fuchsia-fluo-copy-copy-copy\/\" \/>\n<meta property=\"og:site_name\" content=\"Laura4u\" \/>\n<meta property=\"article:modified_time\" content=\"2023-04-13T18:59:53+00:00\" \/>\n<meta property=\"og:image\" content=\"https:\/\/laura4u.aboama.com\/wp-content\/uploads\/sites\/39\/2023\/04\/Completo-blu.jpg\" \/>\n\t<meta property=\"og:image:width\" content=\"1772\" \/>\n\t<meta property=\"og:image:height\" content=\"1772\" \/>\n\t<meta property=\"og:image:type\" content=\"image\/jpeg\" \/>\n<meta name=\"twitter:card\" content=\"summary_large_image\" \/>\n<meta name=\"twitter:label1\" content=\"Dur\u00e9e de lecture estim\u00e9e\" \/>\n\t<meta name=\"twitter:data1\" content=\"1 minute\" \/>\n<script type=\"application\/ld+json\" class=\"yoast-schema-graph\">{\"@context\":\"https:\\\/\\\/schema.org\",\"@graph\":[{\"@type\":\"WebPage\",\"@id\":\"https:\\\/\\\/laura4u.aboama.com\\\/fr\\\/prodotto\\\/e-sta-a-te-sweat-shirt-fuchsia-fluo-copy-copy-copy\\\/\",\"url\":\"https:\\\/\\\/laura4u.aboama.com\\\/fr\\\/prodotto\\\/e-sta-a-te-sweat-shirt-fuchsia-fluo-copy-copy-copy\\\/\",\"name\":\"LAURA30 \u2013 Sweat-shirt et pantalon de jogging officiel - Laura4u\",\"isPartOf\":{\"@id\":\"https:\\\/\\\/laura4u.aboama.com\\\/#website\"},\"primaryImageOfPage\":{\"@id\":\"https:\\\/\\\/laura4u.aboama.com\\\/fr\\\/prodotto\\\/e-sta-a-te-sweat-shirt-fuchsia-fluo-copy-copy-copy\\\/#primaryimage\"},\"image\":{\"@id\":\"https:\\\/\\\/laura4u.aboama.com\\\/fr\\\/prodotto\\\/e-sta-a-te-sweat-shirt-fuchsia-fluo-copy-copy-copy\\\/#primaryimage\"},\"thumbnailUrl\":\"https:\\\/\\\/laura4u.aboama.com\\\/wp-content\\\/uploads\\\/sites\\\/39\\\/2023\\\/04\\\/BLU-FRONT-1-copia-copia.jpg\",\"datePublished\":\"2023-04-11T21:09:23+00:00\",\"dateModified\":\"2023-04-13T18:59:53+00:00\",\"breadcrumb\":{\"@id\":\"https:\\\/\\\/laura4u.aboama.com\\\/fr\\\/prodotto\\\/e-sta-a-te-sweat-shirt-fuchsia-fluo-copy-copy-copy\\\/#breadcrumb\"},\"inLanguage\":\"fr-FR\",\"potentialAction\":[{\"@type\":\"ReadAction\",\"target\":[\"https:\\\/\\\/laura4u.aboama.com\\\/fr\\\/prodotto\\\/e-sta-a-te-sweat-shirt-fuchsia-fluo-copy-copy-copy\\\/\"]}]},{\"@type\":\"ImageObject\",\"inLanguage\":\"fr-FR\",\"@id\":\"https:\\\/\\\/laura4u.aboama.com\\\/fr\\\/prodotto\\\/e-sta-a-te-sweat-shirt-fuchsia-fluo-copy-copy-copy\\\/#primaryimage\",\"url\":\"https:\\\/\\\/laura4u.aboama.com\\\/wp-content\\\/uploads\\\/sites\\\/39\\\/2023\\\/04\\\/BLU-FRONT-1-copia-copia.jpg\",\"contentUrl\":\"https:\\\/\\\/laura4u.aboama.com\\\/wp-content\\\/uploads\\\/sites\\\/39\\\/2023\\\/04\\\/BLU-FRONT-1-copia-copia.jpg\",\"width\":1772,\"height\":1772},{\"@type\":\"BreadcrumbList\",\"@id\":\"https:\\\/\\\/laura4u.aboama.com\\\/fr\\\/prodotto\\\/e-sta-a-te-sweat-shirt-fuchsia-fluo-copy-copy-copy\\\/#breadcrumb\",\"itemListElement\":[{\"@type\":\"ListItem\",\"position\":1,\"name\":\"Home\",\"item\":\"https:\\\/\\\/laura4u.aboama.com\\\/fr\\\/pagina-di-esempio\\\/\"},{\"@type\":\"ListItem\",\"position\":2,\"name\":\"Shop\",\"item\":\"https:\\\/\\\/laura4u.aboama.com\\\/negozio\\\/\"},{\"@type\":\"ListItem\",\"position\":3,\"name\":\"LAURA30 \u2013 Sweat-shirt et pantalon de jogging officiel\"}]},{\"@type\":\"WebSite\",\"@id\":\"https:\\\/\\\/laura4u.aboama.com\\\/#website\",\"url\":\"https:\\\/\\\/laura4u.aboama.com\\\/\",\"name\":\"Laura4u\",\"description\":\"Ink Printed In Italy\",\"publisher\":{\"@id\":\"https:\\\/\\\/laura4u.aboama.com\\\/#organization\"},\"potentialAction\":[{\"@type\":\"SearchAction\",\"target\":{\"@type\":\"EntryPoint\",\"urlTemplate\":\"https:\\\/\\\/laura4u.aboama.com\\\/?s={search_term_string}\"},\"query-input\":{\"@type\":\"PropertyValueSpecification\",\"valueRequired\":true,\"valueName\":\"search_term_string\"}}],\"inLanguage\":\"fr-FR\"},{\"@type\":\"Organization\",\"@id\":\"https:\\\/\\\/laura4u.aboama.com\\\/#organization\",\"name\":\"Laura4u\",\"url\":\"https:\\\/\\\/laura4u.aboama.com\\\/\",\"logo\":{\"@type\":\"ImageObject\",\"inLanguage\":\"fr-FR\",\"@id\":\"https:\\\/\\\/laura4u.aboama.com\\\/#\\\/schema\\\/logo\\\/image\\\/\",\"url\":\"https:\\\/\\\/laura4u.aboama.com\\\/wp-content\\\/uploads\\\/sites\\\/39\\\/2022\\\/07\\\/cropped-LP-official-merch-copia-600x322-1.png\",\"contentUrl\":\"https:\\\/\\\/laura4u.aboama.com\\\/wp-content\\\/uploads\\\/sites\\\/39\\\/2022\\\/07\\\/cropped-LP-official-merch-copia-600x322-1.png\",\"width\":600,\"height\":322,\"caption\":\"Laura4u\"},\"image\":{\"@id\":\"https:\\\/\\\/laura4u.aboama.com\\\/#\\\/schema\\\/logo\\\/image\\\/\"}}]}<\/script>\n<!-- \/ Yoast SEO plugin. -->","yoast_head_json":{"title":"LAURA30 \u2013 Sweat-shirt et pantalon de jogging officiel - Laura4u","robots":{"index":"index","follow":"follow","max-snippet":"max-snippet:-1","max-image-preview":"max-image-preview:large","max-video-preview":"max-video-preview:-1"},"canonical":"https:\/\/laura4u.aboama.com\/fr\/prodotto\/e-sta-a-te-sweat-shirt-fuchsia-fluo-copy-copy-copy\/","og_locale":"fr_FR","og_type":"article","og_title":"LAURA30 \u2013 Sweat-shirt et pantalon de jogging officiel - Laura4u","og_description":"SWEAT-SHIRT Le sweat-shirt avec le nouveau logo officiel, con\u00e7u pour c\u00e9l\u00e9brer les 30 ans de carri\u00e8re de Laura. Devant : graphique LAURA30 imprim\u00e9. Verso : Laura Pausini \u2013 30 ANNIVERSARY imprim\u00e9. A l\u2019int\u00e9rieur : QR Code LP Produit officiel sous licence fabriqu\u00e9 avec l\u2019impression dtf.  JOGGEURS El pantal\u00f3n con el nuevo logo oficial, dise\u00f1ado para celebrar los 30 a\u00f1os de carrera de Laura. Devant : graphique LAURA30 imprim\u00e9. A l\u2019int\u00e9rieur : QR Code LP Produit officiel sous licence fabriqu\u00e9 avec l\u2019impression dtf.","og_url":"https:\/\/laura4u.aboama.com\/fr\/prodotto\/e-sta-a-te-sweat-shirt-fuchsia-fluo-copy-copy-copy\/","og_site_name":"Laura4u","article_modified_time":"2023-04-13T18:59:53+00:00","og_image":[{"width":1772,"height":1772,"url":"https:\/\/laura4u.aboama.com\/wp-content\/uploads\/sites\/39\/2023\/04\/Completo-blu.jpg","type":"image\/jpeg"}],"twitter_card":"summary_large_image","twitter_misc":{"Dur\u00e9e de lecture estim\u00e9e":"1 minute"},"schema":{"@context":"https:\/\/schema.org","@graph":[{"@type":"WebPage","@id":"https:\/\/laura4u.aboama.com\/fr\/prodotto\/e-sta-a-te-sweat-shirt-fuchsia-fluo-copy-copy-copy\/","url":"https:\/\/laura4u.aboama.com\/fr\/prodotto\/e-sta-a-te-sweat-shirt-fuchsia-fluo-copy-copy-copy\/","name":"LAURA30 \u2013 Sweat-shirt et pantalon de jogging officiel - Laura4u","isPartOf":{"@id":"https:\/\/laura4u.aboama.com\/#website"},"primaryImageOfPage":{"@id":"https:\/\/laura4u.aboama.com\/fr\/prodotto\/e-sta-a-te-sweat-shirt-fuchsia-fluo-copy-copy-copy\/#primaryimage"},"image":{"@id":"https:\/\/laura4u.aboama.com\/fr\/prodotto\/e-sta-a-te-sweat-shirt-fuchsia-fluo-copy-copy-copy\/#primaryimage"},"thumbnailUrl":"https:\/\/laura4u.aboama.com\/wp-content\/uploads\/sites\/39\/2023\/04\/BLU-FRONT-1-copia-copia.jpg","datePublished":"2023-04-11T21:09:23+00:00","dateModified":"2023-04-13T18:59:53+00:00","breadcrumb":{"@id":"https:\/\/laura4u.aboama.com\/fr\/prodotto\/e-sta-a-te-sweat-shirt-fuchsia-fluo-copy-copy-copy\/#breadcrumb"},"inLanguage":"fr-FR","potentialAction":[{"@type":"ReadAction","target":["https:\/\/laura4u.aboama.com\/fr\/prodotto\/e-sta-a-te-sweat-shirt-fuchsia-fluo-copy-copy-copy\/"]}]},{"@type":"ImageObject","inLanguage":"fr-FR","@id":"https:\/\/laura4u.aboama.com\/fr\/prodotto\/e-sta-a-te-sweat-shirt-fuchsia-fluo-copy-copy-copy\/#primaryimage","url":"https:\/\/laura4u.aboama.com\/wp-content\/uploads\/sites\/39\/2023\/04\/BLU-FRONT-1-copia-copia.jpg","contentUrl":"https:\/\/laura4u.aboama.com\/wp-content\/uploads\/sites\/39\/2023\/04\/BLU-FRONT-1-copia-copia.jpg","width":1772,"height":1772},{"@type":"BreadcrumbList","@id":"https:\/\/laura4u.aboama.com\/fr\/prodotto\/e-sta-a-te-sweat-shirt-fuchsia-fluo-copy-copy-copy\/#breadcrumb","itemListElement":[{"@type":"ListItem","position":1,"name":"Home","item":"https:\/\/laura4u.aboama.com\/fr\/pagina-di-esempio\/"},{"@type":"ListItem","position":2,"name":"Shop","item":"https:\/\/laura4u.aboama.com\/negozio\/"},{"@type":"ListItem","position":3,"name":"LAURA30 \u2013 Sweat-shirt et pantalon de jogging officiel"}]},{"@type":"WebSite","@id":"https:\/\/laura4u.aboama.com\/#website","url":"https:\/\/laura4u.aboama.com\/","name":"Laura4u","description":"Ink Printed In Italy","publisher":{"@id":"https:\/\/laura4u.aboama.com\/#organization"},"potentialAction":[{"@type":"SearchAction","target":{"@type":"EntryPoint","urlTemplate":"https:\/\/laura4u.aboama.com\/?s={search_term_string}"},"query-input":{"@type":"PropertyValueSpecification","valueRequired":true,"valueName":"search_term_string"}}],"inLanguage":"fr-FR"},{"@type":"Organization","@id":"https:\/\/laura4u.aboama.com\/#organization","name":"Laura4u","url":"https:\/\/laura4u.aboama.com\/","logo":{"@type":"ImageObject","inLanguage":"fr-FR","@id":"https:\/\/laura4u.aboama.com\/#\/schema\/logo\/image\/","url":"https:\/\/laura4u.aboama.com\/wp-content\/uploads\/sites\/39\/2022\/07\/cropped-LP-official-merch-copia-600x322-1.png","contentUrl":"https:\/\/laura4u.aboama.com\/wp-content\/uploads\/sites\/39\/2022\/07\/cropped-LP-official-merch-copia-600x322-1.png","width":600,"height":322,"caption":"Laura4u"},"image":{"@id":"https:\/\/laura4u.aboama.com\/#\/schema\/logo\/image\/"}}]}},"_links":{"self":[{"href":"https:\/\/laura4u.aboama.com\/fr\/wp-json\/wp\/v2\/product\/41396","targetHints":{"allow":["GET"]}}],"collection":[{"href":"https:\/\/laura4u.aboama.com\/fr\/wp-json\/wp\/v2\/product"}],"about":[{"href":"https:\/\/laura4u.aboama.com\/fr\/wp-json\/wp\/v2\/types\/product"}],"wp:featuredmedia":[{"embeddable":true,"href":"https:\/\/laura4u.aboama.com\/fr\/wp-json\/wp\/v2\/media\/43048"}],"wp:attachment":[{"href":"https:\/\/laura4u.aboama.com\/fr\/wp-json\/wp\/v2\/media?parent=41396"}],"wp:term":[{"taxonomy":"product_brand","embeddable":true,"href":"https:\/\/laura4u.aboama.com\/fr\/wp-json\/wp\/v2\/product_brand?post=41396"},{"taxonomy":"product_cat","embeddable":true,"href":"https:\/\/laura4u.aboama.com\/fr\/wp-json\/wp\/v2\/product_cat?post=41396"},{"taxonomy":"product_tag","embeddable":true,"href":"https:\/\/laura4u.aboama.com\/fr\/wp-json\/wp\/v2\/product_tag?post=41396"}],"curies":[{"name":"wp","href":"https:\/\/api.w.org\/{rel}","templated":true}]}}