{"id":41188,"date":"2023-03-09T18:51:59","date_gmt":"2023-03-09T17:51:59","guid":{"rendered":"https:\/\/laura4u.aboama.com\/prodotto\/un-buon-inizio\/"},"modified":"2023-03-09T19:02:29","modified_gmt":"2023-03-09T18:02:29","slug":"un-buon-inizio-un-buen-inicio-tshirt-unisex","status":"publish","type":"product","link":"https:\/\/laura4u.aboama.com\/fr\/prodotto\/un-buon-inizio-un-buen-inicio-tshirt-unisex\/","title":{"rendered":"UN BUON INIZIO \/ UN BUEN INICIO &#8211; Tshirt Unisex"},"content":{"rendered":"<table class=\"alignleft\" border=\"1\">\n<tbody>\n<tr>\n<th style=\"text-align: left;\">MESURE<\/th>\n<td>S<\/td>\n<td>M<\/td>\n<td>L<\/td>\n<td>XL<\/td>\n<td>2XL<\/td>\n<\/tr>\n<tr>\n<th style=\"text-align: left;\">HAUTEUR<\/th>\n<td>70 cm<\/td>\n<td>72 cm<\/td>\n<td>74 cm<\/td>\n<td>76 cm<\/td>\n<td>78 cm<\/td>\n<\/tr>\n<tr>\n<th>LARGEUR<\/th>\n<td>47 cm<\/td>\n<td>50 cm<\/td>\n<td>53 cm<\/td>\n<td>56 cm<\/td>\n<td>59 cm<\/td>\n<\/tr>\n<\/tbody>\n<\/table>\n<p><strong>CLASSIC FIT (poids du tissu 175g\/m2)<\/strong><\/p>\n<div class=\"std\">100% coton biologique fil\u00e9 \u00e0 la cha\u00eene. T-shirt \u00e0 manches courtes, col ras du cou, doux au toucher, structure avec coutures lat\u00e9rales.<\/div>\n","protected":false},"excerpt":{"rendered":"<p>Le t-shirt officiel du nouveau single \u201cUN BUON INIZIO \/ UN BUEN INICIO\u201d<br \/>\nDevant : image de la couverture \u00ab UN BUON INIZIO \/ UN BUEN INICIO \u00bb imprim\u00e9e + Logo LP30 imprim\u00e9<br \/>\nVerso : autographe de Laura \u2013 30 ANNIVERSAIRE imprim\u00e9.<br \/>\n\u00c0 l&rsquo;int\u00e9rieur : \u00e9tiquette imprim\u00e9e du code QR du produit sous licence officielle LP<\/p>\n","protected":false},"featured_media":41172,"template":"","meta":[],"product_brand":[],"product_cat":[143,211,460,198],"product_tag":[],"class_list":{"0":"post-41188","1":"product","2":"type-product","3":"status-publish","4":"has-post-thumbnail","6":"product_cat-femme","7":"product_cat-monsieur","8":"product_cat-un-buon-inizio-fr","9":"product_cat-unisex-fr","11":"first","12":"instock","13":"taxable","14":"shipping-taxable","15":"purchasable","16":"product-type-variable","17":"has-default-attributes","18":"wpzoom-wc-spi-has-enabled"},"yoast_head":"<!-- This site is optimized with the Yoast SEO plugin v27.3 - https:\/\/yoast.com\/product\/yoast-seo-wordpress\/ -->\n<title>UN BUON INIZIO \/ UN BUEN INICIO - Tshirt Unisex - Laura4u<\/title>\n<meta name=\"robots\" content=\"index, follow, max-snippet:-1, max-image-preview:large, max-video-preview:-1\" \/>\n<link rel=\"canonical\" href=\"https:\/\/laura4u.aboama.com\/fr\/prodotto\/un-buon-inizio-un-buen-inicio-tshirt-unisex\/\" \/>\n<meta property=\"og:locale\" content=\"fr_FR\" \/>\n<meta property=\"og:type\" content=\"article\" \/>\n<meta property=\"og:title\" content=\"UN BUON INIZIO \/ UN BUEN INICIO - Tshirt Unisex - Laura4u\" \/>\n<meta property=\"og:description\" content=\"Le t-shirt officiel du nouveau single \u201cUN BUON INIZIO \/ UN BUEN INICIO\u201d Devant : image de la couverture \u00ab UN BUON INIZIO \/ UN BUEN INICIO \u00bb imprim\u00e9e + Logo LP30 imprim\u00e9 Verso : autographe de Laura \u2013 30 ANNIVERSAIRE imprim\u00e9. \u00c0 l&#039;int\u00e9rieur : \u00e9tiquette imprim\u00e9e du code QR du produit sous licence officielle LP\" \/>\n<meta property=\"og:url\" content=\"https:\/\/laura4u.aboama.com\/fr\/prodotto\/un-buon-inizio-un-buen-inicio-tshirt-unisex\/\" \/>\n<meta property=\"og:site_name\" content=\"Laura4u\" \/>\n<meta property=\"article:modified_time\" content=\"2023-03-09T18:02:29+00:00\" \/>\n<meta property=\"og:image\" content=\"https:\/\/laura4u.aboama.com\/wp-content\/uploads\/sites\/39\/2023\/03\/LP-UN-BUON-INIZIO-FRONTE-ITALIANO.png\" \/>\n\t<meta property=\"og:image:width\" content=\"1772\" \/>\n\t<meta property=\"og:image:height\" content=\"1772\" \/>\n\t<meta property=\"og:image:type\" content=\"image\/png\" \/>\n<meta name=\"twitter:card\" content=\"summary_large_image\" \/>\n<script type=\"application\/ld+json\" class=\"yoast-schema-graph\">{\"@context\":\"https:\\\/\\\/schema.org\",\"@graph\":[{\"@type\":\"WebPage\",\"@id\":\"https:\\\/\\\/laura4u.aboama.com\\\/fr\\\/prodotto\\\/un-buon-inizio-un-buen-inicio-tshirt-unisex\\\/\",\"url\":\"https:\\\/\\\/laura4u.aboama.com\\\/fr\\\/prodotto\\\/un-buon-inizio-un-buen-inicio-tshirt-unisex\\\/\",\"name\":\"UN BUON INIZIO \\\/ UN BUEN INICIO - Tshirt Unisex - Laura4u\",\"isPartOf\":{\"@id\":\"https:\\\/\\\/laura4u.aboama.com\\\/fr\\\/#website\"},\"primaryImageOfPage\":{\"@id\":\"https:\\\/\\\/laura4u.aboama.com\\\/fr\\\/prodotto\\\/un-buon-inizio-un-buen-inicio-tshirt-unisex\\\/#primaryimage\"},\"image\":{\"@id\":\"https:\\\/\\\/laura4u.aboama.com\\\/fr\\\/prodotto\\\/un-buon-inizio-un-buen-inicio-tshirt-unisex\\\/#primaryimage\"},\"thumbnailUrl\":\"https:\\\/\\\/laura4u.aboama.com\\\/wp-content\\\/uploads\\\/sites\\\/39\\\/2023\\\/03\\\/LP-UN-BUON-INIZIO-FRONTE-ITALIANO.png\",\"datePublished\":\"2023-03-09T17:51:59+00:00\",\"dateModified\":\"2023-03-09T18:02:29+00:00\",\"breadcrumb\":{\"@id\":\"https:\\\/\\\/laura4u.aboama.com\\\/fr\\\/prodotto\\\/un-buon-inizio-un-buen-inicio-tshirt-unisex\\\/#breadcrumb\"},\"inLanguage\":\"fr-FR\",\"potentialAction\":[{\"@type\":\"ReadAction\",\"target\":[\"https:\\\/\\\/laura4u.aboama.com\\\/fr\\\/prodotto\\\/un-buon-inizio-un-buen-inicio-tshirt-unisex\\\/\"]}]},{\"@type\":\"ImageObject\",\"inLanguage\":\"fr-FR\",\"@id\":\"https:\\\/\\\/laura4u.aboama.com\\\/fr\\\/prodotto\\\/un-buon-inizio-un-buen-inicio-tshirt-unisex\\\/#primaryimage\",\"url\":\"https:\\\/\\\/laura4u.aboama.com\\\/wp-content\\\/uploads\\\/sites\\\/39\\\/2023\\\/03\\\/LP-UN-BUON-INIZIO-FRONTE-ITALIANO.png\",\"contentUrl\":\"https:\\\/\\\/laura4u.aboama.com\\\/wp-content\\\/uploads\\\/sites\\\/39\\\/2023\\\/03\\\/LP-UN-BUON-INIZIO-FRONTE-ITALIANO.png\",\"width\":1772,\"height\":1772},{\"@type\":\"BreadcrumbList\",\"@id\":\"https:\\\/\\\/laura4u.aboama.com\\\/fr\\\/prodotto\\\/un-buon-inizio-un-buen-inicio-tshirt-unisex\\\/#breadcrumb\",\"itemListElement\":[{\"@type\":\"ListItem\",\"position\":1,\"name\":\"Home\",\"item\":\"https:\\\/\\\/laura4u.aboama.com\\\/fr\\\/pagina-di-esempio\\\/\"},{\"@type\":\"ListItem\",\"position\":2,\"name\":\"Boutique\",\"item\":\"https:\\\/\\\/laura4u.aboama.com\\\/fr\\\/boutique\\\/\"},{\"@type\":\"ListItem\",\"position\":3,\"name\":\"UN BUON INIZIO \\\/ UN BUEN INICIO &#8211; Tshirt Unisex\"}]},{\"@type\":\"WebSite\",\"@id\":\"https:\\\/\\\/laura4u.aboama.com\\\/fr\\\/#website\",\"url\":\"https:\\\/\\\/laura4u.aboama.com\\\/fr\\\/\",\"name\":\"Laura4u\",\"description\":\"Ink Printed In Italy\",\"publisher\":{\"@id\":\"https:\\\/\\\/laura4u.aboama.com\\\/fr\\\/#organization\"},\"potentialAction\":[{\"@type\":\"SearchAction\",\"target\":{\"@type\":\"EntryPoint\",\"urlTemplate\":\"https:\\\/\\\/laura4u.aboama.com\\\/fr\\\/?s={search_term_string}\"},\"query-input\":{\"@type\":\"PropertyValueSpecification\",\"valueRequired\":true,\"valueName\":\"search_term_string\"}}],\"inLanguage\":\"fr-FR\"},{\"@type\":\"Organization\",\"@id\":\"https:\\\/\\\/laura4u.aboama.com\\\/fr\\\/#organization\",\"name\":\"Laura4u\",\"url\":\"https:\\\/\\\/laura4u.aboama.com\\\/fr\\\/\",\"logo\":{\"@type\":\"ImageObject\",\"inLanguage\":\"fr-FR\",\"@id\":\"https:\\\/\\\/laura4u.aboama.com\\\/fr\\\/#\\\/schema\\\/logo\\\/image\\\/\",\"url\":\"https:\\\/\\\/laura4u.aboama.com\\\/wp-content\\\/uploads\\\/sites\\\/39\\\/2022\\\/07\\\/cropped-LP-official-merch-copia-600x322-1.png\",\"contentUrl\":\"https:\\\/\\\/laura4u.aboama.com\\\/wp-content\\\/uploads\\\/sites\\\/39\\\/2022\\\/07\\\/cropped-LP-official-merch-copia-600x322-1.png\",\"width\":600,\"height\":322,\"caption\":\"Laura4u\"},\"image\":{\"@id\":\"https:\\\/\\\/laura4u.aboama.com\\\/fr\\\/#\\\/schema\\\/logo\\\/image\\\/\"}}]}<\/script>\n<!-- \/ Yoast SEO plugin. -->","yoast_head_json":{"title":"UN BUON INIZIO \/ UN BUEN INICIO - Tshirt Unisex - Laura4u","robots":{"index":"index","follow":"follow","max-snippet":"max-snippet:-1","max-image-preview":"max-image-preview:large","max-video-preview":"max-video-preview:-1"},"canonical":"https:\/\/laura4u.aboama.com\/fr\/prodotto\/un-buon-inizio-un-buen-inicio-tshirt-unisex\/","og_locale":"fr_FR","og_type":"article","og_title":"UN BUON INIZIO \/ UN BUEN INICIO - Tshirt Unisex - Laura4u","og_description":"Le t-shirt officiel du nouveau single \u201cUN BUON INIZIO \/ UN BUEN INICIO\u201d Devant : image de la couverture \u00ab UN BUON INIZIO \/ UN BUEN INICIO \u00bb imprim\u00e9e + Logo LP30 imprim\u00e9 Verso : autographe de Laura \u2013 30 ANNIVERSAIRE imprim\u00e9. \u00c0 l'int\u00e9rieur : \u00e9tiquette imprim\u00e9e du code QR du produit sous licence officielle LP","og_url":"https:\/\/laura4u.aboama.com\/fr\/prodotto\/un-buon-inizio-un-buen-inicio-tshirt-unisex\/","og_site_name":"Laura4u","article_modified_time":"2023-03-09T18:02:29+00:00","og_image":[{"width":1772,"height":1772,"url":"https:\/\/laura4u.aboama.com\/wp-content\/uploads\/sites\/39\/2023\/03\/LP-UN-BUON-INIZIO-FRONTE-ITALIANO.png","type":"image\/png"}],"twitter_card":"summary_large_image","schema":{"@context":"https:\/\/schema.org","@graph":[{"@type":"WebPage","@id":"https:\/\/laura4u.aboama.com\/fr\/prodotto\/un-buon-inizio-un-buen-inicio-tshirt-unisex\/","url":"https:\/\/laura4u.aboama.com\/fr\/prodotto\/un-buon-inizio-un-buen-inicio-tshirt-unisex\/","name":"UN BUON INIZIO \/ UN BUEN INICIO - Tshirt Unisex - Laura4u","isPartOf":{"@id":"https:\/\/laura4u.aboama.com\/fr\/#website"},"primaryImageOfPage":{"@id":"https:\/\/laura4u.aboama.com\/fr\/prodotto\/un-buon-inizio-un-buen-inicio-tshirt-unisex\/#primaryimage"},"image":{"@id":"https:\/\/laura4u.aboama.com\/fr\/prodotto\/un-buon-inizio-un-buen-inicio-tshirt-unisex\/#primaryimage"},"thumbnailUrl":"https:\/\/laura4u.aboama.com\/wp-content\/uploads\/sites\/39\/2023\/03\/LP-UN-BUON-INIZIO-FRONTE-ITALIANO.png","datePublished":"2023-03-09T17:51:59+00:00","dateModified":"2023-03-09T18:02:29+00:00","breadcrumb":{"@id":"https:\/\/laura4u.aboama.com\/fr\/prodotto\/un-buon-inizio-un-buen-inicio-tshirt-unisex\/#breadcrumb"},"inLanguage":"fr-FR","potentialAction":[{"@type":"ReadAction","target":["https:\/\/laura4u.aboama.com\/fr\/prodotto\/un-buon-inizio-un-buen-inicio-tshirt-unisex\/"]}]},{"@type":"ImageObject","inLanguage":"fr-FR","@id":"https:\/\/laura4u.aboama.com\/fr\/prodotto\/un-buon-inizio-un-buen-inicio-tshirt-unisex\/#primaryimage","url":"https:\/\/laura4u.aboama.com\/wp-content\/uploads\/sites\/39\/2023\/03\/LP-UN-BUON-INIZIO-FRONTE-ITALIANO.png","contentUrl":"https:\/\/laura4u.aboama.com\/wp-content\/uploads\/sites\/39\/2023\/03\/LP-UN-BUON-INIZIO-FRONTE-ITALIANO.png","width":1772,"height":1772},{"@type":"BreadcrumbList","@id":"https:\/\/laura4u.aboama.com\/fr\/prodotto\/un-buon-inizio-un-buen-inicio-tshirt-unisex\/#breadcrumb","itemListElement":[{"@type":"ListItem","position":1,"name":"Home","item":"https:\/\/laura4u.aboama.com\/fr\/pagina-di-esempio\/"},{"@type":"ListItem","position":2,"name":"Boutique","item":"https:\/\/laura4u.aboama.com\/fr\/boutique\/"},{"@type":"ListItem","position":3,"name":"UN BUON INIZIO \/ UN BUEN INICIO &#8211; Tshirt Unisex"}]},{"@type":"WebSite","@id":"https:\/\/laura4u.aboama.com\/fr\/#website","url":"https:\/\/laura4u.aboama.com\/fr\/","name":"Laura4u","description":"Ink Printed In Italy","publisher":{"@id":"https:\/\/laura4u.aboama.com\/fr\/#organization"},"potentialAction":[{"@type":"SearchAction","target":{"@type":"EntryPoint","urlTemplate":"https:\/\/laura4u.aboama.com\/fr\/?s={search_term_string}"},"query-input":{"@type":"PropertyValueSpecification","valueRequired":true,"valueName":"search_term_string"}}],"inLanguage":"fr-FR"},{"@type":"Organization","@id":"https:\/\/laura4u.aboama.com\/fr\/#organization","name":"Laura4u","url":"https:\/\/laura4u.aboama.com\/fr\/","logo":{"@type":"ImageObject","inLanguage":"fr-FR","@id":"https:\/\/laura4u.aboama.com\/fr\/#\/schema\/logo\/image\/","url":"https:\/\/laura4u.aboama.com\/wp-content\/uploads\/sites\/39\/2022\/07\/cropped-LP-official-merch-copia-600x322-1.png","contentUrl":"https:\/\/laura4u.aboama.com\/wp-content\/uploads\/sites\/39\/2022\/07\/cropped-LP-official-merch-copia-600x322-1.png","width":600,"height":322,"caption":"Laura4u"},"image":{"@id":"https:\/\/laura4u.aboama.com\/fr\/#\/schema\/logo\/image\/"}}]}},"_links":{"self":[{"href":"https:\/\/laura4u.aboama.com\/fr\/wp-json\/wp\/v2\/product\/41188","targetHints":{"allow":["GET"]}}],"collection":[{"href":"https:\/\/laura4u.aboama.com\/fr\/wp-json\/wp\/v2\/product"}],"about":[{"href":"https:\/\/laura4u.aboama.com\/fr\/wp-json\/wp\/v2\/types\/product"}],"wp:featuredmedia":[{"embeddable":true,"href":"https:\/\/laura4u.aboama.com\/fr\/wp-json\/wp\/v2\/media\/41172"}],"wp:attachment":[{"href":"https:\/\/laura4u.aboama.com\/fr\/wp-json\/wp\/v2\/media?parent=41188"}],"wp:term":[{"taxonomy":"product_brand","embeddable":true,"href":"https:\/\/laura4u.aboama.com\/fr\/wp-json\/wp\/v2\/product_brand?post=41188"},{"taxonomy":"product_cat","embeddable":true,"href":"https:\/\/laura4u.aboama.com\/fr\/wp-json\/wp\/v2\/product_cat?post=41188"},{"taxonomy":"product_tag","embeddable":true,"href":"https:\/\/laura4u.aboama.com\/fr\/wp-json\/wp\/v2\/product_tag?post=41188"}],"curies":[{"name":"wp","href":"https:\/\/api.w.org\/{rel}","templated":true}]}}