{"id":37746,"date":"2022-07-23T16:12:49","date_gmt":"2022-07-23T14:12:49","guid":{"rendered":"https:\/\/laura4u.aboama.com\/prodotto\/io-si-t-shirt-pour-femme-avec-mini-clous\/"},"modified":"2022-07-23T16:12:49","modified_gmt":"2022-07-23T14:12:49","slug":"je-suis-en-jupe-femme-avec-des-miniborces","status":"publish","type":"product","link":"https:\/\/laura4u.aboama.com\/fr\/prodotto\/je-suis-en-jupe-femme-avec-des-miniborces\/","title":{"rendered":"IO SI &#8211; T-shirt pour femme avec mini clous"},"content":{"rendered":"<table class=\"alignleft\" border=\"1\">\n<tbody>\n<tr>\n<td style=\"text-align: left;\">Taille<\/td>\n<td>S<\/td>\n<td>M<\/td>\n<td>L<\/td>\n<td>XL<\/td>\n<\/tr>\n<tr>\n<td style=\"text-align: left;\">Hauteur FEMME<\/td>\n<td>60 cm<\/td>\n<td>62,5 cm<\/td>\n<td>65 cm<\/td>\n<td>67,5 cm<\/td>\n<\/tr>\n<tr>\n<td style=\"text-align: left;\">Largeur de la FEMME<\/td>\n<td>42 cm<\/td>\n<td>46 cm<\/td>\n<td>49 cm<\/td>\n<td>51 cm<\/td>\n<\/tr>\n<\/tbody>\n<\/table>\n<p><strong>CLASSIC FIT (poids du tissu 160g\/m2)<\/strong><\/p>\n<p>100% coton, ring spun (jersey simple), col \u00e9lastique en c\u00f4tes fines 1&#215;1, bande de propret\u00e9 contrast\u00e9e, surpiq\u00fbres aux manches et \u00e0 l&rsquo;ourlet inf\u00e9rieur, coutures lat\u00e9rales, coupe moderne.<\/p>\n","protected":false},"excerpt":{"rendered":"<p>Devant : inscription IO SI r\u00e9alis\u00e9e avec des mini clous de 2 mm de diam\u00e8tre, amulette r\u00e9alis\u00e9e en broderie.<br \/>\nAu dos : l&rsquo;autographe de Laura avec un c\u0153ur brod\u00e9 \u00e0 la fin.<\/p>\n<p>Dimensions \u00e9crites avec des mini clous :<br \/>\nIO SI script : hauteur 33 cm, largeur 12 cm<br \/>\nDimensions de la broderie :<br \/>\nAmulette : diam\u00e8tre 6cm<br \/>\nAutographe de Laura avec c\u0153ur final : largeur 10cm<\/p>\n<p>T-SHIRT de fabrication exclusive et extr\u00eamement d\u00e9licate : laver uniquement \u00e0 la main et traiter avec le plus grand soin.<\/p>\n","protected":false},"featured_media":33172,"template":"","meta":[],"product_brand":[],"product_cat":[143,151],"product_tag":[],"class_list":{"0":"post-37746","1":"product","2":"type-product","3":"status-publish","4":"has-post-thumbnail","6":"product_cat-femme","7":"product_cat-io-si-fr","9":"first","10":"instock","11":"taxable","12":"shipping-taxable","13":"purchasable","14":"product-type-variable","15":"has-default-attributes"},"yoast_head":"<!-- This site is optimized with the Yoast SEO plugin v27.3 - https:\/\/yoast.com\/product\/yoast-seo-wordpress\/ -->\n<title>IO SI - T-shirt pour femme avec mini clous - Laura4u<\/title>\n<meta name=\"robots\" content=\"index, follow, max-snippet:-1, max-image-preview:large, max-video-preview:-1\" \/>\n<link rel=\"canonical\" href=\"https:\/\/laura4u.aboama.com\/fr\/prodotto\/je-suis-en-jupe-femme-avec-des-miniborces\/\" \/>\n<meta property=\"og:locale\" content=\"fr_FR\" \/>\n<meta property=\"og:type\" content=\"article\" \/>\n<meta property=\"og:title\" content=\"IO SI - T-shirt pour femme avec mini clous - Laura4u\" \/>\n<meta property=\"og:description\" content=\"Devant : inscription IO SI r\u00e9alis\u00e9e avec des mini clous de 2 mm de diam\u00e8tre, amulette r\u00e9alis\u00e9e en broderie. Au dos : l&#039;autographe de Laura avec un c\u0153ur brod\u00e9 \u00e0 la fin. Dimensions \u00e9crites avec des mini clous : IO SI script : hauteur 33 cm, largeur 12 cm Dimensions de la broderie : Amulette : diam\u00e8tre 6cm Autographe de Laura avec c\u0153ur final : largeur 10cm T-SHIRT de fabrication exclusive et extr\u00eamement d\u00e9licate : laver uniquement \u00e0 la main et traiter avec le plus grand soin.\" \/>\n<meta property=\"og:url\" content=\"https:\/\/laura4u.aboama.com\/fr\/prodotto\/je-suis-en-jupe-femme-avec-des-miniborces\/\" \/>\n<meta property=\"og:site_name\" content=\"Laura4u\" \/>\n<meta name=\"twitter:card\" content=\"summary_large_image\" \/>\n<script type=\"application\/ld+json\" class=\"yoast-schema-graph\">{\"@context\":\"https:\\\/\\\/schema.org\",\"@graph\":[{\"@type\":\"WebPage\",\"@id\":\"https:\\\/\\\/laura4u.aboama.com\\\/fr\\\/prodotto\\\/je-suis-en-jupe-femme-avec-des-miniborces\\\/\",\"url\":\"https:\\\/\\\/laura4u.aboama.com\\\/fr\\\/prodotto\\\/je-suis-en-jupe-femme-avec-des-miniborces\\\/\",\"name\":\"IO SI - T-shirt pour femme avec mini clous - Laura4u\",\"isPartOf\":{\"@id\":\"https:\\\/\\\/laura4u.aboama.com\\\/fr\\\/#website\"},\"primaryImageOfPage\":{\"@id\":\"https:\\\/\\\/laura4u.aboama.com\\\/fr\\\/prodotto\\\/je-suis-en-jupe-femme-avec-des-miniborces\\\/#primaryimage\"},\"image\":{\"@id\":\"https:\\\/\\\/laura4u.aboama.com\\\/fr\\\/prodotto\\\/je-suis-en-jupe-femme-avec-des-miniborces\\\/#primaryimage\"},\"thumbnailUrl\":\"https:\\\/\\\/laura4u.aboama.com\\\/wp-content\\\/uploads\\\/sites\\\/39\\\/2022\\\/07\\\/shirt-donna-nera-fronte-borchia.jpg\",\"datePublished\":\"2022-07-23T14:12:49+00:00\",\"breadcrumb\":{\"@id\":\"https:\\\/\\\/laura4u.aboama.com\\\/fr\\\/prodotto\\\/je-suis-en-jupe-femme-avec-des-miniborces\\\/#breadcrumb\"},\"inLanguage\":\"fr-FR\",\"potentialAction\":[{\"@type\":\"ReadAction\",\"target\":[\"https:\\\/\\\/laura4u.aboama.com\\\/fr\\\/prodotto\\\/je-suis-en-jupe-femme-avec-des-miniborces\\\/\"]}]},{\"@type\":\"ImageObject\",\"inLanguage\":\"fr-FR\",\"@id\":\"https:\\\/\\\/laura4u.aboama.com\\\/fr\\\/prodotto\\\/je-suis-en-jupe-femme-avec-des-miniborces\\\/#primaryimage\",\"url\":\"https:\\\/\\\/laura4u.aboama.com\\\/wp-content\\\/uploads\\\/sites\\\/39\\\/2022\\\/07\\\/shirt-donna-nera-fronte-borchia.jpg\",\"contentUrl\":\"https:\\\/\\\/laura4u.aboama.com\\\/wp-content\\\/uploads\\\/sites\\\/39\\\/2022\\\/07\\\/shirt-donna-nera-fronte-borchia.jpg\",\"width\":1500,\"height\":1500},{\"@type\":\"BreadcrumbList\",\"@id\":\"https:\\\/\\\/laura4u.aboama.com\\\/fr\\\/prodotto\\\/je-suis-en-jupe-femme-avec-des-miniborces\\\/#breadcrumb\",\"itemListElement\":[{\"@type\":\"ListItem\",\"position\":1,\"name\":\"Home\",\"item\":\"https:\\\/\\\/laura4u.aboama.com\\\/fr\\\/pagina-di-esempio\\\/\"},{\"@type\":\"ListItem\",\"position\":2,\"name\":\"Boutique\",\"item\":\"https:\\\/\\\/laura4u.aboama.com\\\/fr\\\/boutique\\\/\"},{\"@type\":\"ListItem\",\"position\":3,\"name\":\"IO SI &#8211; T-shirt pour femme avec mini clous\"}]},{\"@type\":\"WebSite\",\"@id\":\"https:\\\/\\\/laura4u.aboama.com\\\/fr\\\/#website\",\"url\":\"https:\\\/\\\/laura4u.aboama.com\\\/fr\\\/\",\"name\":\"Laura4u\",\"description\":\"Ink Printed In Italy\",\"publisher\":{\"@id\":\"https:\\\/\\\/laura4u.aboama.com\\\/fr\\\/#organization\"},\"potentialAction\":[{\"@type\":\"SearchAction\",\"target\":{\"@type\":\"EntryPoint\",\"urlTemplate\":\"https:\\\/\\\/laura4u.aboama.com\\\/fr\\\/?s={search_term_string}\"},\"query-input\":{\"@type\":\"PropertyValueSpecification\",\"valueRequired\":true,\"valueName\":\"search_term_string\"}}],\"inLanguage\":\"fr-FR\"},{\"@type\":\"Organization\",\"@id\":\"https:\\\/\\\/laura4u.aboama.com\\\/fr\\\/#organization\",\"name\":\"Laura4u\",\"url\":\"https:\\\/\\\/laura4u.aboama.com\\\/fr\\\/\",\"logo\":{\"@type\":\"ImageObject\",\"inLanguage\":\"fr-FR\",\"@id\":\"https:\\\/\\\/laura4u.aboama.com\\\/fr\\\/#\\\/schema\\\/logo\\\/image\\\/\",\"url\":\"https:\\\/\\\/laura4u.aboama.com\\\/wp-content\\\/uploads\\\/sites\\\/39\\\/2022\\\/07\\\/cropped-LP-official-merch-copia-600x322-1.png\",\"contentUrl\":\"https:\\\/\\\/laura4u.aboama.com\\\/wp-content\\\/uploads\\\/sites\\\/39\\\/2022\\\/07\\\/cropped-LP-official-merch-copia-600x322-1.png\",\"width\":600,\"height\":322,\"caption\":\"Laura4u\"},\"image\":{\"@id\":\"https:\\\/\\\/laura4u.aboama.com\\\/fr\\\/#\\\/schema\\\/logo\\\/image\\\/\"}}]}<\/script>\n<!-- \/ Yoast SEO plugin. -->","yoast_head_json":{"title":"IO SI - T-shirt pour femme avec mini clous - Laura4u","robots":{"index":"index","follow":"follow","max-snippet":"max-snippet:-1","max-image-preview":"max-image-preview:large","max-video-preview":"max-video-preview:-1"},"canonical":"https:\/\/laura4u.aboama.com\/fr\/prodotto\/je-suis-en-jupe-femme-avec-des-miniborces\/","og_locale":"fr_FR","og_type":"article","og_title":"IO SI - T-shirt pour femme avec mini clous - Laura4u","og_description":"Devant : inscription IO SI r\u00e9alis\u00e9e avec des mini clous de 2 mm de diam\u00e8tre, amulette r\u00e9alis\u00e9e en broderie. Au dos : l'autographe de Laura avec un c\u0153ur brod\u00e9 \u00e0 la fin. Dimensions \u00e9crites avec des mini clous : IO SI script : hauteur 33 cm, largeur 12 cm Dimensions de la broderie : Amulette : diam\u00e8tre 6cm Autographe de Laura avec c\u0153ur final : largeur 10cm T-SHIRT de fabrication exclusive et extr\u00eamement d\u00e9licate : laver uniquement \u00e0 la main et traiter avec le plus grand soin.","og_url":"https:\/\/laura4u.aboama.com\/fr\/prodotto\/je-suis-en-jupe-femme-avec-des-miniborces\/","og_site_name":"Laura4u","twitter_card":"summary_large_image","schema":{"@context":"https:\/\/schema.org","@graph":[{"@type":"WebPage","@id":"https:\/\/laura4u.aboama.com\/fr\/prodotto\/je-suis-en-jupe-femme-avec-des-miniborces\/","url":"https:\/\/laura4u.aboama.com\/fr\/prodotto\/je-suis-en-jupe-femme-avec-des-miniborces\/","name":"IO SI - T-shirt pour femme avec mini clous - Laura4u","isPartOf":{"@id":"https:\/\/laura4u.aboama.com\/fr\/#website"},"primaryImageOfPage":{"@id":"https:\/\/laura4u.aboama.com\/fr\/prodotto\/je-suis-en-jupe-femme-avec-des-miniborces\/#primaryimage"},"image":{"@id":"https:\/\/laura4u.aboama.com\/fr\/prodotto\/je-suis-en-jupe-femme-avec-des-miniborces\/#primaryimage"},"thumbnailUrl":"https:\/\/laura4u.aboama.com\/wp-content\/uploads\/sites\/39\/2022\/07\/shirt-donna-nera-fronte-borchia.jpg","datePublished":"2022-07-23T14:12:49+00:00","breadcrumb":{"@id":"https:\/\/laura4u.aboama.com\/fr\/prodotto\/je-suis-en-jupe-femme-avec-des-miniborces\/#breadcrumb"},"inLanguage":"fr-FR","potentialAction":[{"@type":"ReadAction","target":["https:\/\/laura4u.aboama.com\/fr\/prodotto\/je-suis-en-jupe-femme-avec-des-miniborces\/"]}]},{"@type":"ImageObject","inLanguage":"fr-FR","@id":"https:\/\/laura4u.aboama.com\/fr\/prodotto\/je-suis-en-jupe-femme-avec-des-miniborces\/#primaryimage","url":"https:\/\/laura4u.aboama.com\/wp-content\/uploads\/sites\/39\/2022\/07\/shirt-donna-nera-fronte-borchia.jpg","contentUrl":"https:\/\/laura4u.aboama.com\/wp-content\/uploads\/sites\/39\/2022\/07\/shirt-donna-nera-fronte-borchia.jpg","width":1500,"height":1500},{"@type":"BreadcrumbList","@id":"https:\/\/laura4u.aboama.com\/fr\/prodotto\/je-suis-en-jupe-femme-avec-des-miniborces\/#breadcrumb","itemListElement":[{"@type":"ListItem","position":1,"name":"Home","item":"https:\/\/laura4u.aboama.com\/fr\/pagina-di-esempio\/"},{"@type":"ListItem","position":2,"name":"Boutique","item":"https:\/\/laura4u.aboama.com\/fr\/boutique\/"},{"@type":"ListItem","position":3,"name":"IO SI &#8211; T-shirt pour femme avec mini clous"}]},{"@type":"WebSite","@id":"https:\/\/laura4u.aboama.com\/fr\/#website","url":"https:\/\/laura4u.aboama.com\/fr\/","name":"Laura4u","description":"Ink Printed In Italy","publisher":{"@id":"https:\/\/laura4u.aboama.com\/fr\/#organization"},"potentialAction":[{"@type":"SearchAction","target":{"@type":"EntryPoint","urlTemplate":"https:\/\/laura4u.aboama.com\/fr\/?s={search_term_string}"},"query-input":{"@type":"PropertyValueSpecification","valueRequired":true,"valueName":"search_term_string"}}],"inLanguage":"fr-FR"},{"@type":"Organization","@id":"https:\/\/laura4u.aboama.com\/fr\/#organization","name":"Laura4u","url":"https:\/\/laura4u.aboama.com\/fr\/","logo":{"@type":"ImageObject","inLanguage":"fr-FR","@id":"https:\/\/laura4u.aboama.com\/fr\/#\/schema\/logo\/image\/","url":"https:\/\/laura4u.aboama.com\/wp-content\/uploads\/sites\/39\/2022\/07\/cropped-LP-official-merch-copia-600x322-1.png","contentUrl":"https:\/\/laura4u.aboama.com\/wp-content\/uploads\/sites\/39\/2022\/07\/cropped-LP-official-merch-copia-600x322-1.png","width":600,"height":322,"caption":"Laura4u"},"image":{"@id":"https:\/\/laura4u.aboama.com\/fr\/#\/schema\/logo\/image\/"}}]}},"_links":{"self":[{"href":"https:\/\/laura4u.aboama.com\/fr\/wp-json\/wp\/v2\/product\/37746","targetHints":{"allow":["GET"]}}],"collection":[{"href":"https:\/\/laura4u.aboama.com\/fr\/wp-json\/wp\/v2\/product"}],"about":[{"href":"https:\/\/laura4u.aboama.com\/fr\/wp-json\/wp\/v2\/types\/product"}],"wp:featuredmedia":[{"embeddable":true,"href":"https:\/\/laura4u.aboama.com\/fr\/wp-json\/wp\/v2\/media\/33172"}],"wp:attachment":[{"href":"https:\/\/laura4u.aboama.com\/fr\/wp-json\/wp\/v2\/media?parent=37746"}],"wp:term":[{"taxonomy":"product_brand","embeddable":true,"href":"https:\/\/laura4u.aboama.com\/fr\/wp-json\/wp\/v2\/product_brand?post=37746"},{"taxonomy":"product_cat","embeddable":true,"href":"https:\/\/laura4u.aboama.com\/fr\/wp-json\/wp\/v2\/product_cat?post=37746"},{"taxonomy":"product_tag","embeddable":true,"href":"https:\/\/laura4u.aboama.com\/fr\/wp-json\/wp\/v2\/product_tag?post=37746"}],"curies":[{"name":"wp","href":"https:\/\/api.w.org\/{rel}","templated":true}]}}