{"id":37238,"date":"2022-07-23T16:08:23","date_gmt":"2022-07-23T14:08:23","guid":{"rendered":"https:\/\/laura4u.aboama.com\/prodotto\/merry-christmas-baby-sweatshirt-enfants\/"},"modified":"2022-07-23T16:08:23","modified_gmt":"2022-07-23T14:08:23","slug":"merry-christmas-baby-sweater-kids","status":"publish","type":"product","link":"https:\/\/laura4u.aboama.com\/fr\/prodotto\/merry-christmas-baby-sweater-kids\/","title":{"rendered":"MERRY CHRISTMAS BABY &#8211; Sweatshirt enfants"},"content":{"rendered":"<p><strong>CLASSIC FIT 280 g\/m2<\/strong><br \/>\n80% coton peign\u00e9 ring-spun, 20% polyester. Tissu ext\u00e9rieur 100% coton (tissu 3 couches). Sweat-shirt \u00e0 col ras du cou avec manches raglan, coupe ample, ourlet et poignets en c\u00f4tes 1\u00d71 plus larges, bande de renfort au cou.<\/p>\n","protected":false},"excerpt":{"rendered":"<p>Impression sur le devant et amulette miniature au dos.<\/p>\n","protected":false},"featured_media":32592,"template":"","meta":[],"product_brand":[],"product_cat":[119,128],"product_tag":[],"class_list":{"0":"post-37238","1":"product","2":"type-product","3":"status-publish","4":"has-post-thumbnail","6":"product_cat-christmas-fr","7":"product_cat-merry-chritmas-baby-fr","9":"first","10":"instock","11":"taxable","12":"shipping-taxable","13":"purchasable","14":"product-type-variable"},"yoast_head":"<!-- This site is optimized with the Yoast SEO plugin v27.3 - https:\/\/yoast.com\/product\/yoast-seo-wordpress\/ -->\n<title>MERRY CHRISTMAS BABY - Sweatshirt enfants - Laura4u<\/title>\n<meta name=\"robots\" content=\"index, follow, max-snippet:-1, max-image-preview:large, max-video-preview:-1\" \/>\n<link rel=\"canonical\" href=\"https:\/\/laura4u.aboama.com\/fr\/prodotto\/merry-christmas-baby-sweater-kids\/\" \/>\n<meta property=\"og:locale\" content=\"fr_FR\" \/>\n<meta property=\"og:type\" content=\"article\" \/>\n<meta property=\"og:title\" content=\"MERRY CHRISTMAS BABY - Sweatshirt enfants - Laura4u\" \/>\n<meta property=\"og:description\" content=\"Impression sur le devant et amulette miniature au dos.\" \/>\n<meta property=\"og:url\" content=\"https:\/\/laura4u.aboama.com\/fr\/prodotto\/merry-christmas-baby-sweater-kids\/\" \/>\n<meta property=\"og:site_name\" content=\"Laura4u\" \/>\n<meta name=\"twitter:card\" content=\"summary_large_image\" \/>\n<script type=\"application\/ld+json\" class=\"yoast-schema-graph\">{\"@context\":\"https:\\\/\\\/schema.org\",\"@graph\":[{\"@type\":\"WebPage\",\"@id\":\"https:\\\/\\\/laura4u.aboama.com\\\/fr\\\/prodotto\\\/merry-christmas-baby-sweater-kids\\\/\",\"url\":\"https:\\\/\\\/laura4u.aboama.com\\\/fr\\\/prodotto\\\/merry-christmas-baby-sweater-kids\\\/\",\"name\":\"MERRY CHRISTMAS BABY - Sweatshirt enfants - Laura4u\",\"isPartOf\":{\"@id\":\"https:\\\/\\\/laura4u.aboama.com\\\/fr\\\/#website\"},\"primaryImageOfPage\":{\"@id\":\"https:\\\/\\\/laura4u.aboama.com\\\/fr\\\/prodotto\\\/merry-christmas-baby-sweater-kids\\\/#primaryimage\"},\"image\":{\"@id\":\"https:\\\/\\\/laura4u.aboama.com\\\/fr\\\/prodotto\\\/merry-christmas-baby-sweater-kids\\\/#primaryimage\"},\"thumbnailUrl\":\"https:\\\/\\\/laura4u.aboama.com\\\/wp-content\\\/uploads\\\/sites\\\/39\\\/2022\\\/07\\\/MCBaby-felpa-kids.jpg\",\"datePublished\":\"2022-07-23T14:08:23+00:00\",\"breadcrumb\":{\"@id\":\"https:\\\/\\\/laura4u.aboama.com\\\/fr\\\/prodotto\\\/merry-christmas-baby-sweater-kids\\\/#breadcrumb\"},\"inLanguage\":\"fr-FR\",\"potentialAction\":[{\"@type\":\"ReadAction\",\"target\":[\"https:\\\/\\\/laura4u.aboama.com\\\/fr\\\/prodotto\\\/merry-christmas-baby-sweater-kids\\\/\"]}]},{\"@type\":\"ImageObject\",\"inLanguage\":\"fr-FR\",\"@id\":\"https:\\\/\\\/laura4u.aboama.com\\\/fr\\\/prodotto\\\/merry-christmas-baby-sweater-kids\\\/#primaryimage\",\"url\":\"https:\\\/\\\/laura4u.aboama.com\\\/wp-content\\\/uploads\\\/sites\\\/39\\\/2022\\\/07\\\/MCBaby-felpa-kids.jpg\",\"contentUrl\":\"https:\\\/\\\/laura4u.aboama.com\\\/wp-content\\\/uploads\\\/sites\\\/39\\\/2022\\\/07\\\/MCBaby-felpa-kids.jpg\",\"width\":1714,\"height\":1714},{\"@type\":\"BreadcrumbList\",\"@id\":\"https:\\\/\\\/laura4u.aboama.com\\\/fr\\\/prodotto\\\/merry-christmas-baby-sweater-kids\\\/#breadcrumb\",\"itemListElement\":[{\"@type\":\"ListItem\",\"position\":1,\"name\":\"Home\",\"item\":\"https:\\\/\\\/laura4u.aboama.com\\\/fr\\\/pagina-di-esempio\\\/\"},{\"@type\":\"ListItem\",\"position\":2,\"name\":\"Boutique\",\"item\":\"https:\\\/\\\/laura4u.aboama.com\\\/fr\\\/boutique\\\/\"},{\"@type\":\"ListItem\",\"position\":3,\"name\":\"MERRY CHRISTMAS BABY &#8211; Sweatshirt enfants\"}]},{\"@type\":\"WebSite\",\"@id\":\"https:\\\/\\\/laura4u.aboama.com\\\/fr\\\/#website\",\"url\":\"https:\\\/\\\/laura4u.aboama.com\\\/fr\\\/\",\"name\":\"Laura4u\",\"description\":\"Ink Printed In Italy\",\"publisher\":{\"@id\":\"https:\\\/\\\/laura4u.aboama.com\\\/fr\\\/#organization\"},\"potentialAction\":[{\"@type\":\"SearchAction\",\"target\":{\"@type\":\"EntryPoint\",\"urlTemplate\":\"https:\\\/\\\/laura4u.aboama.com\\\/fr\\\/?s={search_term_string}\"},\"query-input\":{\"@type\":\"PropertyValueSpecification\",\"valueRequired\":true,\"valueName\":\"search_term_string\"}}],\"inLanguage\":\"fr-FR\"},{\"@type\":\"Organization\",\"@id\":\"https:\\\/\\\/laura4u.aboama.com\\\/fr\\\/#organization\",\"name\":\"Laura4u\",\"url\":\"https:\\\/\\\/laura4u.aboama.com\\\/fr\\\/\",\"logo\":{\"@type\":\"ImageObject\",\"inLanguage\":\"fr-FR\",\"@id\":\"https:\\\/\\\/laura4u.aboama.com\\\/fr\\\/#\\\/schema\\\/logo\\\/image\\\/\",\"url\":\"https:\\\/\\\/laura4u.aboama.com\\\/wp-content\\\/uploads\\\/sites\\\/39\\\/2022\\\/07\\\/cropped-LP-official-merch-copia-600x322-1.png\",\"contentUrl\":\"https:\\\/\\\/laura4u.aboama.com\\\/wp-content\\\/uploads\\\/sites\\\/39\\\/2022\\\/07\\\/cropped-LP-official-merch-copia-600x322-1.png\",\"width\":600,\"height\":322,\"caption\":\"Laura4u\"},\"image\":{\"@id\":\"https:\\\/\\\/laura4u.aboama.com\\\/fr\\\/#\\\/schema\\\/logo\\\/image\\\/\"}}]}<\/script>\n<!-- \/ Yoast SEO plugin. -->","yoast_head_json":{"title":"MERRY CHRISTMAS BABY - Sweatshirt enfants - Laura4u","robots":{"index":"index","follow":"follow","max-snippet":"max-snippet:-1","max-image-preview":"max-image-preview:large","max-video-preview":"max-video-preview:-1"},"canonical":"https:\/\/laura4u.aboama.com\/fr\/prodotto\/merry-christmas-baby-sweater-kids\/","og_locale":"fr_FR","og_type":"article","og_title":"MERRY CHRISTMAS BABY - Sweatshirt enfants - Laura4u","og_description":"Impression sur le devant et amulette miniature au dos.","og_url":"https:\/\/laura4u.aboama.com\/fr\/prodotto\/merry-christmas-baby-sweater-kids\/","og_site_name":"Laura4u","twitter_card":"summary_large_image","schema":{"@context":"https:\/\/schema.org","@graph":[{"@type":"WebPage","@id":"https:\/\/laura4u.aboama.com\/fr\/prodotto\/merry-christmas-baby-sweater-kids\/","url":"https:\/\/laura4u.aboama.com\/fr\/prodotto\/merry-christmas-baby-sweater-kids\/","name":"MERRY CHRISTMAS BABY - Sweatshirt enfants - Laura4u","isPartOf":{"@id":"https:\/\/laura4u.aboama.com\/fr\/#website"},"primaryImageOfPage":{"@id":"https:\/\/laura4u.aboama.com\/fr\/prodotto\/merry-christmas-baby-sweater-kids\/#primaryimage"},"image":{"@id":"https:\/\/laura4u.aboama.com\/fr\/prodotto\/merry-christmas-baby-sweater-kids\/#primaryimage"},"thumbnailUrl":"https:\/\/laura4u.aboama.com\/wp-content\/uploads\/sites\/39\/2022\/07\/MCBaby-felpa-kids.jpg","datePublished":"2022-07-23T14:08:23+00:00","breadcrumb":{"@id":"https:\/\/laura4u.aboama.com\/fr\/prodotto\/merry-christmas-baby-sweater-kids\/#breadcrumb"},"inLanguage":"fr-FR","potentialAction":[{"@type":"ReadAction","target":["https:\/\/laura4u.aboama.com\/fr\/prodotto\/merry-christmas-baby-sweater-kids\/"]}]},{"@type":"ImageObject","inLanguage":"fr-FR","@id":"https:\/\/laura4u.aboama.com\/fr\/prodotto\/merry-christmas-baby-sweater-kids\/#primaryimage","url":"https:\/\/laura4u.aboama.com\/wp-content\/uploads\/sites\/39\/2022\/07\/MCBaby-felpa-kids.jpg","contentUrl":"https:\/\/laura4u.aboama.com\/wp-content\/uploads\/sites\/39\/2022\/07\/MCBaby-felpa-kids.jpg","width":1714,"height":1714},{"@type":"BreadcrumbList","@id":"https:\/\/laura4u.aboama.com\/fr\/prodotto\/merry-christmas-baby-sweater-kids\/#breadcrumb","itemListElement":[{"@type":"ListItem","position":1,"name":"Home","item":"https:\/\/laura4u.aboama.com\/fr\/pagina-di-esempio\/"},{"@type":"ListItem","position":2,"name":"Boutique","item":"https:\/\/laura4u.aboama.com\/fr\/boutique\/"},{"@type":"ListItem","position":3,"name":"MERRY CHRISTMAS BABY &#8211; Sweatshirt enfants"}]},{"@type":"WebSite","@id":"https:\/\/laura4u.aboama.com\/fr\/#website","url":"https:\/\/laura4u.aboama.com\/fr\/","name":"Laura4u","description":"Ink Printed In Italy","publisher":{"@id":"https:\/\/laura4u.aboama.com\/fr\/#organization"},"potentialAction":[{"@type":"SearchAction","target":{"@type":"EntryPoint","urlTemplate":"https:\/\/laura4u.aboama.com\/fr\/?s={search_term_string}"},"query-input":{"@type":"PropertyValueSpecification","valueRequired":true,"valueName":"search_term_string"}}],"inLanguage":"fr-FR"},{"@type":"Organization","@id":"https:\/\/laura4u.aboama.com\/fr\/#organization","name":"Laura4u","url":"https:\/\/laura4u.aboama.com\/fr\/","logo":{"@type":"ImageObject","inLanguage":"fr-FR","@id":"https:\/\/laura4u.aboama.com\/fr\/#\/schema\/logo\/image\/","url":"https:\/\/laura4u.aboama.com\/wp-content\/uploads\/sites\/39\/2022\/07\/cropped-LP-official-merch-copia-600x322-1.png","contentUrl":"https:\/\/laura4u.aboama.com\/wp-content\/uploads\/sites\/39\/2022\/07\/cropped-LP-official-merch-copia-600x322-1.png","width":600,"height":322,"caption":"Laura4u"},"image":{"@id":"https:\/\/laura4u.aboama.com\/fr\/#\/schema\/logo\/image\/"}}]}},"_links":{"self":[{"href":"https:\/\/laura4u.aboama.com\/fr\/wp-json\/wp\/v2\/product\/37238","targetHints":{"allow":["GET"]}}],"collection":[{"href":"https:\/\/laura4u.aboama.com\/fr\/wp-json\/wp\/v2\/product"}],"about":[{"href":"https:\/\/laura4u.aboama.com\/fr\/wp-json\/wp\/v2\/types\/product"}],"wp:featuredmedia":[{"embeddable":true,"href":"https:\/\/laura4u.aboama.com\/fr\/wp-json\/wp\/v2\/media\/32592"}],"wp:attachment":[{"href":"https:\/\/laura4u.aboama.com\/fr\/wp-json\/wp\/v2\/media?parent=37238"}],"wp:term":[{"taxonomy":"product_brand","embeddable":true,"href":"https:\/\/laura4u.aboama.com\/fr\/wp-json\/wp\/v2\/product_brand?post=37238"},{"taxonomy":"product_cat","embeddable":true,"href":"https:\/\/laura4u.aboama.com\/fr\/wp-json\/wp\/v2\/product_cat?post=37238"},{"taxonomy":"product_tag","embeddable":true,"href":"https:\/\/laura4u.aboama.com\/fr\/wp-json\/wp\/v2\/product_tag?post=37238"}],"curies":[{"name":"wp","href":"https:\/\/api.w.org\/{rel}","templated":true}]}}