{"id":35696,"date":"2022-07-23T16:14:10","date_gmt":"2022-07-23T14:14:10","guid":{"rendered":"https:\/\/laura4u.aboama.com\/prodotto\/e-sta-a-te-sweat-shirt-fuchsia-fluo\/"},"modified":"2022-07-23T16:14:10","modified_gmt":"2022-07-23T14:14:10","slug":"e-sta-a-te-fuchsia-fluo","status":"publish","type":"product","link":"https:\/\/laura4u.aboama.com\/fr\/prodotto\/e-sta-a-te-fuchsia-fluo\/","title":{"rendered":"E.sta.a.te &#8211; Sweat-shirt fuchsia fluo"},"content":{"rendered":"<table class=\"alignleft\" border=\"1\">\n<tbody>\n<tr>\n<td style=\"text-align: left;\">Taille<\/td>\n<td>S<\/td>\n<td>M<\/td>\n<td>L<\/td>\n<td>XL<\/td>\n<td>2XL<\/td>\n<\/tr>\n<tr>\n<td style=\"text-align: left;\">Hauteur<\/td>\n<td>67 cm<\/td>\n<td>70 cm<\/td>\n<td>73 cm<\/td>\n<td>76 cm<\/td>\n<td>79 cm<\/td>\n<\/tr>\n<tr>\n<td style=\"text-align: left;\">Largeur<\/td>\n<td>51 cm<\/td>\n<td>56 cm<\/td>\n<td>61 cm<\/td>\n<td>65 cm<\/td>\n<td>69 cm<\/td>\n<\/tr>\n<\/tbody>\n<\/table>\n<p><strong>Mod\u00e8le unisexe. Veuillez vous r\u00e9f\u00e9rer aux mesures du tableau pour l&rsquo;ajustement.<\/strong><\/p>\n<p>280 g\/m2<br \/>\n80% polyester, 20% coton ringspun. Sweat-shirt avec manches rentr\u00e9es, capuche avec cordon plat ton sur ton, poche kangourou, poignets et ourlet inf\u00e9rieur c\u00f4tel\u00e9s, int\u00e9rieur en polaire, structure avec coutures lat\u00e9rales.<\/p>\n","protected":false},"excerpt":{"rendered":"<p>Devant : broderie E.sta.a.te<br \/>\nDos : autographe brod\u00e9<\/p>\n","protected":false},"featured_media":33412,"template":"","meta":[],"product_brand":[],"product_cat":[148,143,211],"product_tag":[],"class_list":{"0":"post-35696","1":"product","2":"type-product","3":"status-publish","4":"has-post-thumbnail","6":"product_cat-e-sta-a-te-fr","7":"product_cat-femme","8":"product_cat-monsieur","10":"first","11":"instock","12":"taxable","13":"shipping-taxable","14":"purchasable","15":"product-type-variable","16":"has-default-attributes"},"yoast_head":"<!-- This site is optimized with the Yoast SEO plugin v27.4 - https:\/\/yoast.com\/product\/yoast-seo-wordpress\/ -->\n<title>E.sta.a.te - Sweat-shirt fuchsia fluo - Laura4u<\/title>\n<meta name=\"robots\" content=\"index, follow, max-snippet:-1, max-image-preview:large, max-video-preview:-1\" \/>\n<link rel=\"canonical\" href=\"https:\/\/laura4u.aboama.com\/fr\/prodotto\/e-sta-a-te-fuchsia-fluo\/\" \/>\n<meta property=\"og:locale\" content=\"fr_FR\" \/>\n<meta property=\"og:type\" content=\"article\" \/>\n<meta property=\"og:title\" content=\"E.sta.a.te - Sweat-shirt fuchsia fluo - Laura4u\" \/>\n<meta property=\"og:description\" content=\"Devant : broderie E.sta.a.te Dos : autographe brod\u00e9\" \/>\n<meta property=\"og:url\" content=\"https:\/\/laura4u.aboama.com\/fr\/prodotto\/e-sta-a-te-fuchsia-fluo\/\" \/>\n<meta property=\"og:site_name\" content=\"Laura4u\" \/>\n<meta name=\"twitter:card\" content=\"summary_large_image\" \/>\n<script type=\"application\/ld+json\" class=\"yoast-schema-graph\">{\"@context\":\"https:\\\/\\\/schema.org\",\"@graph\":[{\"@type\":\"WebPage\",\"@id\":\"https:\\\/\\\/laura4u.aboama.com\\\/fr\\\/prodotto\\\/e-sta-a-te-fuchsia-fluo\\\/\",\"url\":\"https:\\\/\\\/laura4u.aboama.com\\\/fr\\\/prodotto\\\/e-sta-a-te-fuchsia-fluo\\\/\",\"name\":\"E.sta.a.te - Sweat-shirt fuchsia fluo - Laura4u\",\"isPartOf\":{\"@id\":\"https:\\\/\\\/laura4u.aboama.com\\\/fr\\\/#website\"},\"primaryImageOfPage\":{\"@id\":\"https:\\\/\\\/laura4u.aboama.com\\\/fr\\\/prodotto\\\/e-sta-a-te-fuchsia-fluo\\\/#primaryimage\"},\"image\":{\"@id\":\"https:\\\/\\\/laura4u.aboama.com\\\/fr\\\/prodotto\\\/e-sta-a-te-fuchsia-fluo\\\/#primaryimage\"},\"thumbnailUrl\":\"https:\\\/\\\/laura4u.aboama.com\\\/wp-content\\\/uploads\\\/sites\\\/39\\\/2022\\\/07\\\/FLP-V-fucsia.jpg\",\"datePublished\":\"2022-07-23T14:14:10+00:00\",\"breadcrumb\":{\"@id\":\"https:\\\/\\\/laura4u.aboama.com\\\/fr\\\/prodotto\\\/e-sta-a-te-fuchsia-fluo\\\/#breadcrumb\"},\"inLanguage\":\"fr-FR\",\"potentialAction\":[{\"@type\":\"ReadAction\",\"target\":[\"https:\\\/\\\/laura4u.aboama.com\\\/fr\\\/prodotto\\\/e-sta-a-te-fuchsia-fluo\\\/\"]}]},{\"@type\":\"ImageObject\",\"inLanguage\":\"fr-FR\",\"@id\":\"https:\\\/\\\/laura4u.aboama.com\\\/fr\\\/prodotto\\\/e-sta-a-te-fuchsia-fluo\\\/#primaryimage\",\"url\":\"https:\\\/\\\/laura4u.aboama.com\\\/wp-content\\\/uploads\\\/sites\\\/39\\\/2022\\\/07\\\/FLP-V-fucsia.jpg\",\"contentUrl\":\"https:\\\/\\\/laura4u.aboama.com\\\/wp-content\\\/uploads\\\/sites\\\/39\\\/2022\\\/07\\\/FLP-V-fucsia.jpg\",\"width\":1200,\"height\":1200},{\"@type\":\"BreadcrumbList\",\"@id\":\"https:\\\/\\\/laura4u.aboama.com\\\/fr\\\/prodotto\\\/e-sta-a-te-fuchsia-fluo\\\/#breadcrumb\",\"itemListElement\":[{\"@type\":\"ListItem\",\"position\":1,\"name\":\"Home\",\"item\":\"https:\\\/\\\/laura4u.aboama.com\\\/fr\\\/pagina-di-esempio\\\/\"},{\"@type\":\"ListItem\",\"position\":2,\"name\":\"Boutique\",\"item\":\"https:\\\/\\\/laura4u.aboama.com\\\/fr\\\/boutique\\\/\"},{\"@type\":\"ListItem\",\"position\":3,\"name\":\"E.sta.a.te &#8211; Sweat-shirt fuchsia fluo\"}]},{\"@type\":\"WebSite\",\"@id\":\"https:\\\/\\\/laura4u.aboama.com\\\/fr\\\/#website\",\"url\":\"https:\\\/\\\/laura4u.aboama.com\\\/fr\\\/\",\"name\":\"Laura4u\",\"description\":\"Ink Printed In Italy\",\"publisher\":{\"@id\":\"https:\\\/\\\/laura4u.aboama.com\\\/fr\\\/#organization\"},\"potentialAction\":[{\"@type\":\"SearchAction\",\"target\":{\"@type\":\"EntryPoint\",\"urlTemplate\":\"https:\\\/\\\/laura4u.aboama.com\\\/fr\\\/?s={search_term_string}\"},\"query-input\":{\"@type\":\"PropertyValueSpecification\",\"valueRequired\":true,\"valueName\":\"search_term_string\"}}],\"inLanguage\":\"fr-FR\"},{\"@type\":\"Organization\",\"@id\":\"https:\\\/\\\/laura4u.aboama.com\\\/fr\\\/#organization\",\"name\":\"Laura4u\",\"url\":\"https:\\\/\\\/laura4u.aboama.com\\\/fr\\\/\",\"logo\":{\"@type\":\"ImageObject\",\"inLanguage\":\"fr-FR\",\"@id\":\"https:\\\/\\\/laura4u.aboama.com\\\/fr\\\/#\\\/schema\\\/logo\\\/image\\\/\",\"url\":\"https:\\\/\\\/laura4u.aboama.com\\\/wp-content\\\/uploads\\\/sites\\\/39\\\/2022\\\/07\\\/cropped-LP-official-merch-copia-600x322-1.png\",\"contentUrl\":\"https:\\\/\\\/laura4u.aboama.com\\\/wp-content\\\/uploads\\\/sites\\\/39\\\/2022\\\/07\\\/cropped-LP-official-merch-copia-600x322-1.png\",\"width\":600,\"height\":322,\"caption\":\"Laura4u\"},\"image\":{\"@id\":\"https:\\\/\\\/laura4u.aboama.com\\\/fr\\\/#\\\/schema\\\/logo\\\/image\\\/\"}}]}<\/script>\n<!-- \/ Yoast SEO plugin. -->","yoast_head_json":{"title":"E.sta.a.te - Sweat-shirt fuchsia fluo - Laura4u","robots":{"index":"index","follow":"follow","max-snippet":"max-snippet:-1","max-image-preview":"max-image-preview:large","max-video-preview":"max-video-preview:-1"},"canonical":"https:\/\/laura4u.aboama.com\/fr\/prodotto\/e-sta-a-te-fuchsia-fluo\/","og_locale":"fr_FR","og_type":"article","og_title":"E.sta.a.te - Sweat-shirt fuchsia fluo - Laura4u","og_description":"Devant : broderie E.sta.a.te Dos : autographe brod\u00e9","og_url":"https:\/\/laura4u.aboama.com\/fr\/prodotto\/e-sta-a-te-fuchsia-fluo\/","og_site_name":"Laura4u","twitter_card":"summary_large_image","schema":{"@context":"https:\/\/schema.org","@graph":[{"@type":"WebPage","@id":"https:\/\/laura4u.aboama.com\/fr\/prodotto\/e-sta-a-te-fuchsia-fluo\/","url":"https:\/\/laura4u.aboama.com\/fr\/prodotto\/e-sta-a-te-fuchsia-fluo\/","name":"E.sta.a.te - Sweat-shirt fuchsia fluo - Laura4u","isPartOf":{"@id":"https:\/\/laura4u.aboama.com\/fr\/#website"},"primaryImageOfPage":{"@id":"https:\/\/laura4u.aboama.com\/fr\/prodotto\/e-sta-a-te-fuchsia-fluo\/#primaryimage"},"image":{"@id":"https:\/\/laura4u.aboama.com\/fr\/prodotto\/e-sta-a-te-fuchsia-fluo\/#primaryimage"},"thumbnailUrl":"https:\/\/laura4u.aboama.com\/wp-content\/uploads\/sites\/39\/2022\/07\/FLP-V-fucsia.jpg","datePublished":"2022-07-23T14:14:10+00:00","breadcrumb":{"@id":"https:\/\/laura4u.aboama.com\/fr\/prodotto\/e-sta-a-te-fuchsia-fluo\/#breadcrumb"},"inLanguage":"fr-FR","potentialAction":[{"@type":"ReadAction","target":["https:\/\/laura4u.aboama.com\/fr\/prodotto\/e-sta-a-te-fuchsia-fluo\/"]}]},{"@type":"ImageObject","inLanguage":"fr-FR","@id":"https:\/\/laura4u.aboama.com\/fr\/prodotto\/e-sta-a-te-fuchsia-fluo\/#primaryimage","url":"https:\/\/laura4u.aboama.com\/wp-content\/uploads\/sites\/39\/2022\/07\/FLP-V-fucsia.jpg","contentUrl":"https:\/\/laura4u.aboama.com\/wp-content\/uploads\/sites\/39\/2022\/07\/FLP-V-fucsia.jpg","width":1200,"height":1200},{"@type":"BreadcrumbList","@id":"https:\/\/laura4u.aboama.com\/fr\/prodotto\/e-sta-a-te-fuchsia-fluo\/#breadcrumb","itemListElement":[{"@type":"ListItem","position":1,"name":"Home","item":"https:\/\/laura4u.aboama.com\/fr\/pagina-di-esempio\/"},{"@type":"ListItem","position":2,"name":"Boutique","item":"https:\/\/laura4u.aboama.com\/fr\/boutique\/"},{"@type":"ListItem","position":3,"name":"E.sta.a.te &#8211; Sweat-shirt fuchsia fluo"}]},{"@type":"WebSite","@id":"https:\/\/laura4u.aboama.com\/fr\/#website","url":"https:\/\/laura4u.aboama.com\/fr\/","name":"Laura4u","description":"Ink Printed In Italy","publisher":{"@id":"https:\/\/laura4u.aboama.com\/fr\/#organization"},"potentialAction":[{"@type":"SearchAction","target":{"@type":"EntryPoint","urlTemplate":"https:\/\/laura4u.aboama.com\/fr\/?s={search_term_string}"},"query-input":{"@type":"PropertyValueSpecification","valueRequired":true,"valueName":"search_term_string"}}],"inLanguage":"fr-FR"},{"@type":"Organization","@id":"https:\/\/laura4u.aboama.com\/fr\/#organization","name":"Laura4u","url":"https:\/\/laura4u.aboama.com\/fr\/","logo":{"@type":"ImageObject","inLanguage":"fr-FR","@id":"https:\/\/laura4u.aboama.com\/fr\/#\/schema\/logo\/image\/","url":"https:\/\/laura4u.aboama.com\/wp-content\/uploads\/sites\/39\/2022\/07\/cropped-LP-official-merch-copia-600x322-1.png","contentUrl":"https:\/\/laura4u.aboama.com\/wp-content\/uploads\/sites\/39\/2022\/07\/cropped-LP-official-merch-copia-600x322-1.png","width":600,"height":322,"caption":"Laura4u"},"image":{"@id":"https:\/\/laura4u.aboama.com\/fr\/#\/schema\/logo\/image\/"}}]}},"_links":{"self":[{"href":"https:\/\/laura4u.aboama.com\/fr\/wp-json\/wp\/v2\/product\/35696","targetHints":{"allow":["GET"]}}],"collection":[{"href":"https:\/\/laura4u.aboama.com\/fr\/wp-json\/wp\/v2\/product"}],"about":[{"href":"https:\/\/laura4u.aboama.com\/fr\/wp-json\/wp\/v2\/types\/product"}],"wp:featuredmedia":[{"embeddable":true,"href":"https:\/\/laura4u.aboama.com\/fr\/wp-json\/wp\/v2\/media\/33412"}],"wp:attachment":[{"href":"https:\/\/laura4u.aboama.com\/fr\/wp-json\/wp\/v2\/media?parent=35696"}],"wp:term":[{"taxonomy":"product_brand","embeddable":true,"href":"https:\/\/laura4u.aboama.com\/fr\/wp-json\/wp\/v2\/product_brand?post=35696"},{"taxonomy":"product_cat","embeddable":true,"href":"https:\/\/laura4u.aboama.com\/fr\/wp-json\/wp\/v2\/product_cat?post=35696"},{"taxonomy":"product_tag","embeddable":true,"href":"https:\/\/laura4u.aboama.com\/fr\/wp-json\/wp\/v2\/product_tag?post=35696"}],"curies":[{"name":"wp","href":"https:\/\/api.w.org\/{rel}","templated":true}]}}