{"id":44581,"date":"2025-01-13T18:07:12","date_gmt":"2025-01-13T17:07:12","guid":{"rendered":"https:\/\/laura4u.aboama.com\/prodotto\/sudadera-negra-de-cuello-redondo-fate-lamore-stanotte-2024\/"},"modified":"2025-01-13T18:07:12","modified_gmt":"2025-01-13T17:07:12","slug":"sudadera-negra-de-cuello-redondo-fate-lamore-stanotte-2024","status":"publish","type":"product","link":"https:\/\/laura4u.aboama.com\/es\/prodotto\/sudadera-negra-de-cuello-redondo-fate-lamore-stanotte-2024\/","title":{"rendered":"SUDADERA NEGRA DE CUELLO REDONDO FATE L\u2019AMORE STANOTTE 2024"},"content":{"rendered":"<p>80% Algod\u00f3n Ring-spun peinado, preencogido, 20% Poli\u00e9ster. Sudadera de cuello redondo con mangas montadas, construcci\u00f3n de costura lateral, banda para el sudor y media luna de punto sencillo en la espalda. Tejido PST, interior cepillado, exterior 100% algod\u00f3n peinado.  <\/p>\n<p>Descripci\u00f3n del tama\u00f1o<\/p>\n<table cellspacing=\"0\" cellpadding=\"0\">\n<tbody>\n<tr>\n<td valign=\"bottom\"><span style=\"color: #000000; font-family: Arial; font-size: medium;\"><b>TALLA<\/b><b><\/b><\/span><\/td>\n<td valign=\"top\">\n<p align=\"center\"><span style=\"color: #000000; font-family: Arial; font-size: medium;\"><b>XS<\/b><b><\/b><\/span><\/p>\n<\/td>\n<td valign=\"bottom\"><span style=\"color: #000000; font-family: Arial; font-size: medium;\"><b>S<\/b><b><\/b><\/span><\/td>\n<td valign=\"bottom\"><span style=\"color: #000000; font-family: Arial; font-size: medium;\"><b>M<\/b><b><\/b><\/span><\/td>\n<td valign=\"bottom\"><span style=\"color: #000000; font-family: Arial; font-size: medium;\"><b>L<\/b><b><\/b><\/span><\/td>\n<td valign=\"bottom\"><span style=\"color: #000000; font-family: Arial; font-size: medium;\"><b>XL<\/b><b><\/b><\/span><\/td>\n<td valign=\"bottom\"><span style=\"color: #000000; font-family: Arial; font-size: medium;\"><b>XXL<\/b><b><\/b><\/span><\/td>\n<\/tr>\n<tr>\n<td valign=\"top\"><span style=\"color: #000000; font-family: Arial; font-size: medium;\"><b>ALTURA<\/b><b><\/b><\/span><\/td>\n<td valign=\"top\">\n<p align=\"center\"><span style=\"color: #000000; font-family: Arial; font-size: medium;\">69<\/span><\/p>\n<\/td>\n<td valign=\"top\"><span style=\"color: #000000; font-family: Arial; font-size: medium;\">71<\/span><\/td>\n<td valign=\"top\"><span style=\"color: #000000; font-family: Arial; font-size: medium;\">73<\/span><\/td>\n<td valign=\"top\"><span style=\"color: #000000; font-family: Arial; font-size: medium;\">75<\/span><\/td>\n<td valign=\"top\"><span style=\"color: #000000; font-family: Arial; font-size: medium;\">77<\/span><\/td>\n<td valign=\"top\"><span style=\"color: #000000; font-family: Arial; font-size: medium;\">79<\/span><\/td>\n<\/tr>\n<tr>\n<td valign=\"top\"><span style=\"color: #000000; font-family: Arial; font-size: medium;\"><b>ANCHO<\/b><b><\/b><\/span><\/td>\n<td valign=\"top\">\n<p align=\"center\"><span style=\"color: #000000; font-family: Arial; font-size: medium;\">49<\/span><\/p>\n<\/td>\n<td valign=\"top\"><span style=\"color: #000000; font-family: Arial; font-size: medium;\">52<\/span><\/td>\n<td valign=\"top\"><span style=\"color: #000000; font-family: Arial; font-size: medium;\">55.5<\/span><\/td>\n<td valign=\"top\"><span style=\"color: #000000; font-family: Arial; font-size: medium;\">59<\/span><\/td>\n<td valign=\"top\"><span style=\"color: #000000; font-family: Arial; font-size: medium;\">62.5<\/span><\/td>\n<td valign=\"top\"><span style=\"color: #000000; font-family: Arial; font-size: medium;\">66<\/span><\/td>\n<\/tr>\n<\/tbody>\n<\/table>\n","protected":false},"excerpt":{"rendered":"<p>Anverso: Impresi\u00f3n DTF.<br \/>\nReverso: Impresi\u00f3n aut\u00f3grafa DTF<\/p>\n","protected":false},"featured_media":44480,"template":"","meta":[],"product_brand":[],"product_cat":[219],"product_tag":[],"class_list":{"0":"post-44581","1":"product","2":"type-product","3":"status-publish","4":"has-post-thumbnail","6":"product_cat-senza-categoria-es","8":"first","9":"instock","10":"taxable","11":"shipping-taxable","12":"purchasable","13":"product-type-variable","14":"wpzoom-wc-spi-has-enabled"},"yoast_head":"<!-- This site is optimized with the Yoast SEO plugin v27.3 - https:\/\/yoast.com\/product\/yoast-seo-wordpress\/ -->\n<title>SUDADERA NEGRA DE CUELLO REDONDO FATE L\u2019AMORE STANOTTE 2024 - Laura4u<\/title>\n<meta name=\"robots\" content=\"index, follow, max-snippet:-1, max-image-preview:large, max-video-preview:-1\" \/>\n<link rel=\"canonical\" href=\"https:\/\/laura4u.aboama.com\/es\/prodotto\/sudadera-negra-de-cuello-redondo-fate-lamore-stanotte-2024\/\" \/>\n<meta property=\"og:locale\" content=\"es_ES\" \/>\n<meta property=\"og:type\" content=\"article\" \/>\n<meta property=\"og:title\" content=\"SUDADERA NEGRA DE CUELLO REDONDO FATE L\u2019AMORE STANOTTE 2024 - Laura4u\" \/>\n<meta property=\"og:description\" content=\"Anverso: Impresi\u00f3n DTF. Reverso: Impresi\u00f3n aut\u00f3grafa DTF\" \/>\n<meta property=\"og:url\" content=\"https:\/\/laura4u.aboama.com\/es\/prodotto\/sudadera-negra-de-cuello-redondo-fate-lamore-stanotte-2024\/\" \/>\n<meta property=\"og:site_name\" content=\"Laura4u\" \/>\n<meta name=\"twitter:card\" content=\"summary_large_image\" \/>\n<script type=\"application\/ld+json\" class=\"yoast-schema-graph\">{\"@context\":\"https:\\\/\\\/schema.org\",\"@graph\":[{\"@type\":\"WebPage\",\"@id\":\"https:\\\/\\\/laura4u.aboama.com\\\/es\\\/prodotto\\\/sudadera-negra-de-cuello-redondo-fate-lamore-stanotte-2024\\\/\",\"url\":\"https:\\\/\\\/laura4u.aboama.com\\\/es\\\/prodotto\\\/sudadera-negra-de-cuello-redondo-fate-lamore-stanotte-2024\\\/\",\"name\":\"SUDADERA NEGRA DE CUELLO REDONDO FATE L\u2019AMORE STANOTTE 2024 - Laura4u\",\"isPartOf\":{\"@id\":\"https:\\\/\\\/laura4u.aboama.com\\\/es\\\/#website\"},\"primaryImageOfPage\":{\"@id\":\"https:\\\/\\\/laura4u.aboama.com\\\/es\\\/prodotto\\\/sudadera-negra-de-cuello-redondo-fate-lamore-stanotte-2024\\\/#primaryimage\"},\"image\":{\"@id\":\"https:\\\/\\\/laura4u.aboama.com\\\/es\\\/prodotto\\\/sudadera-negra-de-cuello-redondo-fate-lamore-stanotte-2024\\\/#primaryimage\"},\"thumbnailUrl\":\"https:\\\/\\\/laura4u.aboama.com\\\/wp-content\\\/uploads\\\/sites\\\/39\\\/2025\\\/01\\\/FELPA-GIROCOLLO_FR.jpg\",\"datePublished\":\"2025-01-13T17:07:12+00:00\",\"breadcrumb\":{\"@id\":\"https:\\\/\\\/laura4u.aboama.com\\\/es\\\/prodotto\\\/sudadera-negra-de-cuello-redondo-fate-lamore-stanotte-2024\\\/#breadcrumb\"},\"inLanguage\":\"es\",\"potentialAction\":[{\"@type\":\"ReadAction\",\"target\":[\"https:\\\/\\\/laura4u.aboama.com\\\/es\\\/prodotto\\\/sudadera-negra-de-cuello-redondo-fate-lamore-stanotte-2024\\\/\"]}]},{\"@type\":\"ImageObject\",\"inLanguage\":\"es\",\"@id\":\"https:\\\/\\\/laura4u.aboama.com\\\/es\\\/prodotto\\\/sudadera-negra-de-cuello-redondo-fate-lamore-stanotte-2024\\\/#primaryimage\",\"url\":\"https:\\\/\\\/laura4u.aboama.com\\\/wp-content\\\/uploads\\\/sites\\\/39\\\/2025\\\/01\\\/FELPA-GIROCOLLO_FR.jpg\",\"contentUrl\":\"https:\\\/\\\/laura4u.aboama.com\\\/wp-content\\\/uploads\\\/sites\\\/39\\\/2025\\\/01\\\/FELPA-GIROCOLLO_FR.jpg\",\"width\":1772,\"height\":1772},{\"@type\":\"BreadcrumbList\",\"@id\":\"https:\\\/\\\/laura4u.aboama.com\\\/es\\\/prodotto\\\/sudadera-negra-de-cuello-redondo-fate-lamore-stanotte-2024\\\/#breadcrumb\",\"itemListElement\":[{\"@type\":\"ListItem\",\"position\":1,\"name\":\"Home\",\"item\":\"https:\\\/\\\/laura4u.aboama.com\\\/es\\\/pagina-di-esempio\\\/\"},{\"@type\":\"ListItem\",\"position\":2,\"name\":\"Tienda\",\"item\":\"https:\\\/\\\/laura4u.aboama.com\\\/es\\\/tienda\\\/\"},{\"@type\":\"ListItem\",\"position\":3,\"name\":\"SUDADERA NEGRA DE CUELLO REDONDO FATE L\u2019AMORE STANOTTE 2024\"}]},{\"@type\":\"WebSite\",\"@id\":\"https:\\\/\\\/laura4u.aboama.com\\\/es\\\/#website\",\"url\":\"https:\\\/\\\/laura4u.aboama.com\\\/es\\\/\",\"name\":\"Laura4u\",\"description\":\"Ink Printed In Italy\",\"publisher\":{\"@id\":\"https:\\\/\\\/laura4u.aboama.com\\\/es\\\/#organization\"},\"potentialAction\":[{\"@type\":\"SearchAction\",\"target\":{\"@type\":\"EntryPoint\",\"urlTemplate\":\"https:\\\/\\\/laura4u.aboama.com\\\/es\\\/?s={search_term_string}\"},\"query-input\":{\"@type\":\"PropertyValueSpecification\",\"valueRequired\":true,\"valueName\":\"search_term_string\"}}],\"inLanguage\":\"es\"},{\"@type\":\"Organization\",\"@id\":\"https:\\\/\\\/laura4u.aboama.com\\\/es\\\/#organization\",\"name\":\"Laura4u\",\"url\":\"https:\\\/\\\/laura4u.aboama.com\\\/es\\\/\",\"logo\":{\"@type\":\"ImageObject\",\"inLanguage\":\"es\",\"@id\":\"https:\\\/\\\/laura4u.aboama.com\\\/es\\\/#\\\/schema\\\/logo\\\/image\\\/\",\"url\":\"https:\\\/\\\/laura4u.aboama.com\\\/wp-content\\\/uploads\\\/sites\\\/39\\\/2022\\\/07\\\/cropped-LP-official-merch-copia-600x322-1.png\",\"contentUrl\":\"https:\\\/\\\/laura4u.aboama.com\\\/wp-content\\\/uploads\\\/sites\\\/39\\\/2022\\\/07\\\/cropped-LP-official-merch-copia-600x322-1.png\",\"width\":600,\"height\":322,\"caption\":\"Laura4u\"},\"image\":{\"@id\":\"https:\\\/\\\/laura4u.aboama.com\\\/es\\\/#\\\/schema\\\/logo\\\/image\\\/\"}}]}<\/script>\n<!-- \/ Yoast SEO plugin. -->","yoast_head_json":{"title":"SUDADERA NEGRA DE CUELLO REDONDO FATE L\u2019AMORE STANOTTE 2024 - Laura4u","robots":{"index":"index","follow":"follow","max-snippet":"max-snippet:-1","max-image-preview":"max-image-preview:large","max-video-preview":"max-video-preview:-1"},"canonical":"https:\/\/laura4u.aboama.com\/es\/prodotto\/sudadera-negra-de-cuello-redondo-fate-lamore-stanotte-2024\/","og_locale":"es_ES","og_type":"article","og_title":"SUDADERA NEGRA DE CUELLO REDONDO FATE L\u2019AMORE STANOTTE 2024 - Laura4u","og_description":"Anverso: Impresi\u00f3n DTF. Reverso: Impresi\u00f3n aut\u00f3grafa DTF","og_url":"https:\/\/laura4u.aboama.com\/es\/prodotto\/sudadera-negra-de-cuello-redondo-fate-lamore-stanotte-2024\/","og_site_name":"Laura4u","twitter_card":"summary_large_image","schema":{"@context":"https:\/\/schema.org","@graph":[{"@type":"WebPage","@id":"https:\/\/laura4u.aboama.com\/es\/prodotto\/sudadera-negra-de-cuello-redondo-fate-lamore-stanotte-2024\/","url":"https:\/\/laura4u.aboama.com\/es\/prodotto\/sudadera-negra-de-cuello-redondo-fate-lamore-stanotte-2024\/","name":"SUDADERA NEGRA DE CUELLO REDONDO FATE L\u2019AMORE STANOTTE 2024 - Laura4u","isPartOf":{"@id":"https:\/\/laura4u.aboama.com\/es\/#website"},"primaryImageOfPage":{"@id":"https:\/\/laura4u.aboama.com\/es\/prodotto\/sudadera-negra-de-cuello-redondo-fate-lamore-stanotte-2024\/#primaryimage"},"image":{"@id":"https:\/\/laura4u.aboama.com\/es\/prodotto\/sudadera-negra-de-cuello-redondo-fate-lamore-stanotte-2024\/#primaryimage"},"thumbnailUrl":"https:\/\/laura4u.aboama.com\/wp-content\/uploads\/sites\/39\/2025\/01\/FELPA-GIROCOLLO_FR.jpg","datePublished":"2025-01-13T17:07:12+00:00","breadcrumb":{"@id":"https:\/\/laura4u.aboama.com\/es\/prodotto\/sudadera-negra-de-cuello-redondo-fate-lamore-stanotte-2024\/#breadcrumb"},"inLanguage":"es","potentialAction":[{"@type":"ReadAction","target":["https:\/\/laura4u.aboama.com\/es\/prodotto\/sudadera-negra-de-cuello-redondo-fate-lamore-stanotte-2024\/"]}]},{"@type":"ImageObject","inLanguage":"es","@id":"https:\/\/laura4u.aboama.com\/es\/prodotto\/sudadera-negra-de-cuello-redondo-fate-lamore-stanotte-2024\/#primaryimage","url":"https:\/\/laura4u.aboama.com\/wp-content\/uploads\/sites\/39\/2025\/01\/FELPA-GIROCOLLO_FR.jpg","contentUrl":"https:\/\/laura4u.aboama.com\/wp-content\/uploads\/sites\/39\/2025\/01\/FELPA-GIROCOLLO_FR.jpg","width":1772,"height":1772},{"@type":"BreadcrumbList","@id":"https:\/\/laura4u.aboama.com\/es\/prodotto\/sudadera-negra-de-cuello-redondo-fate-lamore-stanotte-2024\/#breadcrumb","itemListElement":[{"@type":"ListItem","position":1,"name":"Home","item":"https:\/\/laura4u.aboama.com\/es\/pagina-di-esempio\/"},{"@type":"ListItem","position":2,"name":"Tienda","item":"https:\/\/laura4u.aboama.com\/es\/tienda\/"},{"@type":"ListItem","position":3,"name":"SUDADERA NEGRA DE CUELLO REDONDO FATE L\u2019AMORE STANOTTE 2024"}]},{"@type":"WebSite","@id":"https:\/\/laura4u.aboama.com\/es\/#website","url":"https:\/\/laura4u.aboama.com\/es\/","name":"Laura4u","description":"Ink Printed In Italy","publisher":{"@id":"https:\/\/laura4u.aboama.com\/es\/#organization"},"potentialAction":[{"@type":"SearchAction","target":{"@type":"EntryPoint","urlTemplate":"https:\/\/laura4u.aboama.com\/es\/?s={search_term_string}"},"query-input":{"@type":"PropertyValueSpecification","valueRequired":true,"valueName":"search_term_string"}}],"inLanguage":"es"},{"@type":"Organization","@id":"https:\/\/laura4u.aboama.com\/es\/#organization","name":"Laura4u","url":"https:\/\/laura4u.aboama.com\/es\/","logo":{"@type":"ImageObject","inLanguage":"es","@id":"https:\/\/laura4u.aboama.com\/es\/#\/schema\/logo\/image\/","url":"https:\/\/laura4u.aboama.com\/wp-content\/uploads\/sites\/39\/2022\/07\/cropped-LP-official-merch-copia-600x322-1.png","contentUrl":"https:\/\/laura4u.aboama.com\/wp-content\/uploads\/sites\/39\/2022\/07\/cropped-LP-official-merch-copia-600x322-1.png","width":600,"height":322,"caption":"Laura4u"},"image":{"@id":"https:\/\/laura4u.aboama.com\/es\/#\/schema\/logo\/image\/"}}]}},"_links":{"self":[{"href":"https:\/\/laura4u.aboama.com\/es\/wp-json\/wp\/v2\/product\/44581","targetHints":{"allow":["GET"]}}],"collection":[{"href":"https:\/\/laura4u.aboama.com\/es\/wp-json\/wp\/v2\/product"}],"about":[{"href":"https:\/\/laura4u.aboama.com\/es\/wp-json\/wp\/v2\/types\/product"}],"wp:featuredmedia":[{"embeddable":true,"href":"https:\/\/laura4u.aboama.com\/es\/wp-json\/wp\/v2\/media\/44480"}],"wp:attachment":[{"href":"https:\/\/laura4u.aboama.com\/es\/wp-json\/wp\/v2\/media?parent=44581"}],"wp:term":[{"taxonomy":"product_brand","embeddable":true,"href":"https:\/\/laura4u.aboama.com\/es\/wp-json\/wp\/v2\/product_brand?post=44581"},{"taxonomy":"product_cat","embeddable":true,"href":"https:\/\/laura4u.aboama.com\/es\/wp-json\/wp\/v2\/product_cat?post=44581"},{"taxonomy":"product_tag","embeddable":true,"href":"https:\/\/laura4u.aboama.com\/es\/wp-json\/wp\/v2\/product_tag?post=44581"}],"curies":[{"name":"wp","href":"https:\/\/api.w.org\/{rel}","templated":true}]}}