{"id":44225,"date":"2024-12-09T12:41:12","date_gmt":"2024-12-09T11:41:12","guid":{"rendered":"https:\/\/laura4u.aboama.com\/prodotto\/ciao-xmas-ed-adornos-navidenos\/"},"modified":"2024-12-09T12:41:12","modified_gmt":"2024-12-09T11:41:12","slug":"ciao-xmas-ed-adornos-navidenos","status":"publish","type":"product","link":"https:\/\/laura4u.aboama.com\/es\/prodotto\/ciao-xmas-ed-adornos-navidenos\/","title":{"rendered":"CIAO XMAS ED. &#8211; Adornos Navide\u00f1os <br>"},"content":{"rendered":"","protected":false},"excerpt":{"rendered":"<p>Kit de dos adornos navide\u00f1os.<br \/>\nDisco de plexigl\u00e1s transparente con gr\u00e1fica oficial CIAO realizado en UV.<br \/>\nDi\u00e1metro 10 cm.<br \/>\nCord\u00f3n satinado con gr\u00e1ficos oficiales.<\/p>\n","protected":false},"featured_media":44213,"template":"","meta":[],"product_brand":[],"product_cat":[571],"product_tag":[],"class_list":{"0":"post-44225","1":"product","2":"type-product","3":"status-publish","4":"has-post-thumbnail","6":"product_cat-hola-edicion-de-navidad","8":"first","9":"instock","10":"taxable","11":"shipping-taxable","12":"purchasable","13":"product-type-simple","14":"wpzoom-wc-spi-has-enabled"},"yoast_head":"<!-- This site is optimized with the Yoast SEO plugin v27.3 - https:\/\/yoast.com\/product\/yoast-seo-wordpress\/ -->\n<title>CIAO XMAS ED. - Adornos Navide\u00f1os  - Laura4u<\/title>\n<meta name=\"robots\" content=\"index, follow, max-snippet:-1, max-image-preview:large, max-video-preview:-1\" \/>\n<link rel=\"canonical\" href=\"https:\/\/laura4u.aboama.com\/es\/prodotto\/ciao-xmas-ed-adornos-navidenos\/\" \/>\n<meta property=\"og:locale\" content=\"es_ES\" \/>\n<meta property=\"og:type\" content=\"article\" \/>\n<meta property=\"og:title\" content=\"CIAO XMAS ED. - Adornos Navide\u00f1os  - Laura4u\" \/>\n<meta property=\"og:description\" content=\"Kit de dos adornos navide\u00f1os. Disco de plexigl\u00e1s transparente con gr\u00e1fica oficial CIAO realizado en UV. Di\u00e1metro 10 cm. Cord\u00f3n satinado con gr\u00e1ficos oficiales.\" \/>\n<meta property=\"og:url\" content=\"https:\/\/laura4u.aboama.com\/es\/prodotto\/ciao-xmas-ed-adornos-navidenos\/\" \/>\n<meta property=\"og:site_name\" content=\"Laura4u\" \/>\n<meta name=\"twitter:card\" content=\"summary_large_image\" \/>\n<script type=\"application\/ld+json\" class=\"yoast-schema-graph\">{\"@context\":\"https:\\\/\\\/schema.org\",\"@graph\":[{\"@type\":\"WebPage\",\"@id\":\"https:\\\/\\\/laura4u.aboama.com\\\/es\\\/prodotto\\\/ciao-xmas-ed-adornos-navidenos\\\/\",\"url\":\"https:\\\/\\\/laura4u.aboama.com\\\/es\\\/prodotto\\\/ciao-xmas-ed-adornos-navidenos\\\/\",\"name\":\"CIAO XMAS ED. - Adornos Navide\u00f1os - Laura4u\",\"isPartOf\":{\"@id\":\"https:\\\/\\\/laura4u.aboama.com\\\/es\\\/#website\"},\"primaryImageOfPage\":{\"@id\":\"https:\\\/\\\/laura4u.aboama.com\\\/es\\\/prodotto\\\/ciao-xmas-ed-adornos-navidenos\\\/#primaryimage\"},\"image\":{\"@id\":\"https:\\\/\\\/laura4u.aboama.com\\\/es\\\/prodotto\\\/ciao-xmas-ed-adornos-navidenos\\\/#primaryimage\"},\"thumbnailUrl\":\"https:\\\/\\\/laura4u.aboama.com\\\/wp-content\\\/uploads\\\/sites\\\/39\\\/2024\\\/12\\\/CIAO-XMAS-ED-1.jpeg\",\"datePublished\":\"2024-12-09T11:41:12+00:00\",\"breadcrumb\":{\"@id\":\"https:\\\/\\\/laura4u.aboama.com\\\/es\\\/prodotto\\\/ciao-xmas-ed-adornos-navidenos\\\/#breadcrumb\"},\"inLanguage\":\"es\",\"potentialAction\":[{\"@type\":\"ReadAction\",\"target\":[\"https:\\\/\\\/laura4u.aboama.com\\\/es\\\/prodotto\\\/ciao-xmas-ed-adornos-navidenos\\\/\"]}]},{\"@type\":\"ImageObject\",\"inLanguage\":\"es\",\"@id\":\"https:\\\/\\\/laura4u.aboama.com\\\/es\\\/prodotto\\\/ciao-xmas-ed-adornos-navidenos\\\/#primaryimage\",\"url\":\"https:\\\/\\\/laura4u.aboama.com\\\/wp-content\\\/uploads\\\/sites\\\/39\\\/2024\\\/12\\\/CIAO-XMAS-ED-1.jpeg\",\"contentUrl\":\"https:\\\/\\\/laura4u.aboama.com\\\/wp-content\\\/uploads\\\/sites\\\/39\\\/2024\\\/12\\\/CIAO-XMAS-ED-1.jpeg\",\"width\":1284,\"height\":1242},{\"@type\":\"BreadcrumbList\",\"@id\":\"https:\\\/\\\/laura4u.aboama.com\\\/es\\\/prodotto\\\/ciao-xmas-ed-adornos-navidenos\\\/#breadcrumb\",\"itemListElement\":[{\"@type\":\"ListItem\",\"position\":1,\"name\":\"Home\",\"item\":\"https:\\\/\\\/laura4u.aboama.com\\\/es\\\/pagina-di-esempio\\\/\"},{\"@type\":\"ListItem\",\"position\":2,\"name\":\"Tienda\",\"item\":\"https:\\\/\\\/laura4u.aboama.com\\\/es\\\/tienda\\\/\"},{\"@type\":\"ListItem\",\"position\":3,\"name\":\"CIAO XMAS ED. &#8211; Adornos Navide\u00f1os\"}]},{\"@type\":\"WebSite\",\"@id\":\"https:\\\/\\\/laura4u.aboama.com\\\/es\\\/#website\",\"url\":\"https:\\\/\\\/laura4u.aboama.com\\\/es\\\/\",\"name\":\"Laura4u\",\"description\":\"Ink Printed In Italy\",\"publisher\":{\"@id\":\"https:\\\/\\\/laura4u.aboama.com\\\/es\\\/#organization\"},\"potentialAction\":[{\"@type\":\"SearchAction\",\"target\":{\"@type\":\"EntryPoint\",\"urlTemplate\":\"https:\\\/\\\/laura4u.aboama.com\\\/es\\\/?s={search_term_string}\"},\"query-input\":{\"@type\":\"PropertyValueSpecification\",\"valueRequired\":true,\"valueName\":\"search_term_string\"}}],\"inLanguage\":\"es\"},{\"@type\":\"Organization\",\"@id\":\"https:\\\/\\\/laura4u.aboama.com\\\/es\\\/#organization\",\"name\":\"Laura4u\",\"url\":\"https:\\\/\\\/laura4u.aboama.com\\\/es\\\/\",\"logo\":{\"@type\":\"ImageObject\",\"inLanguage\":\"es\",\"@id\":\"https:\\\/\\\/laura4u.aboama.com\\\/es\\\/#\\\/schema\\\/logo\\\/image\\\/\",\"url\":\"https:\\\/\\\/laura4u.aboama.com\\\/wp-content\\\/uploads\\\/sites\\\/39\\\/2022\\\/07\\\/cropped-LP-official-merch-copia-600x322-1.png\",\"contentUrl\":\"https:\\\/\\\/laura4u.aboama.com\\\/wp-content\\\/uploads\\\/sites\\\/39\\\/2022\\\/07\\\/cropped-LP-official-merch-copia-600x322-1.png\",\"width\":600,\"height\":322,\"caption\":\"Laura4u\"},\"image\":{\"@id\":\"https:\\\/\\\/laura4u.aboama.com\\\/es\\\/#\\\/schema\\\/logo\\\/image\\\/\"}}]}<\/script>\n<!-- \/ Yoast SEO plugin. -->","yoast_head_json":{"title":"CIAO XMAS ED. - Adornos Navide\u00f1os  - Laura4u","robots":{"index":"index","follow":"follow","max-snippet":"max-snippet:-1","max-image-preview":"max-image-preview:large","max-video-preview":"max-video-preview:-1"},"canonical":"https:\/\/laura4u.aboama.com\/es\/prodotto\/ciao-xmas-ed-adornos-navidenos\/","og_locale":"es_ES","og_type":"article","og_title":"CIAO XMAS ED. - Adornos Navide\u00f1os  - Laura4u","og_description":"Kit de dos adornos navide\u00f1os. Disco de plexigl\u00e1s transparente con gr\u00e1fica oficial CIAO realizado en UV. Di\u00e1metro 10 cm. Cord\u00f3n satinado con gr\u00e1ficos oficiales.","og_url":"https:\/\/laura4u.aboama.com\/es\/prodotto\/ciao-xmas-ed-adornos-navidenos\/","og_site_name":"Laura4u","twitter_card":"summary_large_image","schema":{"@context":"https:\/\/schema.org","@graph":[{"@type":"WebPage","@id":"https:\/\/laura4u.aboama.com\/es\/prodotto\/ciao-xmas-ed-adornos-navidenos\/","url":"https:\/\/laura4u.aboama.com\/es\/prodotto\/ciao-xmas-ed-adornos-navidenos\/","name":"CIAO XMAS ED. - Adornos Navide\u00f1os - Laura4u","isPartOf":{"@id":"https:\/\/laura4u.aboama.com\/es\/#website"},"primaryImageOfPage":{"@id":"https:\/\/laura4u.aboama.com\/es\/prodotto\/ciao-xmas-ed-adornos-navidenos\/#primaryimage"},"image":{"@id":"https:\/\/laura4u.aboama.com\/es\/prodotto\/ciao-xmas-ed-adornos-navidenos\/#primaryimage"},"thumbnailUrl":"https:\/\/laura4u.aboama.com\/wp-content\/uploads\/sites\/39\/2024\/12\/CIAO-XMAS-ED-1.jpeg","datePublished":"2024-12-09T11:41:12+00:00","breadcrumb":{"@id":"https:\/\/laura4u.aboama.com\/es\/prodotto\/ciao-xmas-ed-adornos-navidenos\/#breadcrumb"},"inLanguage":"es","potentialAction":[{"@type":"ReadAction","target":["https:\/\/laura4u.aboama.com\/es\/prodotto\/ciao-xmas-ed-adornos-navidenos\/"]}]},{"@type":"ImageObject","inLanguage":"es","@id":"https:\/\/laura4u.aboama.com\/es\/prodotto\/ciao-xmas-ed-adornos-navidenos\/#primaryimage","url":"https:\/\/laura4u.aboama.com\/wp-content\/uploads\/sites\/39\/2024\/12\/CIAO-XMAS-ED-1.jpeg","contentUrl":"https:\/\/laura4u.aboama.com\/wp-content\/uploads\/sites\/39\/2024\/12\/CIAO-XMAS-ED-1.jpeg","width":1284,"height":1242},{"@type":"BreadcrumbList","@id":"https:\/\/laura4u.aboama.com\/es\/prodotto\/ciao-xmas-ed-adornos-navidenos\/#breadcrumb","itemListElement":[{"@type":"ListItem","position":1,"name":"Home","item":"https:\/\/laura4u.aboama.com\/es\/pagina-di-esempio\/"},{"@type":"ListItem","position":2,"name":"Tienda","item":"https:\/\/laura4u.aboama.com\/es\/tienda\/"},{"@type":"ListItem","position":3,"name":"CIAO XMAS ED. &#8211; Adornos Navide\u00f1os"}]},{"@type":"WebSite","@id":"https:\/\/laura4u.aboama.com\/es\/#website","url":"https:\/\/laura4u.aboama.com\/es\/","name":"Laura4u","description":"Ink Printed In Italy","publisher":{"@id":"https:\/\/laura4u.aboama.com\/es\/#organization"},"potentialAction":[{"@type":"SearchAction","target":{"@type":"EntryPoint","urlTemplate":"https:\/\/laura4u.aboama.com\/es\/?s={search_term_string}"},"query-input":{"@type":"PropertyValueSpecification","valueRequired":true,"valueName":"search_term_string"}}],"inLanguage":"es"},{"@type":"Organization","@id":"https:\/\/laura4u.aboama.com\/es\/#organization","name":"Laura4u","url":"https:\/\/laura4u.aboama.com\/es\/","logo":{"@type":"ImageObject","inLanguage":"es","@id":"https:\/\/laura4u.aboama.com\/es\/#\/schema\/logo\/image\/","url":"https:\/\/laura4u.aboama.com\/wp-content\/uploads\/sites\/39\/2022\/07\/cropped-LP-official-merch-copia-600x322-1.png","contentUrl":"https:\/\/laura4u.aboama.com\/wp-content\/uploads\/sites\/39\/2022\/07\/cropped-LP-official-merch-copia-600x322-1.png","width":600,"height":322,"caption":"Laura4u"},"image":{"@id":"https:\/\/laura4u.aboama.com\/es\/#\/schema\/logo\/image\/"}}]}},"_links":{"self":[{"href":"https:\/\/laura4u.aboama.com\/es\/wp-json\/wp\/v2\/product\/44225","targetHints":{"allow":["GET"]}}],"collection":[{"href":"https:\/\/laura4u.aboama.com\/es\/wp-json\/wp\/v2\/product"}],"about":[{"href":"https:\/\/laura4u.aboama.com\/es\/wp-json\/wp\/v2\/types\/product"}],"wp:featuredmedia":[{"embeddable":true,"href":"https:\/\/laura4u.aboama.com\/es\/wp-json\/wp\/v2\/media\/44213"}],"wp:attachment":[{"href":"https:\/\/laura4u.aboama.com\/es\/wp-json\/wp\/v2\/media?parent=44225"}],"wp:term":[{"taxonomy":"product_brand","embeddable":true,"href":"https:\/\/laura4u.aboama.com\/es\/wp-json\/wp\/v2\/product_brand?post=44225"},{"taxonomy":"product_cat","embeddable":true,"href":"https:\/\/laura4u.aboama.com\/es\/wp-json\/wp\/v2\/product_cat?post=44225"},{"taxonomy":"product_tag","embeddable":true,"href":"https:\/\/laura4u.aboama.com\/es\/wp-json\/wp\/v2\/product_tag?post=44225"}],"curies":[{"name":"wp","href":"https:\/\/api.w.org\/{rel}","templated":true}]}}