{"id":44151,"date":"2024-12-06T18:45:30","date_gmt":"2024-12-06T17:45:30","guid":{"rendered":"https:\/\/laura4u.aboama.com\/prodotto\/hola-edicion-de-navidad\/"},"modified":"2024-12-10T16:59:59","modified_gmt":"2024-12-10T15:59:59","slug":"hola-edicion-de-navidad","status":"publish","type":"product","link":"https:\/\/laura4u.aboama.com\/es\/prodotto\/hola-edicion-de-navidad\/","title":{"rendered":"CIAO XMAS ED. &#8211; Tshirt blanca y Adornos <br>"},"content":{"rendered":"<p>Descripci\u00f3n del tama\u00f1o <\/p>\n<table cellspacing=\"0\" cellpadding=\"0\">\n<tbody>\n<tr>\n<td valign=\"top\"><span style=\"color: #000000; font-family: Arial; font-size: MEDIUM;\"><b>Tama\u00f1o<\/b><\/span><\/td>\n<td valign=\"top\"><span style=\"color: #000000; font-family: Arial; font-size: medium;\"><b>S<\/b><\/span><\/td>\n<td valign=\"top\"><span style=\"color: #000000; font-family: Arial; font-size: medium;\"><b>M<\/b><\/span><\/td>\n<td valign=\"top\"><span style=\"color: #000000; font-family: Arial; font-size: medium;\"><b>L<\/b><\/span><\/td>\n<td valign=\"top\"><span style=\"color: #000000; font-family: Arial; font-size: medium;\"><b>XL<\/b><\/span><\/td>\n<td valign=\"top\"><span style=\"color: #000000; font-family: Arial; font-size: medium;\"><b>XXL<\/b><\/span><\/td>\n<\/tr>\n<tr>\n<td valign=\"top\"><span style=\"color: #000000; font-family: Arial; font-size: MEDIUM;\"><b>Altura<\/b><\/span><\/td>\n<td valign=\"top\"><span style=\"color: #000000; font-family: Arial; font-size: medium;\">70<\/span><\/td>\n<td valign=\"top\"><span style=\"color: #000000; font-family: Arial; font-size: medium;\">72<\/span><\/td>\n<td valign=\"top\"><span style=\"color: #000000; font-family: Arial; font-size: medium;\">74<\/span><\/td>\n<td valign=\"top\"><span style=\"color: #000000; font-family: Arial; font-size: medium;\">76<\/span><\/td>\n<td valign=\"top\"><span style=\"color: #000000; font-family: Arial; font-size: medium;\">78<\/span><\/td>\n<\/tr>\n<tr>\n<td valign=\"top\"><span style=\"color: #000000; font-family: Arial; font-size: MEDIUM;\"><b>Anchura<\/b><\/span><\/td>\n<td valign=\"top\"><span style=\"color: #000000; font-family: Arial; font-size: medium;\">50<\/span><\/td>\n<td valign=\"top\"><span style=\"color: #000000; font-family: Arial; font-size: medium;\">53<\/span><\/td>\n<td valign=\"top\"><span style=\"color: #000000; font-family: Arial; font-size: medium;\">56<\/span><\/td>\n<td valign=\"top\"><span style=\"color: #000000; font-family: Arial; font-size: medium;\">59<\/span><\/td>\n<td valign=\"top\"><span style=\"color: #000000; font-family: Arial; font-size: medium;\">62<\/span><\/td>\n<\/tr>\n<\/tbody>\n<\/table>\n","protected":false},"excerpt":{"rendered":"<p>Camiseta de manga larga 100% algod\u00f3n. Impresi\u00f3n delantera y trasera. Kit de dos adornos navide\u00f1os. Disco de plexigl\u00e1s transparente con gr\u00e1fica oficial CIAO realizado en UV. Di\u00e1metro 10 cm. Cord\u00f3n satinado con gr\u00e1ficos oficiales.   <\/p>\n","protected":false},"featured_media":44102,"template":"","meta":[],"product_brand":[],"product_cat":[571],"product_tag":[],"class_list":{"0":"post-44151","1":"product","2":"type-product","3":"status-publish","4":"has-post-thumbnail","6":"product_cat-hola-edicion-de-navidad","8":"first","9":"instock","10":"taxable","11":"shipping-taxable","12":"purchasable","13":"product-type-variable","14":"wpzoom-wc-spi-has-enabled"},"yoast_head":"<!-- This site is optimized with the Yoast SEO plugin v27.3 - https:\/\/yoast.com\/product\/yoast-seo-wordpress\/ -->\n<title>CIAO XMAS ED. - Tshirt blanca y Adornos  - Laura4u<\/title>\n<meta name=\"robots\" content=\"index, follow, max-snippet:-1, max-image-preview:large, max-video-preview:-1\" \/>\n<link rel=\"canonical\" href=\"https:\/\/laura4u.aboama.com\/es\/prodotto\/hola-edicion-de-navidad\/\" \/>\n<meta property=\"og:locale\" content=\"es_ES\" \/>\n<meta property=\"og:type\" content=\"article\" \/>\n<meta property=\"og:title\" content=\"CIAO XMAS ED. - Tshirt blanca y Adornos  - Laura4u\" \/>\n<meta property=\"og:description\" content=\"Camiseta de manga larga 100% algod\u00f3n. Impresi\u00f3n delantera y trasera. Kit de dos adornos navide\u00f1os. Disco de plexigl\u00e1s transparente con gr\u00e1fica oficial CIAO realizado en UV. Di\u00e1metro 10 cm. Cord\u00f3n satinado con gr\u00e1ficos oficiales.\" \/>\n<meta property=\"og:url\" content=\"https:\/\/laura4u.aboama.com\/es\/prodotto\/hola-edicion-de-navidad\/\" \/>\n<meta property=\"og:site_name\" content=\"Laura4u\" \/>\n<meta property=\"article:modified_time\" content=\"2024-12-10T15:59:59+00:00\" \/>\n<meta property=\"og:image\" content=\"https:\/\/laura4u.aboama.com\/wp-content\/uploads\/sites\/39\/2024\/12\/LP_XMAS2024_BIANCA_FR.jpg\" \/>\n\t<meta property=\"og:image:width\" content=\"1772\" \/>\n\t<meta property=\"og:image:height\" content=\"1772\" \/>\n\t<meta property=\"og:image:type\" content=\"image\/jpeg\" \/>\n<meta name=\"twitter:card\" content=\"summary_large_image\" \/>\n<script type=\"application\/ld+json\" class=\"yoast-schema-graph\">{\"@context\":\"https:\\\/\\\/schema.org\",\"@graph\":[{\"@type\":\"WebPage\",\"@id\":\"https:\\\/\\\/laura4u.aboama.com\\\/es\\\/prodotto\\\/hola-edicion-de-navidad\\\/\",\"url\":\"https:\\\/\\\/laura4u.aboama.com\\\/es\\\/prodotto\\\/hola-edicion-de-navidad\\\/\",\"name\":\"CIAO XMAS ED. - Tshirt blanca y Adornos - Laura4u\",\"isPartOf\":{\"@id\":\"https:\\\/\\\/laura4u.aboama.com\\\/es\\\/#website\"},\"primaryImageOfPage\":{\"@id\":\"https:\\\/\\\/laura4u.aboama.com\\\/es\\\/prodotto\\\/hola-edicion-de-navidad\\\/#primaryimage\"},\"image\":{\"@id\":\"https:\\\/\\\/laura4u.aboama.com\\\/es\\\/prodotto\\\/hola-edicion-de-navidad\\\/#primaryimage\"},\"thumbnailUrl\":\"https:\\\/\\\/laura4u.aboama.com\\\/wp-content\\\/uploads\\\/sites\\\/39\\\/2024\\\/12\\\/LP_XMAS2024_BIANCA_FR.jpg\",\"datePublished\":\"2024-12-06T17:45:30+00:00\",\"dateModified\":\"2024-12-10T15:59:59+00:00\",\"breadcrumb\":{\"@id\":\"https:\\\/\\\/laura4u.aboama.com\\\/es\\\/prodotto\\\/hola-edicion-de-navidad\\\/#breadcrumb\"},\"inLanguage\":\"es\",\"potentialAction\":[{\"@type\":\"ReadAction\",\"target\":[\"https:\\\/\\\/laura4u.aboama.com\\\/es\\\/prodotto\\\/hola-edicion-de-navidad\\\/\"]}]},{\"@type\":\"ImageObject\",\"inLanguage\":\"es\",\"@id\":\"https:\\\/\\\/laura4u.aboama.com\\\/es\\\/prodotto\\\/hola-edicion-de-navidad\\\/#primaryimage\",\"url\":\"https:\\\/\\\/laura4u.aboama.com\\\/wp-content\\\/uploads\\\/sites\\\/39\\\/2024\\\/12\\\/LP_XMAS2024_BIANCA_FR.jpg\",\"contentUrl\":\"https:\\\/\\\/laura4u.aboama.com\\\/wp-content\\\/uploads\\\/sites\\\/39\\\/2024\\\/12\\\/LP_XMAS2024_BIANCA_FR.jpg\",\"width\":1772,\"height\":1772},{\"@type\":\"BreadcrumbList\",\"@id\":\"https:\\\/\\\/laura4u.aboama.com\\\/es\\\/prodotto\\\/hola-edicion-de-navidad\\\/#breadcrumb\",\"itemListElement\":[{\"@type\":\"ListItem\",\"position\":1,\"name\":\"Home\",\"item\":\"https:\\\/\\\/laura4u.aboama.com\\\/es\\\/pagina-di-esempio\\\/\"},{\"@type\":\"ListItem\",\"position\":2,\"name\":\"Tienda\",\"item\":\"https:\\\/\\\/laura4u.aboama.com\\\/es\\\/tienda\\\/\"},{\"@type\":\"ListItem\",\"position\":3,\"name\":\"CIAO XMAS ED. &#8211; Tshirt blanca y Adornos\"}]},{\"@type\":\"WebSite\",\"@id\":\"https:\\\/\\\/laura4u.aboama.com\\\/es\\\/#website\",\"url\":\"https:\\\/\\\/laura4u.aboama.com\\\/es\\\/\",\"name\":\"Laura4u\",\"description\":\"Ink Printed In Italy\",\"publisher\":{\"@id\":\"https:\\\/\\\/laura4u.aboama.com\\\/es\\\/#organization\"},\"potentialAction\":[{\"@type\":\"SearchAction\",\"target\":{\"@type\":\"EntryPoint\",\"urlTemplate\":\"https:\\\/\\\/laura4u.aboama.com\\\/es\\\/?s={search_term_string}\"},\"query-input\":{\"@type\":\"PropertyValueSpecification\",\"valueRequired\":true,\"valueName\":\"search_term_string\"}}],\"inLanguage\":\"es\"},{\"@type\":\"Organization\",\"@id\":\"https:\\\/\\\/laura4u.aboama.com\\\/es\\\/#organization\",\"name\":\"Laura4u\",\"url\":\"https:\\\/\\\/laura4u.aboama.com\\\/es\\\/\",\"logo\":{\"@type\":\"ImageObject\",\"inLanguage\":\"es\",\"@id\":\"https:\\\/\\\/laura4u.aboama.com\\\/es\\\/#\\\/schema\\\/logo\\\/image\\\/\",\"url\":\"https:\\\/\\\/laura4u.aboama.com\\\/wp-content\\\/uploads\\\/sites\\\/39\\\/2022\\\/07\\\/cropped-LP-official-merch-copia-600x322-1.png\",\"contentUrl\":\"https:\\\/\\\/laura4u.aboama.com\\\/wp-content\\\/uploads\\\/sites\\\/39\\\/2022\\\/07\\\/cropped-LP-official-merch-copia-600x322-1.png\",\"width\":600,\"height\":322,\"caption\":\"Laura4u\"},\"image\":{\"@id\":\"https:\\\/\\\/laura4u.aboama.com\\\/es\\\/#\\\/schema\\\/logo\\\/image\\\/\"}}]}<\/script>\n<!-- \/ Yoast SEO plugin. -->","yoast_head_json":{"title":"CIAO XMAS ED. - Tshirt blanca y Adornos  - Laura4u","robots":{"index":"index","follow":"follow","max-snippet":"max-snippet:-1","max-image-preview":"max-image-preview:large","max-video-preview":"max-video-preview:-1"},"canonical":"https:\/\/laura4u.aboama.com\/es\/prodotto\/hola-edicion-de-navidad\/","og_locale":"es_ES","og_type":"article","og_title":"CIAO XMAS ED. - Tshirt blanca y Adornos  - Laura4u","og_description":"Camiseta de manga larga 100% algod\u00f3n. Impresi\u00f3n delantera y trasera. Kit de dos adornos navide\u00f1os. Disco de plexigl\u00e1s transparente con gr\u00e1fica oficial CIAO realizado en UV. Di\u00e1metro 10 cm. Cord\u00f3n satinado con gr\u00e1ficos oficiales.","og_url":"https:\/\/laura4u.aboama.com\/es\/prodotto\/hola-edicion-de-navidad\/","og_site_name":"Laura4u","article_modified_time":"2024-12-10T15:59:59+00:00","og_image":[{"width":1772,"height":1772,"url":"https:\/\/laura4u.aboama.com\/wp-content\/uploads\/sites\/39\/2024\/12\/LP_XMAS2024_BIANCA_FR.jpg","type":"image\/jpeg"}],"twitter_card":"summary_large_image","schema":{"@context":"https:\/\/schema.org","@graph":[{"@type":"WebPage","@id":"https:\/\/laura4u.aboama.com\/es\/prodotto\/hola-edicion-de-navidad\/","url":"https:\/\/laura4u.aboama.com\/es\/prodotto\/hola-edicion-de-navidad\/","name":"CIAO XMAS ED. - Tshirt blanca y Adornos - Laura4u","isPartOf":{"@id":"https:\/\/laura4u.aboama.com\/es\/#website"},"primaryImageOfPage":{"@id":"https:\/\/laura4u.aboama.com\/es\/prodotto\/hola-edicion-de-navidad\/#primaryimage"},"image":{"@id":"https:\/\/laura4u.aboama.com\/es\/prodotto\/hola-edicion-de-navidad\/#primaryimage"},"thumbnailUrl":"https:\/\/laura4u.aboama.com\/wp-content\/uploads\/sites\/39\/2024\/12\/LP_XMAS2024_BIANCA_FR.jpg","datePublished":"2024-12-06T17:45:30+00:00","dateModified":"2024-12-10T15:59:59+00:00","breadcrumb":{"@id":"https:\/\/laura4u.aboama.com\/es\/prodotto\/hola-edicion-de-navidad\/#breadcrumb"},"inLanguage":"es","potentialAction":[{"@type":"ReadAction","target":["https:\/\/laura4u.aboama.com\/es\/prodotto\/hola-edicion-de-navidad\/"]}]},{"@type":"ImageObject","inLanguage":"es","@id":"https:\/\/laura4u.aboama.com\/es\/prodotto\/hola-edicion-de-navidad\/#primaryimage","url":"https:\/\/laura4u.aboama.com\/wp-content\/uploads\/sites\/39\/2024\/12\/LP_XMAS2024_BIANCA_FR.jpg","contentUrl":"https:\/\/laura4u.aboama.com\/wp-content\/uploads\/sites\/39\/2024\/12\/LP_XMAS2024_BIANCA_FR.jpg","width":1772,"height":1772},{"@type":"BreadcrumbList","@id":"https:\/\/laura4u.aboama.com\/es\/prodotto\/hola-edicion-de-navidad\/#breadcrumb","itemListElement":[{"@type":"ListItem","position":1,"name":"Home","item":"https:\/\/laura4u.aboama.com\/es\/pagina-di-esempio\/"},{"@type":"ListItem","position":2,"name":"Tienda","item":"https:\/\/laura4u.aboama.com\/es\/tienda\/"},{"@type":"ListItem","position":3,"name":"CIAO XMAS ED. &#8211; Tshirt blanca y Adornos"}]},{"@type":"WebSite","@id":"https:\/\/laura4u.aboama.com\/es\/#website","url":"https:\/\/laura4u.aboama.com\/es\/","name":"Laura4u","description":"Ink Printed In Italy","publisher":{"@id":"https:\/\/laura4u.aboama.com\/es\/#organization"},"potentialAction":[{"@type":"SearchAction","target":{"@type":"EntryPoint","urlTemplate":"https:\/\/laura4u.aboama.com\/es\/?s={search_term_string}"},"query-input":{"@type":"PropertyValueSpecification","valueRequired":true,"valueName":"search_term_string"}}],"inLanguage":"es"},{"@type":"Organization","@id":"https:\/\/laura4u.aboama.com\/es\/#organization","name":"Laura4u","url":"https:\/\/laura4u.aboama.com\/es\/","logo":{"@type":"ImageObject","inLanguage":"es","@id":"https:\/\/laura4u.aboama.com\/es\/#\/schema\/logo\/image\/","url":"https:\/\/laura4u.aboama.com\/wp-content\/uploads\/sites\/39\/2022\/07\/cropped-LP-official-merch-copia-600x322-1.png","contentUrl":"https:\/\/laura4u.aboama.com\/wp-content\/uploads\/sites\/39\/2022\/07\/cropped-LP-official-merch-copia-600x322-1.png","width":600,"height":322,"caption":"Laura4u"},"image":{"@id":"https:\/\/laura4u.aboama.com\/es\/#\/schema\/logo\/image\/"}}]}},"_links":{"self":[{"href":"https:\/\/laura4u.aboama.com\/es\/wp-json\/wp\/v2\/product\/44151","targetHints":{"allow":["GET"]}}],"collection":[{"href":"https:\/\/laura4u.aboama.com\/es\/wp-json\/wp\/v2\/product"}],"about":[{"href":"https:\/\/laura4u.aboama.com\/es\/wp-json\/wp\/v2\/types\/product"}],"wp:featuredmedia":[{"embeddable":true,"href":"https:\/\/laura4u.aboama.com\/es\/wp-json\/wp\/v2\/media\/44102"}],"wp:attachment":[{"href":"https:\/\/laura4u.aboama.com\/es\/wp-json\/wp\/v2\/media?parent=44151"}],"wp:term":[{"taxonomy":"product_brand","embeddable":true,"href":"https:\/\/laura4u.aboama.com\/es\/wp-json\/wp\/v2\/product_brand?post=44151"},{"taxonomy":"product_cat","embeddable":true,"href":"https:\/\/laura4u.aboama.com\/es\/wp-json\/wp\/v2\/product_cat?post=44151"},{"taxonomy":"product_tag","embeddable":true,"href":"https:\/\/laura4u.aboama.com\/es\/wp-json\/wp\/v2\/product_tag?post=44151"}],"curies":[{"name":"wp","href":"https:\/\/api.w.org\/{rel}","templated":true}]}}