{"id":41308,"date":"2023-04-11T22:48:09","date_gmt":"2023-04-11T20:48:09","guid":{"rendered":"https:\/\/laura4u.aboama.com\/?post_type=product&#038;p=41308"},"modified":"2023-04-13T20:58:41","modified_gmt":"2023-04-13T18:58:41","slug":"laura30-sudadera-oficial","status":"publish","type":"product","link":"https:\/\/laura4u.aboama.com\/es\/prodotto\/laura30-sudadera-oficial\/","title":{"rendered":"LAURA30 \u2013 Sudadera Oficial"},"content":{"rendered":"<table class=\"alignleft\" border=\"1\">\n<tbody>\n<tr>\n<td style=\"text-align: left;\">Tama\u00f1o<\/td>\n<td>S<\/td>\n<td>M<\/td>\n<td>L<\/td>\n<td>XL<\/td>\n<td>2XL<\/td>\n<\/tr>\n<tr>\n<td style=\"text-align: left;\">Altura<\/td>\n<td>70 cm<\/td>\n<td>72 cm<\/td>\n<td>74 cm<\/td>\n<td>76 cm<\/td>\n<td>78 cm<\/td>\n<\/tr>\n<tr>\n<td style=\"text-align: left;\">Anchura<\/td>\n<td>52 cm<\/td>\n<td>55 cm<\/td>\n<td>59 cm<\/td>\n<td>62,5 cm<\/td>\n<td>66 cm<\/td>\n<\/tr>\n<\/tbody>\n<\/table>\n<p><strong>Modelo unisex. Por favor, consulte las medidas en la tabla para el ajuste.<\/strong><\/p>\n<p>Ajuste cl\u00e1sico.<br \/>\n80% Algod\u00f3n Ring-spun peinado, preencogido, 20% Poli\u00e9ster. Forrado internamente.<\/p>\n","protected":false},"excerpt":{"rendered":"<p>La sudadera con el nuevo logo oficial, dise\u00f1ada para celebrar los 30 a\u00f1os de carrera de Laura.<br \/>\nFrente: gr\u00e1fico LAURA30 impreso.<br \/>\nReverso: Laura Pausini \u2013 30 ANIVERSARIO impreso.<br \/>\nNo interior: C\u00f3digo QR LP Produto Licenciado Oficial feito com impress\u00e3o dtf.<\/p>\n","protected":false},"featured_media":41333,"template":"","meta":[],"product_brand":[],"product_cat":[213,455,145,201],"product_tag":[],"class_list":{"0":"post-41308","1":"product","2":"type-product","3":"status-publish","4":"has-post-thumbnail","6":"product_cat-hombre","7":"product_cat-laura30-es","8":"product_cat-mujer","9":"product_cat-unisex-es","11":"first","12":"instock","13":"taxable","14":"shipping-taxable","15":"purchasable","16":"product-type-variable","17":"has-default-attributes","18":"wpzoom-wc-spi-has-enabled"},"yoast_head":"<!-- This site is optimized with the Yoast SEO plugin v27.4 - https:\/\/yoast.com\/product\/yoast-seo-wordpress\/ -->\n<title>LAURA30 \u2013 Sudadera Oficial - Laura4u<\/title>\n<meta name=\"robots\" content=\"index, follow, max-snippet:-1, max-image-preview:large, max-video-preview:-1\" \/>\n<link rel=\"canonical\" href=\"https:\/\/laura4u.aboama.com\/es\/prodotto\/laura30-sudadera-oficial\/\" \/>\n<meta property=\"og:locale\" content=\"es_ES\" \/>\n<meta property=\"og:type\" content=\"article\" \/>\n<meta property=\"og:title\" content=\"LAURA30 \u2013 Sudadera Oficial - Laura4u\" \/>\n<meta property=\"og:description\" content=\"La sudadera con el nuevo logo oficial, dise\u00f1ada para celebrar los 30 a\u00f1os de carrera de Laura. Frente: gr\u00e1fico LAURA30 impreso. Reverso: Laura Pausini \u2013 30 ANIVERSARIO impreso. No interior: C\u00f3digo QR LP Produto Licenciado Oficial feito com impress\u00e3o dtf.\" \/>\n<meta property=\"og:url\" content=\"https:\/\/laura4u.aboama.com\/es\/prodotto\/laura30-sudadera-oficial\/\" \/>\n<meta property=\"og:site_name\" content=\"Laura4u\" \/>\n<meta property=\"article:modified_time\" content=\"2023-04-13T18:58:41+00:00\" \/>\n<meta property=\"og:image\" content=\"https:\/\/laura4u.aboama.com\/wp-content\/uploads\/sites\/39\/2023\/04\/WHITE-FRONT-1-copia.jpg\" \/>\n\t<meta property=\"og:image:width\" content=\"1772\" \/>\n\t<meta property=\"og:image:height\" content=\"1772\" \/>\n\t<meta property=\"og:image:type\" content=\"image\/jpeg\" \/>\n<meta name=\"twitter:card\" content=\"summary_large_image\" \/>\n<script type=\"application\/ld+json\" class=\"yoast-schema-graph\">{\"@context\":\"https:\\\/\\\/schema.org\",\"@graph\":[{\"@type\":\"WebPage\",\"@id\":\"https:\\\/\\\/laura4u.aboama.com\\\/es\\\/prodotto\\\/laura30-sudadera-oficial\\\/\",\"url\":\"https:\\\/\\\/laura4u.aboama.com\\\/es\\\/prodotto\\\/laura30-sudadera-oficial\\\/\",\"name\":\"LAURA30 \u2013 Sudadera Oficial - Laura4u\",\"isPartOf\":{\"@id\":\"https:\\\/\\\/laura4u.aboama.com\\\/es\\\/#website\"},\"primaryImageOfPage\":{\"@id\":\"https:\\\/\\\/laura4u.aboama.com\\\/es\\\/prodotto\\\/laura30-sudadera-oficial\\\/#primaryimage\"},\"image\":{\"@id\":\"https:\\\/\\\/laura4u.aboama.com\\\/es\\\/prodotto\\\/laura30-sudadera-oficial\\\/#primaryimage\"},\"thumbnailUrl\":\"https:\\\/\\\/laura4u.aboama.com\\\/wp-content\\\/uploads\\\/sites\\\/39\\\/2023\\\/04\\\/WHITE-FRONT-1-copia.jpg\",\"datePublished\":\"2023-04-11T20:48:09+00:00\",\"dateModified\":\"2023-04-13T18:58:41+00:00\",\"breadcrumb\":{\"@id\":\"https:\\\/\\\/laura4u.aboama.com\\\/es\\\/prodotto\\\/laura30-sudadera-oficial\\\/#breadcrumb\"},\"inLanguage\":\"es\",\"potentialAction\":[{\"@type\":\"ReadAction\",\"target\":[\"https:\\\/\\\/laura4u.aboama.com\\\/es\\\/prodotto\\\/laura30-sudadera-oficial\\\/\"]}]},{\"@type\":\"ImageObject\",\"inLanguage\":\"es\",\"@id\":\"https:\\\/\\\/laura4u.aboama.com\\\/es\\\/prodotto\\\/laura30-sudadera-oficial\\\/#primaryimage\",\"url\":\"https:\\\/\\\/laura4u.aboama.com\\\/wp-content\\\/uploads\\\/sites\\\/39\\\/2023\\\/04\\\/WHITE-FRONT-1-copia.jpg\",\"contentUrl\":\"https:\\\/\\\/laura4u.aboama.com\\\/wp-content\\\/uploads\\\/sites\\\/39\\\/2023\\\/04\\\/WHITE-FRONT-1-copia.jpg\",\"width\":1772,\"height\":1772},{\"@type\":\"BreadcrumbList\",\"@id\":\"https:\\\/\\\/laura4u.aboama.com\\\/es\\\/prodotto\\\/laura30-sudadera-oficial\\\/#breadcrumb\",\"itemListElement\":[{\"@type\":\"ListItem\",\"position\":1,\"name\":\"Home\",\"item\":\"https:\\\/\\\/laura4u.aboama.com\\\/es\\\/pagina-di-esempio\\\/\"},{\"@type\":\"ListItem\",\"position\":2,\"name\":\"Tienda\",\"item\":\"https:\\\/\\\/laura4u.aboama.com\\\/es\\\/tienda\\\/\"},{\"@type\":\"ListItem\",\"position\":3,\"name\":\"LAURA30 \u2013 Sudadera Oficial\"}]},{\"@type\":\"WebSite\",\"@id\":\"https:\\\/\\\/laura4u.aboama.com\\\/es\\\/#website\",\"url\":\"https:\\\/\\\/laura4u.aboama.com\\\/es\\\/\",\"name\":\"Laura4u\",\"description\":\"Ink Printed In Italy\",\"publisher\":{\"@id\":\"https:\\\/\\\/laura4u.aboama.com\\\/es\\\/#organization\"},\"potentialAction\":[{\"@type\":\"SearchAction\",\"target\":{\"@type\":\"EntryPoint\",\"urlTemplate\":\"https:\\\/\\\/laura4u.aboama.com\\\/es\\\/?s={search_term_string}\"},\"query-input\":{\"@type\":\"PropertyValueSpecification\",\"valueRequired\":true,\"valueName\":\"search_term_string\"}}],\"inLanguage\":\"es\"},{\"@type\":\"Organization\",\"@id\":\"https:\\\/\\\/laura4u.aboama.com\\\/es\\\/#organization\",\"name\":\"Laura4u\",\"url\":\"https:\\\/\\\/laura4u.aboama.com\\\/es\\\/\",\"logo\":{\"@type\":\"ImageObject\",\"inLanguage\":\"es\",\"@id\":\"https:\\\/\\\/laura4u.aboama.com\\\/es\\\/#\\\/schema\\\/logo\\\/image\\\/\",\"url\":\"https:\\\/\\\/laura4u.aboama.com\\\/wp-content\\\/uploads\\\/sites\\\/39\\\/2022\\\/07\\\/cropped-LP-official-merch-copia-600x322-1.png\",\"contentUrl\":\"https:\\\/\\\/laura4u.aboama.com\\\/wp-content\\\/uploads\\\/sites\\\/39\\\/2022\\\/07\\\/cropped-LP-official-merch-copia-600x322-1.png\",\"width\":600,\"height\":322,\"caption\":\"Laura4u\"},\"image\":{\"@id\":\"https:\\\/\\\/laura4u.aboama.com\\\/es\\\/#\\\/schema\\\/logo\\\/image\\\/\"}}]}<\/script>\n<!-- \/ Yoast SEO plugin. -->","yoast_head_json":{"title":"LAURA30 \u2013 Sudadera Oficial - Laura4u","robots":{"index":"index","follow":"follow","max-snippet":"max-snippet:-1","max-image-preview":"max-image-preview:large","max-video-preview":"max-video-preview:-1"},"canonical":"https:\/\/laura4u.aboama.com\/es\/prodotto\/laura30-sudadera-oficial\/","og_locale":"es_ES","og_type":"article","og_title":"LAURA30 \u2013 Sudadera Oficial - Laura4u","og_description":"La sudadera con el nuevo logo oficial, dise\u00f1ada para celebrar los 30 a\u00f1os de carrera de Laura. Frente: gr\u00e1fico LAURA30 impreso. Reverso: Laura Pausini \u2013 30 ANIVERSARIO impreso. No interior: C\u00f3digo QR LP Produto Licenciado Oficial feito com impress\u00e3o dtf.","og_url":"https:\/\/laura4u.aboama.com\/es\/prodotto\/laura30-sudadera-oficial\/","og_site_name":"Laura4u","article_modified_time":"2023-04-13T18:58:41+00:00","og_image":[{"width":1772,"height":1772,"url":"https:\/\/laura4u.aboama.com\/wp-content\/uploads\/sites\/39\/2023\/04\/WHITE-FRONT-1-copia.jpg","type":"image\/jpeg"}],"twitter_card":"summary_large_image","schema":{"@context":"https:\/\/schema.org","@graph":[{"@type":"WebPage","@id":"https:\/\/laura4u.aboama.com\/es\/prodotto\/laura30-sudadera-oficial\/","url":"https:\/\/laura4u.aboama.com\/es\/prodotto\/laura30-sudadera-oficial\/","name":"LAURA30 \u2013 Sudadera Oficial - Laura4u","isPartOf":{"@id":"https:\/\/laura4u.aboama.com\/es\/#website"},"primaryImageOfPage":{"@id":"https:\/\/laura4u.aboama.com\/es\/prodotto\/laura30-sudadera-oficial\/#primaryimage"},"image":{"@id":"https:\/\/laura4u.aboama.com\/es\/prodotto\/laura30-sudadera-oficial\/#primaryimage"},"thumbnailUrl":"https:\/\/laura4u.aboama.com\/wp-content\/uploads\/sites\/39\/2023\/04\/WHITE-FRONT-1-copia.jpg","datePublished":"2023-04-11T20:48:09+00:00","dateModified":"2023-04-13T18:58:41+00:00","breadcrumb":{"@id":"https:\/\/laura4u.aboama.com\/es\/prodotto\/laura30-sudadera-oficial\/#breadcrumb"},"inLanguage":"es","potentialAction":[{"@type":"ReadAction","target":["https:\/\/laura4u.aboama.com\/es\/prodotto\/laura30-sudadera-oficial\/"]}]},{"@type":"ImageObject","inLanguage":"es","@id":"https:\/\/laura4u.aboama.com\/es\/prodotto\/laura30-sudadera-oficial\/#primaryimage","url":"https:\/\/laura4u.aboama.com\/wp-content\/uploads\/sites\/39\/2023\/04\/WHITE-FRONT-1-copia.jpg","contentUrl":"https:\/\/laura4u.aboama.com\/wp-content\/uploads\/sites\/39\/2023\/04\/WHITE-FRONT-1-copia.jpg","width":1772,"height":1772},{"@type":"BreadcrumbList","@id":"https:\/\/laura4u.aboama.com\/es\/prodotto\/laura30-sudadera-oficial\/#breadcrumb","itemListElement":[{"@type":"ListItem","position":1,"name":"Home","item":"https:\/\/laura4u.aboama.com\/es\/pagina-di-esempio\/"},{"@type":"ListItem","position":2,"name":"Tienda","item":"https:\/\/laura4u.aboama.com\/es\/tienda\/"},{"@type":"ListItem","position":3,"name":"LAURA30 \u2013 Sudadera Oficial"}]},{"@type":"WebSite","@id":"https:\/\/laura4u.aboama.com\/es\/#website","url":"https:\/\/laura4u.aboama.com\/es\/","name":"Laura4u","description":"Ink Printed In Italy","publisher":{"@id":"https:\/\/laura4u.aboama.com\/es\/#organization"},"potentialAction":[{"@type":"SearchAction","target":{"@type":"EntryPoint","urlTemplate":"https:\/\/laura4u.aboama.com\/es\/?s={search_term_string}"},"query-input":{"@type":"PropertyValueSpecification","valueRequired":true,"valueName":"search_term_string"}}],"inLanguage":"es"},{"@type":"Organization","@id":"https:\/\/laura4u.aboama.com\/es\/#organization","name":"Laura4u","url":"https:\/\/laura4u.aboama.com\/es\/","logo":{"@type":"ImageObject","inLanguage":"es","@id":"https:\/\/laura4u.aboama.com\/es\/#\/schema\/logo\/image\/","url":"https:\/\/laura4u.aboama.com\/wp-content\/uploads\/sites\/39\/2022\/07\/cropped-LP-official-merch-copia-600x322-1.png","contentUrl":"https:\/\/laura4u.aboama.com\/wp-content\/uploads\/sites\/39\/2022\/07\/cropped-LP-official-merch-copia-600x322-1.png","width":600,"height":322,"caption":"Laura4u"},"image":{"@id":"https:\/\/laura4u.aboama.com\/es\/#\/schema\/logo\/image\/"}}]}},"_links":{"self":[{"href":"https:\/\/laura4u.aboama.com\/es\/wp-json\/wp\/v2\/product\/41308","targetHints":{"allow":["GET"]}}],"collection":[{"href":"https:\/\/laura4u.aboama.com\/es\/wp-json\/wp\/v2\/product"}],"about":[{"href":"https:\/\/laura4u.aboama.com\/es\/wp-json\/wp\/v2\/types\/product"}],"wp:featuredmedia":[{"embeddable":true,"href":"https:\/\/laura4u.aboama.com\/es\/wp-json\/wp\/v2\/media\/41333"}],"wp:attachment":[{"href":"https:\/\/laura4u.aboama.com\/es\/wp-json\/wp\/v2\/media?parent=41308"}],"wp:term":[{"taxonomy":"product_brand","embeddable":true,"href":"https:\/\/laura4u.aboama.com\/es\/wp-json\/wp\/v2\/product_brand?post=41308"},{"taxonomy":"product_cat","embeddable":true,"href":"https:\/\/laura4u.aboama.com\/es\/wp-json\/wp\/v2\/product_cat?post=41308"},{"taxonomy":"product_tag","embeddable":true,"href":"https:\/\/laura4u.aboama.com\/es\/wp-json\/wp\/v2\/product_tag?post=41308"}],"curies":[{"name":"wp","href":"https:\/\/api.w.org\/{rel}","templated":true}]}}