{"id":37739,"date":"2022-07-23T16:13:23","date_gmt":"2022-07-23T14:13:23","guid":{"rendered":"https:\/\/laura4u.aboama.com\/prodotto\/io-si-camiseta-de-hombre-bordada\/"},"modified":"2022-07-23T16:13:23","modified_gmt":"2022-07-23T14:13:23","slug":"i-tshirt-man-embroked","status":"publish","type":"product","link":"https:\/\/laura4u.aboama.com\/es\/prodotto\/i-tshirt-man-embroked\/","title":{"rendered":"IO SI &#8211; Camiseta de hombre bordada"},"content":{"rendered":"<table class=\"alignleft\" border=\"1\">\n<tbody>\n<tr>\n<td>Tama\u00f1o<\/td>\n<td>S<\/td>\n<td>M<\/td>\n<td>L<\/td>\n<td>XL<\/td>\n<td>2XL<\/td>\n<\/tr>\n<tr>\n<td>Altura<\/td>\n<td>68 cm<\/td>\n<td>70 cm<\/td>\n<td>73 cm<\/td>\n<td>75 cm<\/td>\n<td>78 cm<\/td>\n<\/tr>\n<tr>\n<td>Anchura<\/td>\n<td>48 cm<\/td>\n<td>51 cm<\/td>\n<td>54 cm<\/td>\n<td>57 cm<\/td>\n<td>59 cm<\/td>\n<\/tr>\n<\/tbody>\n<\/table>\n<p><strong>CLASSIC FIT (peso del tejido 160g\/m2)<\/strong><\/p>\n<p>100% algod\u00f3n, hilado en anillo (single jersey), cuello el\u00e1stico de canal\u00e9 fino 1&#215;1, cinta del cuello en contraste, doble costura en las mangas y en el dobladillo inferior, costuras laterales, corte moderno.<\/p>\n<p>&nbsp;<\/p>\n","protected":false},"excerpt":{"rendered":"<p>Anverso: IO SI y Amuleto escrito en bordado.<br \/>\nReverso: Aut\u00f3grafo de Laura con coraz\u00f3n bordado al final.<\/p>\n<p>Dimensiones del bordado:<br \/>\nEscritura IO SI: altura 27 cm, anchura 9 cm<br \/>\nAmuleto: di\u00e1metro 6cm<br \/>\nAut\u00f3grafo de Laura con coraz\u00f3n final: ancho 10cm<\/p>\n<p>CAMISETA con una confecci\u00f3n exclusiva y extremadamente delicada: l\u00e1vela s\u00f3lo a mano y tr\u00e1tela con el m\u00e1ximo cuidado.<\/p>\n","protected":false},"featured_media":33234,"template":"","meta":[],"product_brand":[],"product_cat":[213,153],"product_tag":[],"class_list":{"0":"post-37739","1":"product","2":"type-product","3":"status-publish","4":"has-post-thumbnail","6":"product_cat-hombre","7":"product_cat-io-si-es","9":"first","10":"instock","11":"taxable","12":"shipping-taxable","13":"purchasable","14":"product-type-variable","15":"has-default-attributes"},"yoast_head":"<!-- This site is optimized with the Yoast SEO plugin v27.3 - https:\/\/yoast.com\/product\/yoast-seo-wordpress\/ -->\n<title>IO SI - Camiseta de hombre bordada - Laura4u<\/title>\n<meta name=\"robots\" content=\"index, follow, max-snippet:-1, max-image-preview:large, max-video-preview:-1\" \/>\n<link rel=\"canonical\" href=\"https:\/\/laura4u.aboama.com\/prodotto\/io-si-camiseta-de-hombre-bordada\/\" \/>\n<meta property=\"og:locale\" content=\"es_ES\" \/>\n<meta property=\"og:type\" content=\"article\" \/>\n<meta property=\"og:title\" content=\"IO SI - Camiseta de hombre bordada - Laura4u\" \/>\n<meta property=\"og:description\" content=\"Anverso: IO SI y Amuleto escrito en bordado. Reverso: Aut\u00f3grafo de Laura con coraz\u00f3n bordado al final. Dimensiones del bordado: Escritura IO SI: altura 27 cm, anchura 9 cm Amuleto: di\u00e1metro 6cm Aut\u00f3grafo de Laura con coraz\u00f3n final: ancho 10cm CAMISETA con una confecci\u00f3n exclusiva y extremadamente delicada: l\u00e1vela s\u00f3lo a mano y tr\u00e1tela con el m\u00e1ximo cuidado.\" \/>\n<meta property=\"og:url\" content=\"https:\/\/laura4u.aboama.com\/prodotto\/io-si-camiseta-de-hombre-bordada\/\" \/>\n<meta property=\"og:site_name\" content=\"Laura4u\" \/>\n<meta name=\"twitter:card\" content=\"summary_large_image\" \/>\n<script type=\"application\/ld+json\" class=\"yoast-schema-graph\">{\"@context\":\"https:\\\/\\\/schema.org\",\"@graph\":[{\"@type\":\"WebPage\",\"@id\":\"https:\\\/\\\/laura4u.aboama.com\\\/prodotto\\\/io-si-camiseta-de-hombre-bordada\\\/\",\"url\":\"https:\\\/\\\/laura4u.aboama.com\\\/prodotto\\\/io-si-camiseta-de-hombre-bordada\\\/\",\"name\":\"IO SI - Camiseta de hombre bordada - Laura4u\",\"isPartOf\":{\"@id\":\"https:\\\/\\\/laura4u.aboama.com\\\/#website\"},\"primaryImageOfPage\":{\"@id\":\"https:\\\/\\\/laura4u.aboama.com\\\/prodotto\\\/io-si-camiseta-de-hombre-bordada\\\/#primaryimage\"},\"image\":{\"@id\":\"https:\\\/\\\/laura4u.aboama.com\\\/prodotto\\\/io-si-camiseta-de-hombre-bordada\\\/#primaryimage\"},\"thumbnailUrl\":\"https:\\\/\\\/laura4u.aboama.com\\\/wp-content\\\/uploads\\\/sites\\\/39\\\/2022\\\/07\\\/shirt-uomo-nera-fronte.jpg\",\"datePublished\":\"2022-07-23T14:13:23+00:00\",\"breadcrumb\":{\"@id\":\"https:\\\/\\\/laura4u.aboama.com\\\/prodotto\\\/io-si-camiseta-de-hombre-bordada\\\/#breadcrumb\"},\"inLanguage\":\"es\",\"potentialAction\":[{\"@type\":\"ReadAction\",\"target\":[\"https:\\\/\\\/laura4u.aboama.com\\\/prodotto\\\/io-si-camiseta-de-hombre-bordada\\\/\"]}]},{\"@type\":\"ImageObject\",\"inLanguage\":\"es\",\"@id\":\"https:\\\/\\\/laura4u.aboama.com\\\/prodotto\\\/io-si-camiseta-de-hombre-bordada\\\/#primaryimage\",\"url\":\"https:\\\/\\\/laura4u.aboama.com\\\/wp-content\\\/uploads\\\/sites\\\/39\\\/2022\\\/07\\\/shirt-uomo-nera-fronte.jpg\",\"contentUrl\":\"https:\\\/\\\/laura4u.aboama.com\\\/wp-content\\\/uploads\\\/sites\\\/39\\\/2022\\\/07\\\/shirt-uomo-nera-fronte.jpg\",\"width\":1500,\"height\":1500},{\"@type\":\"BreadcrumbList\",\"@id\":\"https:\\\/\\\/laura4u.aboama.com\\\/prodotto\\\/io-si-camiseta-de-hombre-bordada\\\/#breadcrumb\",\"itemListElement\":[{\"@type\":\"ListItem\",\"position\":1,\"name\":\"Home\",\"item\":\"https:\\\/\\\/laura4u.aboama.com\\\/es\\\/pagina-di-esempio\\\/\"},{\"@type\":\"ListItem\",\"position\":2,\"name\":\"Shop\",\"item\":\"https:\\\/\\\/laura4u.aboama.com\\\/negozio\\\/\"},{\"@type\":\"ListItem\",\"position\":3,\"name\":\"IO SI &#8211; Camiseta de hombre bordada\"}]},{\"@type\":\"WebSite\",\"@id\":\"https:\\\/\\\/laura4u.aboama.com\\\/#website\",\"url\":\"https:\\\/\\\/laura4u.aboama.com\\\/\",\"name\":\"Laura4u\",\"description\":\"Ink Printed In Italy\",\"publisher\":{\"@id\":\"https:\\\/\\\/laura4u.aboama.com\\\/#organization\"},\"potentialAction\":[{\"@type\":\"SearchAction\",\"target\":{\"@type\":\"EntryPoint\",\"urlTemplate\":\"https:\\\/\\\/laura4u.aboama.com\\\/?s={search_term_string}\"},\"query-input\":{\"@type\":\"PropertyValueSpecification\",\"valueRequired\":true,\"valueName\":\"search_term_string\"}}],\"inLanguage\":\"es\"},{\"@type\":\"Organization\",\"@id\":\"https:\\\/\\\/laura4u.aboama.com\\\/#organization\",\"name\":\"Laura4u\",\"url\":\"https:\\\/\\\/laura4u.aboama.com\\\/\",\"logo\":{\"@type\":\"ImageObject\",\"inLanguage\":\"es\",\"@id\":\"https:\\\/\\\/laura4u.aboama.com\\\/#\\\/schema\\\/logo\\\/image\\\/\",\"url\":\"https:\\\/\\\/laura4u.aboama.com\\\/wp-content\\\/uploads\\\/sites\\\/39\\\/2022\\\/07\\\/cropped-LP-official-merch-copia-600x322-1.png\",\"contentUrl\":\"https:\\\/\\\/laura4u.aboama.com\\\/wp-content\\\/uploads\\\/sites\\\/39\\\/2022\\\/07\\\/cropped-LP-official-merch-copia-600x322-1.png\",\"width\":600,\"height\":322,\"caption\":\"Laura4u\"},\"image\":{\"@id\":\"https:\\\/\\\/laura4u.aboama.com\\\/#\\\/schema\\\/logo\\\/image\\\/\"}}]}<\/script>\n<!-- \/ Yoast SEO plugin. -->","yoast_head_json":{"title":"IO SI - Camiseta de hombre bordada - Laura4u","robots":{"index":"index","follow":"follow","max-snippet":"max-snippet:-1","max-image-preview":"max-image-preview:large","max-video-preview":"max-video-preview:-1"},"canonical":"https:\/\/laura4u.aboama.com\/prodotto\/io-si-camiseta-de-hombre-bordada\/","og_locale":"es_ES","og_type":"article","og_title":"IO SI - Camiseta de hombre bordada - Laura4u","og_description":"Anverso: IO SI y Amuleto escrito en bordado. Reverso: Aut\u00f3grafo de Laura con coraz\u00f3n bordado al final. Dimensiones del bordado: Escritura IO SI: altura 27 cm, anchura 9 cm Amuleto: di\u00e1metro 6cm Aut\u00f3grafo de Laura con coraz\u00f3n final: ancho 10cm CAMISETA con una confecci\u00f3n exclusiva y extremadamente delicada: l\u00e1vela s\u00f3lo a mano y tr\u00e1tela con el m\u00e1ximo cuidado.","og_url":"https:\/\/laura4u.aboama.com\/prodotto\/io-si-camiseta-de-hombre-bordada\/","og_site_name":"Laura4u","twitter_card":"summary_large_image","schema":{"@context":"https:\/\/schema.org","@graph":[{"@type":"WebPage","@id":"https:\/\/laura4u.aboama.com\/prodotto\/io-si-camiseta-de-hombre-bordada\/","url":"https:\/\/laura4u.aboama.com\/prodotto\/io-si-camiseta-de-hombre-bordada\/","name":"IO SI - Camiseta de hombre bordada - Laura4u","isPartOf":{"@id":"https:\/\/laura4u.aboama.com\/#website"},"primaryImageOfPage":{"@id":"https:\/\/laura4u.aboama.com\/prodotto\/io-si-camiseta-de-hombre-bordada\/#primaryimage"},"image":{"@id":"https:\/\/laura4u.aboama.com\/prodotto\/io-si-camiseta-de-hombre-bordada\/#primaryimage"},"thumbnailUrl":"https:\/\/laura4u.aboama.com\/wp-content\/uploads\/sites\/39\/2022\/07\/shirt-uomo-nera-fronte.jpg","datePublished":"2022-07-23T14:13:23+00:00","breadcrumb":{"@id":"https:\/\/laura4u.aboama.com\/prodotto\/io-si-camiseta-de-hombre-bordada\/#breadcrumb"},"inLanguage":"es","potentialAction":[{"@type":"ReadAction","target":["https:\/\/laura4u.aboama.com\/prodotto\/io-si-camiseta-de-hombre-bordada\/"]}]},{"@type":"ImageObject","inLanguage":"es","@id":"https:\/\/laura4u.aboama.com\/prodotto\/io-si-camiseta-de-hombre-bordada\/#primaryimage","url":"https:\/\/laura4u.aboama.com\/wp-content\/uploads\/sites\/39\/2022\/07\/shirt-uomo-nera-fronte.jpg","contentUrl":"https:\/\/laura4u.aboama.com\/wp-content\/uploads\/sites\/39\/2022\/07\/shirt-uomo-nera-fronte.jpg","width":1500,"height":1500},{"@type":"BreadcrumbList","@id":"https:\/\/laura4u.aboama.com\/prodotto\/io-si-camiseta-de-hombre-bordada\/#breadcrumb","itemListElement":[{"@type":"ListItem","position":1,"name":"Home","item":"https:\/\/laura4u.aboama.com\/es\/pagina-di-esempio\/"},{"@type":"ListItem","position":2,"name":"Shop","item":"https:\/\/laura4u.aboama.com\/negozio\/"},{"@type":"ListItem","position":3,"name":"IO SI &#8211; Camiseta de hombre bordada"}]},{"@type":"WebSite","@id":"https:\/\/laura4u.aboama.com\/#website","url":"https:\/\/laura4u.aboama.com\/","name":"Laura4u","description":"Ink Printed In Italy","publisher":{"@id":"https:\/\/laura4u.aboama.com\/#organization"},"potentialAction":[{"@type":"SearchAction","target":{"@type":"EntryPoint","urlTemplate":"https:\/\/laura4u.aboama.com\/?s={search_term_string}"},"query-input":{"@type":"PropertyValueSpecification","valueRequired":true,"valueName":"search_term_string"}}],"inLanguage":"es"},{"@type":"Organization","@id":"https:\/\/laura4u.aboama.com\/#organization","name":"Laura4u","url":"https:\/\/laura4u.aboama.com\/","logo":{"@type":"ImageObject","inLanguage":"es","@id":"https:\/\/laura4u.aboama.com\/#\/schema\/logo\/image\/","url":"https:\/\/laura4u.aboama.com\/wp-content\/uploads\/sites\/39\/2022\/07\/cropped-LP-official-merch-copia-600x322-1.png","contentUrl":"https:\/\/laura4u.aboama.com\/wp-content\/uploads\/sites\/39\/2022\/07\/cropped-LP-official-merch-copia-600x322-1.png","width":600,"height":322,"caption":"Laura4u"},"image":{"@id":"https:\/\/laura4u.aboama.com\/#\/schema\/logo\/image\/"}}]}},"_links":{"self":[{"href":"https:\/\/laura4u.aboama.com\/es\/wp-json\/wp\/v2\/product\/37739","targetHints":{"allow":["GET"]}}],"collection":[{"href":"https:\/\/laura4u.aboama.com\/es\/wp-json\/wp\/v2\/product"}],"about":[{"href":"https:\/\/laura4u.aboama.com\/es\/wp-json\/wp\/v2\/types\/product"}],"wp:featuredmedia":[{"embeddable":true,"href":"https:\/\/laura4u.aboama.com\/es\/wp-json\/wp\/v2\/media\/33234"}],"wp:attachment":[{"href":"https:\/\/laura4u.aboama.com\/es\/wp-json\/wp\/v2\/media?parent=37739"}],"wp:term":[{"taxonomy":"product_brand","embeddable":true,"href":"https:\/\/laura4u.aboama.com\/es\/wp-json\/wp\/v2\/product_brand?post=37739"},{"taxonomy":"product_cat","embeddable":true,"href":"https:\/\/laura4u.aboama.com\/es\/wp-json\/wp\/v2\/product_cat?post=37739"},{"taxonomy":"product_tag","embeddable":true,"href":"https:\/\/laura4u.aboama.com\/es\/wp-json\/wp\/v2\/product_tag?post=37739"}],"curies":[{"name":"wp","href":"https:\/\/api.w.org\/{rel}","templated":true}]}}