{"id":37529,"date":"2022-07-23T16:09:16","date_gmt":"2022-07-23T14:09:16","guid":{"rendered":"https:\/\/laura4u.aboama.com\/prodotto\/spring-in-advance-camiseta-de-mujer\/"},"modified":"2022-07-23T16:09:16","modified_gmt":"2022-07-23T14:09:16","slug":"primavera-en-anticipacion-camisa-mujer","status":"publish","type":"product","link":"https:\/\/laura4u.aboama.com\/es\/prodotto\/primavera-en-anticipacion-camisa-mujer\/","title":{"rendered":"SPRING IN ADVANCE &#8211; Camiseta de mujer"},"content":{"rendered":"<table class=\"alignleft\" border=\"1\">\n<tbody>\n<tr>\n<td style=\"text-align: left;\">Tama\u00f1o<\/td>\n<td>S<\/td>\n<td>M<\/td>\n<td>L<\/td>\n<td>XL<\/td>\n<\/tr>\n<tr>\n<td style=\"text-align: left;\">Altura MUJER<\/td>\n<td>60 cm<\/td>\n<td>62,5 cm<\/td>\n<td>65 cm<\/td>\n<td>67,5 cm<\/td>\n<\/tr>\n<tr>\n<td style=\"text-align: left;\">Anchura de la mujer<\/td>\n<td>42 cm<\/td>\n<td>46 cm<\/td>\n<td>49 cm<\/td>\n<td>51 cm<\/td>\n<\/tr>\n<\/tbody>\n<\/table>\n<p><strong>CLASSIC FIT (peso del tejido 160g\/m2)<\/strong><\/p>\n<p>100% algod\u00f3n, hilado en anillo (single jersey), cuello el\u00e1stico de canal\u00e9 fino 1&#215;1, cinta del cuello en contraste, doble costura en las mangas y en el dobladillo inferior, costuras laterales, corte moderno.<\/p>\n","protected":false},"excerpt":{"rendered":"<p>Estampado por delante, bordado por detr\u00e1s.<\/p>\n","protected":false},"featured_media":32790,"template":"","meta":[],"product_brand":[],"product_cat":[145,197],"product_tag":[],"class_list":{"0":"post-37529","1":"product","2":"type-product","3":"status-publish","4":"has-post-thumbnail","6":"product_cat-mujer","7":"product_cat-spring-collection-es","9":"first","10":"instock","11":"taxable","12":"shipping-taxable","13":"purchasable","14":"product-type-variable","15":"has-default-attributes"},"yoast_head":"<!-- This site is optimized with the Yoast SEO plugin v27.3 - https:\/\/yoast.com\/product\/yoast-seo-wordpress\/ -->\n<title>SPRING IN ADVANCE - Camiseta de mujer - Laura4u<\/title>\n<meta name=\"robots\" content=\"index, follow, max-snippet:-1, max-image-preview:large, max-video-preview:-1\" \/>\n<link rel=\"canonical\" href=\"https:\/\/laura4u.aboama.com\/es\/prodotto\/primavera-en-anticipacion-camisa-mujer\/\" \/>\n<meta property=\"og:locale\" content=\"es_ES\" \/>\n<meta property=\"og:type\" content=\"article\" \/>\n<meta property=\"og:title\" content=\"SPRING IN ADVANCE - Camiseta de mujer - Laura4u\" \/>\n<meta property=\"og:description\" content=\"Estampado por delante, bordado por detr\u00e1s.\" \/>\n<meta property=\"og:url\" content=\"https:\/\/laura4u.aboama.com\/es\/prodotto\/primavera-en-anticipacion-camisa-mujer\/\" \/>\n<meta property=\"og:site_name\" content=\"Laura4u\" \/>\n<meta name=\"twitter:card\" content=\"summary_large_image\" \/>\n<script type=\"application\/ld+json\" class=\"yoast-schema-graph\">{\"@context\":\"https:\\\/\\\/schema.org\",\"@graph\":[{\"@type\":\"WebPage\",\"@id\":\"https:\\\/\\\/laura4u.aboama.com\\\/es\\\/prodotto\\\/primavera-en-anticipacion-camisa-mujer\\\/\",\"url\":\"https:\\\/\\\/laura4u.aboama.com\\\/es\\\/prodotto\\\/primavera-en-anticipacion-camisa-mujer\\\/\",\"name\":\"SPRING IN ADVANCE - Camiseta de mujer - Laura4u\",\"isPartOf\":{\"@id\":\"https:\\\/\\\/laura4u.aboama.com\\\/es\\\/#website\"},\"primaryImageOfPage\":{\"@id\":\"https:\\\/\\\/laura4u.aboama.com\\\/es\\\/prodotto\\\/primavera-en-anticipacion-camisa-mujer\\\/#primaryimage\"},\"image\":{\"@id\":\"https:\\\/\\\/laura4u.aboama.com\\\/es\\\/prodotto\\\/primavera-en-anticipacion-camisa-mujer\\\/#primaryimage\"},\"thumbnailUrl\":\"https:\\\/\\\/laura4u.aboama.com\\\/wp-content\\\/uploads\\\/sites\\\/39\\\/2022\\\/07\\\/it_donna_magenta.jpg\",\"datePublished\":\"2022-07-23T14:09:16+00:00\",\"breadcrumb\":{\"@id\":\"https:\\\/\\\/laura4u.aboama.com\\\/es\\\/prodotto\\\/primavera-en-anticipacion-camisa-mujer\\\/#breadcrumb\"},\"inLanguage\":\"es\",\"potentialAction\":[{\"@type\":\"ReadAction\",\"target\":[\"https:\\\/\\\/laura4u.aboama.com\\\/es\\\/prodotto\\\/primavera-en-anticipacion-camisa-mujer\\\/\"]}]},{\"@type\":\"ImageObject\",\"inLanguage\":\"es\",\"@id\":\"https:\\\/\\\/laura4u.aboama.com\\\/es\\\/prodotto\\\/primavera-en-anticipacion-camisa-mujer\\\/#primaryimage\",\"url\":\"https:\\\/\\\/laura4u.aboama.com\\\/wp-content\\\/uploads\\\/sites\\\/39\\\/2022\\\/07\\\/it_donna_magenta.jpg\",\"contentUrl\":\"https:\\\/\\\/laura4u.aboama.com\\\/wp-content\\\/uploads\\\/sites\\\/39\\\/2022\\\/07\\\/it_donna_magenta.jpg\",\"width\":2000,\"height\":2000},{\"@type\":\"BreadcrumbList\",\"@id\":\"https:\\\/\\\/laura4u.aboama.com\\\/es\\\/prodotto\\\/primavera-en-anticipacion-camisa-mujer\\\/#breadcrumb\",\"itemListElement\":[{\"@type\":\"ListItem\",\"position\":1,\"name\":\"Home\",\"item\":\"https:\\\/\\\/laura4u.aboama.com\\\/es\\\/pagina-di-esempio\\\/\"},{\"@type\":\"ListItem\",\"position\":2,\"name\":\"Tienda\",\"item\":\"https:\\\/\\\/laura4u.aboama.com\\\/es\\\/tienda\\\/\"},{\"@type\":\"ListItem\",\"position\":3,\"name\":\"SPRING IN ADVANCE &#8211; Camiseta de mujer\"}]},{\"@type\":\"WebSite\",\"@id\":\"https:\\\/\\\/laura4u.aboama.com\\\/es\\\/#website\",\"url\":\"https:\\\/\\\/laura4u.aboama.com\\\/es\\\/\",\"name\":\"Laura4u\",\"description\":\"Ink Printed In Italy\",\"publisher\":{\"@id\":\"https:\\\/\\\/laura4u.aboama.com\\\/es\\\/#organization\"},\"potentialAction\":[{\"@type\":\"SearchAction\",\"target\":{\"@type\":\"EntryPoint\",\"urlTemplate\":\"https:\\\/\\\/laura4u.aboama.com\\\/es\\\/?s={search_term_string}\"},\"query-input\":{\"@type\":\"PropertyValueSpecification\",\"valueRequired\":true,\"valueName\":\"search_term_string\"}}],\"inLanguage\":\"es\"},{\"@type\":\"Organization\",\"@id\":\"https:\\\/\\\/laura4u.aboama.com\\\/es\\\/#organization\",\"name\":\"Laura4u\",\"url\":\"https:\\\/\\\/laura4u.aboama.com\\\/es\\\/\",\"logo\":{\"@type\":\"ImageObject\",\"inLanguage\":\"es\",\"@id\":\"https:\\\/\\\/laura4u.aboama.com\\\/es\\\/#\\\/schema\\\/logo\\\/image\\\/\",\"url\":\"https:\\\/\\\/laura4u.aboama.com\\\/wp-content\\\/uploads\\\/sites\\\/39\\\/2022\\\/07\\\/cropped-LP-official-merch-copia-600x322-1.png\",\"contentUrl\":\"https:\\\/\\\/laura4u.aboama.com\\\/wp-content\\\/uploads\\\/sites\\\/39\\\/2022\\\/07\\\/cropped-LP-official-merch-copia-600x322-1.png\",\"width\":600,\"height\":322,\"caption\":\"Laura4u\"},\"image\":{\"@id\":\"https:\\\/\\\/laura4u.aboama.com\\\/es\\\/#\\\/schema\\\/logo\\\/image\\\/\"}}]}<\/script>\n<!-- \/ Yoast SEO plugin. -->","yoast_head_json":{"title":"SPRING IN ADVANCE - Camiseta de mujer - Laura4u","robots":{"index":"index","follow":"follow","max-snippet":"max-snippet:-1","max-image-preview":"max-image-preview:large","max-video-preview":"max-video-preview:-1"},"canonical":"https:\/\/laura4u.aboama.com\/es\/prodotto\/primavera-en-anticipacion-camisa-mujer\/","og_locale":"es_ES","og_type":"article","og_title":"SPRING IN ADVANCE - Camiseta de mujer - Laura4u","og_description":"Estampado por delante, bordado por detr\u00e1s.","og_url":"https:\/\/laura4u.aboama.com\/es\/prodotto\/primavera-en-anticipacion-camisa-mujer\/","og_site_name":"Laura4u","twitter_card":"summary_large_image","schema":{"@context":"https:\/\/schema.org","@graph":[{"@type":"WebPage","@id":"https:\/\/laura4u.aboama.com\/es\/prodotto\/primavera-en-anticipacion-camisa-mujer\/","url":"https:\/\/laura4u.aboama.com\/es\/prodotto\/primavera-en-anticipacion-camisa-mujer\/","name":"SPRING IN ADVANCE - Camiseta de mujer - Laura4u","isPartOf":{"@id":"https:\/\/laura4u.aboama.com\/es\/#website"},"primaryImageOfPage":{"@id":"https:\/\/laura4u.aboama.com\/es\/prodotto\/primavera-en-anticipacion-camisa-mujer\/#primaryimage"},"image":{"@id":"https:\/\/laura4u.aboama.com\/es\/prodotto\/primavera-en-anticipacion-camisa-mujer\/#primaryimage"},"thumbnailUrl":"https:\/\/laura4u.aboama.com\/wp-content\/uploads\/sites\/39\/2022\/07\/it_donna_magenta.jpg","datePublished":"2022-07-23T14:09:16+00:00","breadcrumb":{"@id":"https:\/\/laura4u.aboama.com\/es\/prodotto\/primavera-en-anticipacion-camisa-mujer\/#breadcrumb"},"inLanguage":"es","potentialAction":[{"@type":"ReadAction","target":["https:\/\/laura4u.aboama.com\/es\/prodotto\/primavera-en-anticipacion-camisa-mujer\/"]}]},{"@type":"ImageObject","inLanguage":"es","@id":"https:\/\/laura4u.aboama.com\/es\/prodotto\/primavera-en-anticipacion-camisa-mujer\/#primaryimage","url":"https:\/\/laura4u.aboama.com\/wp-content\/uploads\/sites\/39\/2022\/07\/it_donna_magenta.jpg","contentUrl":"https:\/\/laura4u.aboama.com\/wp-content\/uploads\/sites\/39\/2022\/07\/it_donna_magenta.jpg","width":2000,"height":2000},{"@type":"BreadcrumbList","@id":"https:\/\/laura4u.aboama.com\/es\/prodotto\/primavera-en-anticipacion-camisa-mujer\/#breadcrumb","itemListElement":[{"@type":"ListItem","position":1,"name":"Home","item":"https:\/\/laura4u.aboama.com\/es\/pagina-di-esempio\/"},{"@type":"ListItem","position":2,"name":"Tienda","item":"https:\/\/laura4u.aboama.com\/es\/tienda\/"},{"@type":"ListItem","position":3,"name":"SPRING IN ADVANCE &#8211; Camiseta de mujer"}]},{"@type":"WebSite","@id":"https:\/\/laura4u.aboama.com\/es\/#website","url":"https:\/\/laura4u.aboama.com\/es\/","name":"Laura4u","description":"Ink Printed In Italy","publisher":{"@id":"https:\/\/laura4u.aboama.com\/es\/#organization"},"potentialAction":[{"@type":"SearchAction","target":{"@type":"EntryPoint","urlTemplate":"https:\/\/laura4u.aboama.com\/es\/?s={search_term_string}"},"query-input":{"@type":"PropertyValueSpecification","valueRequired":true,"valueName":"search_term_string"}}],"inLanguage":"es"},{"@type":"Organization","@id":"https:\/\/laura4u.aboama.com\/es\/#organization","name":"Laura4u","url":"https:\/\/laura4u.aboama.com\/es\/","logo":{"@type":"ImageObject","inLanguage":"es","@id":"https:\/\/laura4u.aboama.com\/es\/#\/schema\/logo\/image\/","url":"https:\/\/laura4u.aboama.com\/wp-content\/uploads\/sites\/39\/2022\/07\/cropped-LP-official-merch-copia-600x322-1.png","contentUrl":"https:\/\/laura4u.aboama.com\/wp-content\/uploads\/sites\/39\/2022\/07\/cropped-LP-official-merch-copia-600x322-1.png","width":600,"height":322,"caption":"Laura4u"},"image":{"@id":"https:\/\/laura4u.aboama.com\/es\/#\/schema\/logo\/image\/"}}]}},"_links":{"self":[{"href":"https:\/\/laura4u.aboama.com\/es\/wp-json\/wp\/v2\/product\/37529","targetHints":{"allow":["GET"]}}],"collection":[{"href":"https:\/\/laura4u.aboama.com\/es\/wp-json\/wp\/v2\/product"}],"about":[{"href":"https:\/\/laura4u.aboama.com\/es\/wp-json\/wp\/v2\/types\/product"}],"wp:featuredmedia":[{"embeddable":true,"href":"https:\/\/laura4u.aboama.com\/es\/wp-json\/wp\/v2\/media\/32790"}],"wp:attachment":[{"href":"https:\/\/laura4u.aboama.com\/es\/wp-json\/wp\/v2\/media?parent=37529"}],"wp:term":[{"taxonomy":"product_brand","embeddable":true,"href":"https:\/\/laura4u.aboama.com\/es\/wp-json\/wp\/v2\/product_brand?post=37529"},{"taxonomy":"product_cat","embeddable":true,"href":"https:\/\/laura4u.aboama.com\/es\/wp-json\/wp\/v2\/product_cat?post=37529"},{"taxonomy":"product_tag","embeddable":true,"href":"https:\/\/laura4u.aboama.com\/es\/wp-json\/wp\/v2\/product_tag?post=37529"}],"curies":[{"name":"wp","href":"https:\/\/api.w.org\/{rel}","templated":true}]}}