{"id":35821,"date":"2022-07-23T16:15:27","date_gmt":"2022-07-23T14:15:27","guid":{"rendered":"https:\/\/laura4u.aboama.com\/prodotto\/box-caja-la-cubierta-coleccion\/"},"modified":"2023-12-19T16:00:41","modified_gmt":"2023-12-19T15:00:41","slug":"caja-caja-la-coleccion-de-cubierta","status":"publish","type":"product","link":"https:\/\/laura4u.aboama.com\/es\/prodotto\/caja-caja-la-coleccion-de-cubierta\/","title":{"rendered":"BOX\/CAJA &#8211; LA CUBIERTA &#8211; Colecci\u00f3n"},"content":{"rendered":"<p><strong>CAMISETA<\/strong><\/p>\n<table class=\"alignleft\" border=\"1\">\n<tbody>\n<tr>\n<td>Tama\u00f1o<\/td>\n<td>S<\/td>\n<td>M<\/td>\n<td>L<\/td>\n<td>XL<\/td>\n<td>2XL<\/td>\n<\/tr>\n<tr>\n<td>Altura<\/td>\n<td>68 cm<\/td>\n<td>70 cm<\/td>\n<td>73 cm<\/td>\n<td>75 cm<\/td>\n<td>78 cm<\/td>\n<\/tr>\n<tr>\n<td>Anchura<\/td>\n<td>48 cm<\/td>\n<td>51 cm<\/td>\n<td>54 cm<\/td>\n<td>57 cm<\/td>\n<td>59 cm<\/td>\n<\/tr>\n<\/tbody>\n<\/table>\n<p><strong>CLASSIC FIT (peso del tejido 160g\/m2)<\/strong><br \/>\n100% algod\u00f3n, camiseta de cuello redondo, manga corta, estructura tubular.<\/p>\n<p>&nbsp;<\/p>\n<p>&nbsp;<\/p>\n<p><strong>GYMSAC<\/strong><br \/>\n100% algod\u00f3n. Bolsa con cord\u00f3n en contraste. Dimensiones: 36 x 46 cm, capacidad de 12 litros<\/p>\n","protected":false},"excerpt":{"rendered":"<p><strong>Estuche, personalizado con impresi\u00f3n UV<\/strong><\/p>\n<p>Contiene:<br \/>\nCaja de <strong>Mini Carteles<\/strong><br \/>\n<strong>Camiseta oficial<\/strong> SCATOLA\/CAJA &#8211; La portada (impresi\u00f3n disponible alternativamente en blanco y negro, en color, con el reverso en italiano o espa\u00f1ol)<br \/>\n<strong>Gymsac<\/strong> <strong>oficial <\/strong>(impresi\u00f3n disponible alternativamente en blanco y negro o en color)<\/p>\n","protected":false},"featured_media":33918,"template":"","meta":[],"product_brand":[],"product_cat":[185],"product_tag":[],"class_list":{"0":"post-35821","1":"product","2":"type-product","3":"status-publish","4":"has-post-thumbnail","6":"product_cat-scatola-caja-collection-es","8":"first","9":"instock","10":"taxable","11":"shipping-taxable","12":"purchasable","13":"product-type-variable"},"yoast_head":"<!-- This site is optimized with the Yoast SEO plugin v27.3 - https:\/\/yoast.com\/product\/yoast-seo-wordpress\/ -->\n<title>BOX\/CAJA - LA CUBIERTA - Colecci\u00f3n - Laura4u<\/title>\n<meta name=\"robots\" content=\"index, follow, max-snippet:-1, max-image-preview:large, max-video-preview:-1\" \/>\n<link rel=\"canonical\" href=\"https:\/\/laura4u.aboama.com\/es\/prodotto\/caja-caja-la-coleccion-de-cubierta\/\" \/>\n<meta property=\"og:locale\" content=\"es_ES\" \/>\n<meta property=\"og:type\" content=\"article\" \/>\n<meta property=\"og:title\" content=\"BOX\/CAJA - LA CUBIERTA - Colecci\u00f3n - Laura4u\" \/>\n<meta property=\"og:description\" content=\"Estuche, personalizado con impresi\u00f3n UV Contiene: Caja de Mini Carteles Camiseta oficial SCATOLA\/CAJA - La portada (impresi\u00f3n disponible alternativamente en blanco y negro, en color, con el reverso en italiano o espa\u00f1ol) Gymsac oficial (impresi\u00f3n disponible alternativamente en blanco y negro o en color)\" \/>\n<meta property=\"og:url\" content=\"https:\/\/laura4u.aboama.com\/es\/prodotto\/caja-caja-la-coleccion-de-cubierta\/\" \/>\n<meta property=\"og:site_name\" content=\"Laura4u\" \/>\n<meta property=\"article:modified_time\" content=\"2023-12-19T15:00:41+00:00\" \/>\n<meta property=\"og:image\" content=\"https:\/\/laura4u.aboama.com\/wp-content\/uploads\/sites\/39\/2022\/07\/LP.jpg\" \/>\n\t<meta property=\"og:image:width\" content=\"1024\" \/>\n\t<meta property=\"og:image:height\" content=\"1024\" \/>\n\t<meta property=\"og:image:type\" content=\"image\/jpeg\" \/>\n<meta name=\"twitter:card\" content=\"summary_large_image\" \/>\n<script type=\"application\/ld+json\" class=\"yoast-schema-graph\">{\"@context\":\"https:\\\/\\\/schema.org\",\"@graph\":[{\"@type\":\"WebPage\",\"@id\":\"https:\\\/\\\/laura4u.aboama.com\\\/es\\\/prodotto\\\/caja-caja-la-coleccion-de-cubierta\\\/\",\"url\":\"https:\\\/\\\/laura4u.aboama.com\\\/es\\\/prodotto\\\/caja-caja-la-coleccion-de-cubierta\\\/\",\"name\":\"BOX\\\/CAJA - LA CUBIERTA - Colecci\u00f3n - Laura4u\",\"isPartOf\":{\"@id\":\"https:\\\/\\\/laura4u.aboama.com\\\/#website\"},\"primaryImageOfPage\":{\"@id\":\"https:\\\/\\\/laura4u.aboama.com\\\/es\\\/prodotto\\\/caja-caja-la-coleccion-de-cubierta\\\/#primaryimage\"},\"image\":{\"@id\":\"https:\\\/\\\/laura4u.aboama.com\\\/es\\\/prodotto\\\/caja-caja-la-coleccion-de-cubierta\\\/#primaryimage\"},\"thumbnailUrl\":\"https:\\\/\\\/laura4u.aboama.com\\\/wp-content\\\/uploads\\\/sites\\\/39\\\/2022\\\/07\\\/LP.jpg\",\"datePublished\":\"2022-07-23T14:15:27+00:00\",\"dateModified\":\"2023-12-19T15:00:41+00:00\",\"breadcrumb\":{\"@id\":\"https:\\\/\\\/laura4u.aboama.com\\\/es\\\/prodotto\\\/caja-caja-la-coleccion-de-cubierta\\\/#breadcrumb\"},\"inLanguage\":\"es\",\"potentialAction\":[{\"@type\":\"ReadAction\",\"target\":[\"https:\\\/\\\/laura4u.aboama.com\\\/es\\\/prodotto\\\/caja-caja-la-coleccion-de-cubierta\\\/\"]}]},{\"@type\":\"ImageObject\",\"inLanguage\":\"es\",\"@id\":\"https:\\\/\\\/laura4u.aboama.com\\\/es\\\/prodotto\\\/caja-caja-la-coleccion-de-cubierta\\\/#primaryimage\",\"url\":\"https:\\\/\\\/laura4u.aboama.com\\\/wp-content\\\/uploads\\\/sites\\\/39\\\/2022\\\/07\\\/LP.jpg\",\"contentUrl\":\"https:\\\/\\\/laura4u.aboama.com\\\/wp-content\\\/uploads\\\/sites\\\/39\\\/2022\\\/07\\\/LP.jpg\",\"width\":1024,\"height\":1024},{\"@type\":\"BreadcrumbList\",\"@id\":\"https:\\\/\\\/laura4u.aboama.com\\\/es\\\/prodotto\\\/caja-caja-la-coleccion-de-cubierta\\\/#breadcrumb\",\"itemListElement\":[{\"@type\":\"ListItem\",\"position\":1,\"name\":\"Home\",\"item\":\"https:\\\/\\\/laura4u.aboama.com\\\/es\\\/pagina-di-esempio\\\/\"},{\"@type\":\"ListItem\",\"position\":2,\"name\":\"Shop\",\"item\":\"https:\\\/\\\/laura4u.aboama.com\\\/negozio\\\/\"},{\"@type\":\"ListItem\",\"position\":3,\"name\":\"BOX\\\/CAJA &#8211; LA CUBIERTA &#8211; Colecci\u00f3n\"}]},{\"@type\":\"WebSite\",\"@id\":\"https:\\\/\\\/laura4u.aboama.com\\\/#website\",\"url\":\"https:\\\/\\\/laura4u.aboama.com\\\/\",\"name\":\"Laura4u\",\"description\":\"Ink Printed In Italy\",\"publisher\":{\"@id\":\"https:\\\/\\\/laura4u.aboama.com\\\/#organization\"},\"potentialAction\":[{\"@type\":\"SearchAction\",\"target\":{\"@type\":\"EntryPoint\",\"urlTemplate\":\"https:\\\/\\\/laura4u.aboama.com\\\/?s={search_term_string}\"},\"query-input\":{\"@type\":\"PropertyValueSpecification\",\"valueRequired\":true,\"valueName\":\"search_term_string\"}}],\"inLanguage\":\"es\"},{\"@type\":\"Organization\",\"@id\":\"https:\\\/\\\/laura4u.aboama.com\\\/#organization\",\"name\":\"Laura4u\",\"url\":\"https:\\\/\\\/laura4u.aboama.com\\\/\",\"logo\":{\"@type\":\"ImageObject\",\"inLanguage\":\"es\",\"@id\":\"https:\\\/\\\/laura4u.aboama.com\\\/#\\\/schema\\\/logo\\\/image\\\/\",\"url\":\"https:\\\/\\\/laura4u.aboama.com\\\/wp-content\\\/uploads\\\/sites\\\/39\\\/2022\\\/07\\\/cropped-LP-official-merch-copia-600x322-1.png\",\"contentUrl\":\"https:\\\/\\\/laura4u.aboama.com\\\/wp-content\\\/uploads\\\/sites\\\/39\\\/2022\\\/07\\\/cropped-LP-official-merch-copia-600x322-1.png\",\"width\":600,\"height\":322,\"caption\":\"Laura4u\"},\"image\":{\"@id\":\"https:\\\/\\\/laura4u.aboama.com\\\/#\\\/schema\\\/logo\\\/image\\\/\"}}]}<\/script>\n<!-- \/ Yoast SEO plugin. -->","yoast_head_json":{"title":"BOX\/CAJA - LA CUBIERTA - Colecci\u00f3n - Laura4u","robots":{"index":"index","follow":"follow","max-snippet":"max-snippet:-1","max-image-preview":"max-image-preview:large","max-video-preview":"max-video-preview:-1"},"canonical":"https:\/\/laura4u.aboama.com\/es\/prodotto\/caja-caja-la-coleccion-de-cubierta\/","og_locale":"es_ES","og_type":"article","og_title":"BOX\/CAJA - LA CUBIERTA - Colecci\u00f3n - Laura4u","og_description":"Estuche, personalizado con impresi\u00f3n UV Contiene: Caja de Mini Carteles Camiseta oficial SCATOLA\/CAJA - La portada (impresi\u00f3n disponible alternativamente en blanco y negro, en color, con el reverso en italiano o espa\u00f1ol) Gymsac oficial (impresi\u00f3n disponible alternativamente en blanco y negro o en color)","og_url":"https:\/\/laura4u.aboama.com\/es\/prodotto\/caja-caja-la-coleccion-de-cubierta\/","og_site_name":"Laura4u","article_modified_time":"2023-12-19T15:00:41+00:00","og_image":[{"width":1024,"height":1024,"url":"https:\/\/laura4u.aboama.com\/wp-content\/uploads\/sites\/39\/2022\/07\/LP.jpg","type":"image\/jpeg"}],"twitter_card":"summary_large_image","schema":{"@context":"https:\/\/schema.org","@graph":[{"@type":"WebPage","@id":"https:\/\/laura4u.aboama.com\/es\/prodotto\/caja-caja-la-coleccion-de-cubierta\/","url":"https:\/\/laura4u.aboama.com\/es\/prodotto\/caja-caja-la-coleccion-de-cubierta\/","name":"BOX\/CAJA - LA CUBIERTA - Colecci\u00f3n - Laura4u","isPartOf":{"@id":"https:\/\/laura4u.aboama.com\/#website"},"primaryImageOfPage":{"@id":"https:\/\/laura4u.aboama.com\/es\/prodotto\/caja-caja-la-coleccion-de-cubierta\/#primaryimage"},"image":{"@id":"https:\/\/laura4u.aboama.com\/es\/prodotto\/caja-caja-la-coleccion-de-cubierta\/#primaryimage"},"thumbnailUrl":"https:\/\/laura4u.aboama.com\/wp-content\/uploads\/sites\/39\/2022\/07\/LP.jpg","datePublished":"2022-07-23T14:15:27+00:00","dateModified":"2023-12-19T15:00:41+00:00","breadcrumb":{"@id":"https:\/\/laura4u.aboama.com\/es\/prodotto\/caja-caja-la-coleccion-de-cubierta\/#breadcrumb"},"inLanguage":"es","potentialAction":[{"@type":"ReadAction","target":["https:\/\/laura4u.aboama.com\/es\/prodotto\/caja-caja-la-coleccion-de-cubierta\/"]}]},{"@type":"ImageObject","inLanguage":"es","@id":"https:\/\/laura4u.aboama.com\/es\/prodotto\/caja-caja-la-coleccion-de-cubierta\/#primaryimage","url":"https:\/\/laura4u.aboama.com\/wp-content\/uploads\/sites\/39\/2022\/07\/LP.jpg","contentUrl":"https:\/\/laura4u.aboama.com\/wp-content\/uploads\/sites\/39\/2022\/07\/LP.jpg","width":1024,"height":1024},{"@type":"BreadcrumbList","@id":"https:\/\/laura4u.aboama.com\/es\/prodotto\/caja-caja-la-coleccion-de-cubierta\/#breadcrumb","itemListElement":[{"@type":"ListItem","position":1,"name":"Home","item":"https:\/\/laura4u.aboama.com\/es\/pagina-di-esempio\/"},{"@type":"ListItem","position":2,"name":"Shop","item":"https:\/\/laura4u.aboama.com\/negozio\/"},{"@type":"ListItem","position":3,"name":"BOX\/CAJA &#8211; LA CUBIERTA &#8211; Colecci\u00f3n"}]},{"@type":"WebSite","@id":"https:\/\/laura4u.aboama.com\/#website","url":"https:\/\/laura4u.aboama.com\/","name":"Laura4u","description":"Ink Printed In Italy","publisher":{"@id":"https:\/\/laura4u.aboama.com\/#organization"},"potentialAction":[{"@type":"SearchAction","target":{"@type":"EntryPoint","urlTemplate":"https:\/\/laura4u.aboama.com\/?s={search_term_string}"},"query-input":{"@type":"PropertyValueSpecification","valueRequired":true,"valueName":"search_term_string"}}],"inLanguage":"es"},{"@type":"Organization","@id":"https:\/\/laura4u.aboama.com\/#organization","name":"Laura4u","url":"https:\/\/laura4u.aboama.com\/","logo":{"@type":"ImageObject","inLanguage":"es","@id":"https:\/\/laura4u.aboama.com\/#\/schema\/logo\/image\/","url":"https:\/\/laura4u.aboama.com\/wp-content\/uploads\/sites\/39\/2022\/07\/cropped-LP-official-merch-copia-600x322-1.png","contentUrl":"https:\/\/laura4u.aboama.com\/wp-content\/uploads\/sites\/39\/2022\/07\/cropped-LP-official-merch-copia-600x322-1.png","width":600,"height":322,"caption":"Laura4u"},"image":{"@id":"https:\/\/laura4u.aboama.com\/#\/schema\/logo\/image\/"}}]}},"_links":{"self":[{"href":"https:\/\/laura4u.aboama.com\/es\/wp-json\/wp\/v2\/product\/35821","targetHints":{"allow":["GET"]}}],"collection":[{"href":"https:\/\/laura4u.aboama.com\/es\/wp-json\/wp\/v2\/product"}],"about":[{"href":"https:\/\/laura4u.aboama.com\/es\/wp-json\/wp\/v2\/types\/product"}],"wp:featuredmedia":[{"embeddable":true,"href":"https:\/\/laura4u.aboama.com\/es\/wp-json\/wp\/v2\/media\/33918"}],"wp:attachment":[{"href":"https:\/\/laura4u.aboama.com\/es\/wp-json\/wp\/v2\/media?parent=35821"}],"wp:term":[{"taxonomy":"product_brand","embeddable":true,"href":"https:\/\/laura4u.aboama.com\/es\/wp-json\/wp\/v2\/product_brand?post=35821"},{"taxonomy":"product_cat","embeddable":true,"href":"https:\/\/laura4u.aboama.com\/es\/wp-json\/wp\/v2\/product_cat?post=35821"},{"taxonomy":"product_tag","embeddable":true,"href":"https:\/\/laura4u.aboama.com\/es\/wp-json\/wp\/v2\/product_tag?post=35821"}],"curies":[{"name":"wp","href":"https:\/\/api.w.org\/{rel}","templated":true}]}}